{"id":6666,"date":"2024-10-18T13:11:42","date_gmt":"2024-10-18T12:11:42","guid":{"rendered":"https:\/\/www.laboratoriobarba.es\/?page_id=6666"},"modified":"2024-11-05T14:19:24","modified_gmt":"2024-11-05T13:19:24","slug":"politica-de-privacidad-y-cookies","status":"publish","type":"page","link":"https:\/\/www.laboratoriobarba.es\/?page_id=6666","title":{"rendered":"Pol\u00edtica de privacidad"},"content":{"rendered":"<p>[et_pb_section fb_built=\u00bb1&#8243; admin_label=\u00bbCourses Hero\u00bb _builder_version=\u00bb4.27.2&#8243; use_background_color_gradient=\u00bbon\u00bb background_color_gradient_stops=\u00bb#005487 0%|#0082ca 100%\u00bb background_color_gradient_start=\u00bb#474ab6&#8243; background_color_gradient_end=\u00bb#9271f6&#8243; background_image=\u00bbhttps:\/\/www.laboratoriobarba.es\/wp-content\/uploads\/2024\/09\/coding-background-texture.jpg\u00bb background_blend=\u00bboverlay\u00bb height=\u00bb50px\u00bb max_height=\u00bb50px\u00bb custom_padding=\u00bb5px|0px|0px|0px|false|false\u00bb animation_style=\u00bbslide\u00bb animation_direction=\u00bbtop\u00bb animation_intensity_slide=\u00bb2%\u00bb hover_enabled=\u00bb0&#8243; locked=\u00bboff\u00bb global_colors_info=\u00bb{}\u00bb sticky_enabled=\u00bb0&#8243;][\/et_pb_section][et_pb_section fb_built=\u00bb1&#8243; admin_label=\u00bbCourses\u00bb _builder_version=\u00bb4.16&#8243; custom_padding=\u00bb0px|0px|100px|0px\u00bb global_colors_info=\u00bb{}\u00bb][et_pb_row _builder_version=\u00bb4.16&#8243; background_size=\u00bbinitial\u00bb background_position=\u00bbtop_left\u00bb background_repeat=\u00bbrepeat\u00bb custom_margin=\u00bb|||\u00bb custom_width_px=\u00bb1280px\u00bb global_colors_info=\u00bb{}\u00bb][et_pb_column type=\u00bb4_4&#8243; _builder_version=\u00bb4.16&#8243; custom_padding=\u00bb|||\u00bb global_colors_info=\u00bb{}\u00bb custom_padding__hover=\u00bb|||\u00bb][et_pb_text _builder_version=\u00bb4.27.2&#8243; header_font=\u00bb||||||||\u00bb header_text_color=\u00bb#000000&#8243; header_line_height=\u00bb1.3em\u00bb background_size=\u00bbinitial\u00bb background_position=\u00bbtop_left\u00bb background_repeat=\u00bbrepeat\u00bb text_orientation=\u00bbcenter\u00bb background_layout=\u00bbdark\u00bb max_width=\u00bb530px\u00bb module_alignment=\u00bbcenter\u00bb custom_margin=\u00bb30px||||false|false\u00bb custom_padding=\u00bb|||\u00bb hover_enabled=\u00bb0&#8243; header_font_size_tablet=\u00bb\u00bb header_font_size_phone=\u00bb\u00bb header_font_size_last_edited=\u00bbon|desktop\u00bb locked=\u00bboff\u00bb global_colors_info=\u00bb{}\u00bb sticky_enabled=\u00bb0&#8243;]<\/p>\n<h1>Pol\u00edtica de privacidad<\/h1>\n<p>[\/et_pb_text][et_pb_divider _builder_version=\u00bb4.27.2&#8243; _module_preset=\u00bbdefault\u00bb color=\u00bb#09e1c0&#8243; divider_weight=\u00bb4px\u00bb max_width=\u00bb40px\u00bb module_alignment=\u00bbcenter\u00bb hover_enabled=\u00bb0&#8243; sticky_enabled=\u00bb0&#8243;][\/et_pb_divider][\/et_pb_column][\/et_pb_row][et_pb_row _builder_version=\u00bb4.27.2&#8243; _module_preset=\u00bbdefault\u00bb global_colors_info=\u00bb{}\u00bb][et_pb_column type=\u00bb4_4&#8243; _builder_version=\u00bb4.27.2&#8243; _module_preset=\u00bbdefault\u00bb global_colors_info=\u00bb{}\u00bb][et_pb_text _builder_version=\u00bb4.27.2&#8243; _module_preset=\u00bbdefault\u00bb hover_enabled=\u00bb0&#8243; global_colors_info=\u00bb{}\u00bb sticky_enabled=\u00bb0&#8243;]<\/p>\n<h3>Titularidad del sitio web<\/h3>\n<p><a href=\"https:\/\/www.laboratoriobarba.es\/\" target=\"_blank\" rel=\"noopener\" title=\"Laboratorio Dr. Barba\">https:\/\/www.laboratoriobarba.es\/<\/a><span>\u00a0<\/span>se crea con la finalidad de promoci\u00f3n y venta de productos ofertados por<strong><span>\u00a0<\/span>Laboratorio Dr. Barba<\/strong><\/p>\n<h3>Pol\u00edtica de privacidad y de protecci\u00f3n de datos<\/h3>\n<p>En cumplimiento de la Ley Org\u00e1nica 15\/1999 de 13 de diciembre, de Protecci\u00f3n de Datos de Car\u00e1cter Personal L.O.P.D., se informa al usuario, art\u00edculo 5 de dicha Ley, que los datos introducidos tanto en los formularios de contacto como en los de consulta y compra de nuestro site se almacenar\u00e1n en ficheros automatizados, propiedad de<span>\u00a0<strong>Laboratorio Dr. Barba<\/strong><\/span>, a los cuales se les dar\u00e1 el tratamiento estipulado por la Ley Org\u00e1nica de Protecci\u00f3n de Datos.<\/p>\n<p>La finalidad para la cual est\u00e1n destinados los formularios de contacto facilitados a lo largo del site, es la posterior puesta en contacto de la entidad con los usuarios que han realizado alg\u00fan tipo de consulta y compra por medio de los mismos.<\/p>\n<p>Los datos personales recogidos en el formulario de registro para poder realizar la consulta y compra son incorporados a la base de datos de<span>\u00a0<strong>Laboratorio Dr. Barba<\/strong><\/span>\u00a0y se utilizan \u00fanica y exclusivamente para personalizar sus posteriores visitas, para el env\u00edo publicitario y comercial de los productos y servicios de la empresa, as\u00ed como, para el perfeccionamiento de las relaciones contractuales entre<span>\u00a0<\/span><strong>Laboratorio Dr. Barba<\/strong><span>\u00a0<\/span>y los usuarios interesados en alguno de los productos y servicios ofrecidos en el site.<\/p>\n<p><strong>Laboratorio Dr. Barba<\/strong><span>\u00a0<\/span>es responsable de los ficheros y se compromete a no destinar los datos a una finalidad distinta para la cual fueron recogidos ni a ceder los mismos de forma ileg\u00edtima a terceros. Tambi\u00e9n se compromete a tratar sus datos confidencialmente y a aplicar las medidas de \u00edndole t\u00e9cnica, organizativa y de seguridad necesarias para evitar su tratamiento o acceso no autorizado seg\u00fan establece la normativa vigente en materia de protecci\u00f3n de datos.<\/p>\n<p>La cumplimentaci\u00f3n de los formularios por parte de los usuarios supone que los mismos prestan su consentimiento expreso a la recogida de sus datos por parte de<span>\u00a0<strong>Laboratorio Dr. Barba<\/strong><\/span>, y se dan por informados, sabiendo que sus datos ser\u00e1n almacenados en los ficheros propiedad de dicha empresa.<\/p>\n<p>Los titulares de los datos tienen el derecho de acceso, rectificaci\u00f3n, cancelaci\u00f3n y oposici\u00f3n de sus datos. Para ejercitar estos derechos, los titulares de los datos pueden dirigir una petici\u00f3n escrita adjuntando fotocopia del DNI por correo postal a las direcciones:<\/p>\n<p><strong>Laboratorio Dr. Barba<\/strong><\/p>\n<p><strong>Calle Puerto Linera 14. 28935 \u2013 M\u00f3stoles (Madrid)<\/strong><\/p>\n<p><b><strong>Telf. 913 64 58 35<\/strong><\/b><\/p>\n<p>O bien dirigirse a la direcci\u00f3n de contacto pedidos clientes@laboratoriobarba.es<\/p>\n<p>Los usuarios responder\u00e1n, en cualquier caso, de la veracidad de los datos facilitados, reserv\u00e1ndose la Entidad el derecho a excluir de los servicios registrados a todo usuario que haya facilitado datos falsos o err\u00f3neos, sin perjuicio de las dem\u00e1s acciones que procedan en Derecho.<\/p>\n<p>La presente Pol\u00edtica de Privacidad puede ser modificada atendiendo escrupulosamente tanto a posibles cambios legislativos que se produzcan, como a las directrices emanadas de la Agencia Espa\u00f1ola de Protecci\u00f3n de Datos.<\/p>\n<p>Se informa que el sitio<span>\u00a0<\/span><a href=\"https:\/\/laboratoriobarba.es\/\" target=\"_blank\" rel=\"noopener\" title=\"Laboratorio Dr. Barba\">https:\/\/www.laboratoriobarba.es\/<\/a><span>\u00a0<\/span>\u00a0no est\u00e1 adherido a ning\u00fan c\u00f3digo de conducta, tanto propio como ajeno. En lo sucesivo, esta adhesi\u00f3n podr\u00e1 ser modificada por voluntad propia de<span>\u00a0<\/span><strong>Laboratorio Dr. Barba<\/strong>\u00a0sin mediar comunicaci\u00f3n expresa por escrito con sus usuarios.<\/p>\n<p>[\/et_pb_text][\/et_pb_column][\/et_pb_row][\/et_pb_section]<\/p>\n","protected":false},"excerpt":{"rendered":"<p>Pol\u00edtica de privacidadTitularidad del sitio web https:\/\/www.laboratoriobarba.es\/\u00a0se crea con la finalidad de promoci\u00f3n y venta de productos ofertados por\u00a0Laboratorio Dr. Barba Pol\u00edtica de privacidad y de protecci\u00f3n de datos En cumplimiento de la Ley Org\u00e1nica 15\/1999 de 13 de diciembre, de Protecci\u00f3n de Datos de Car\u00e1cter Personal L.O.P.D., se informa al usuario, art\u00edculo 5 de [&hellip;]<\/p>\n","protected":false},"author":5,"featured_media":0,"parent":0,"menu_order":0,"comment_status":"closed","ping_status":"closed","template":"","meta":{"_et_pb_use_builder":"on","_et_pb_old_content":"","_et_gb_content_width":"","footnotes":""},"class_list":["post-6666","page","type-page","status-publish","hentry"],"_links":{"self":[{"href":"https:\/\/www.laboratoriobarba.es\/index.php?rest_route=\/wp\/v2\/pages\/6666","targetHints":{"allow":["GET"]}}],"collection":[{"href":"https:\/\/www.laboratoriobarba.es\/index.php?rest_route=\/wp\/v2\/pages"}],"about":[{"href":"https:\/\/www.laboratoriobarba.es\/index.php?rest_route=\/wp\/v2\/types\/page"}],"author":[{"embeddable":true,"href":"https:\/\/www.laboratoriobarba.es\/index.php?rest_route=\/wp\/v2\/users\/5"}],"replies":[{"embeddable":true,"href":"https:\/\/www.laboratoriobarba.es\/index.php?rest_route=%2Fwp%2Fv2%2Fcomments&post=6666"}],"version-history":[{"count":10,"href":"https:\/\/www.laboratoriobarba.es\/index.php?rest_route=\/wp\/v2\/pages\/6666\/revisions"}],"predecessor-version":[{"id":7967,"href":"https:\/\/www.laboratoriobarba.es\/index.php?rest_route=\/wp\/v2\/pages\/6666\/revisions\/7967"}],"wp:attachment":[{"href":"https:\/\/www.laboratoriobarba.es\/index.php?rest_route=%2Fwp%2Fv2%2Fmedia&parent=6666"}],"curies":[{"name":"wp","href":"https:\/\/api.w.org\/{rel}","templated":true}]}}