{"id":7873,"date":"2024-11-04T17:54:40","date_gmt":"2024-11-04T16:54:40","guid":{"rendered":"https:\/\/www.laboratoriobarba.es\/?page_id=7873"},"modified":"2024-11-14T14:44:10","modified_gmt":"2024-11-14T13:44:10","slug":"preguntas-frecuentes","status":"publish","type":"page","link":"https:\/\/www.laboratoriobarba.es\/?page_id=7873","title":{"rendered":"Preguntas frecuentes"},"content":{"rendered":"<p>[et_pb_section fb_built=\u00bb1&#8243; _builder_version=\u00bb4.27.2&#8243; _module_preset=\u00bbdefault\u00bb use_background_color_gradient=\u00bbon\u00bb background_color_gradient_stops=\u00bb#005487 0%|#0082ca 100%\u00bb background_image=\u00bbhttps:\/\/www.laboratoriobarba.es\/wp-content\/uploads\/2024\/08\/IMG_2054-scaled.jpg\u00bb background_blend=\u00bbsoft-light\u00bb global_colors_info=\u00bb{}\u00bb][et_pb_row _builder_version=\u00bb4.27.2&#8243; _module_preset=\u00bbdefault\u00bb global_colors_info=\u00bb{}\u00bb][et_pb_column type=\u00bb4_4&#8243; _builder_version=\u00bb4.27.2&#8243; _module_preset=\u00bbdefault\u00bb global_colors_info=\u00bb{}\u00bb][\/et_pb_column][\/et_pb_row][\/et_pb_section][et_pb_section fb_built=\u00bb1&#8243; _builder_version=\u00bb4.27.2&#8243; _module_preset=\u00bbdefault\u00bb global_colors_info=\u00bb{}\u00bb][et_pb_row _builder_version=\u00bb4.27.2&#8243; _module_preset=\u00bbdefault\u00bb global_colors_info=\u00bb{}\u00bb][et_pb_column type=\u00bb4_4&#8243; _builder_version=\u00bb4.27.2&#8243; _module_preset=\u00bbdefault\u00bb global_colors_info=\u00bb{}\u00bb][et_pb_heading title=\u00bbPreguntas frecuentes\u00bb _builder_version=\u00bb4.27.2&#8243; _module_preset=\u00bbdefault\u00bb title_font=\u00bbRubik|500|||||||\u00bb title_text_align=\u00bbcenter\u00bb title_text_color=\u00bb#005487&#8243; title_font_size=\u00bb36px\u00bb global_colors_info=\u00bb{}\u00bb][\/et_pb_heading][et_pb_divider color=\u00bb#09e1c0&#8243; divider_weight=\u00bb4px\u00bb _builder_version=\u00bb4.27.2&#8243; _module_preset=\u00bbdefault\u00bb max_width=\u00bb40px\u00bb module_alignment=\u00bbcenter\u00bb global_colors_info=\u00bb{}\u00bb][\/et_pb_divider][\/et_pb_column][\/et_pb_row][et_pb_row _builder_version=\u00bb4.27.2&#8243; _module_preset=\u00bbdefault\u00bb custom_margin=\u00bb||50px||false|false\u00bb global_colors_info=\u00bb{}\u00bb][et_pb_column type=\u00bb4_4&#8243; _builder_version=\u00bb4.27.2&#8243; _module_preset=\u00bbdefault\u00bb global_colors_info=\u00bb{}\u00bb][et_pb_toggle title=\u00bb\u00bfQu\u00e9 muestras son adecuadas para realizar con PCR?\u00bb open_toggle_text_color=\u00bb#005487&#8243; icon_color=\u00bb#005487&#8243; toggle_icon=\u00bb&#x50;||divi||400&#8243; open_icon_color=\u00bb#005487&#8243; open_toggle_icon=\u00bb&#xe04f;||divi||400&#8243; _builder_version=\u00bb4.27.3&#8243; _module_preset=\u00bbdefault\u00bb title_text_color=\u00bb#000000&#8243; title_font=\u00bbRubik|500|||||||\u00bb hover_enabled=\u00bb0&#8243; global_colors_info=\u00bb{}\u00bb open=\u00bbon\u00bb sticky_enabled=\u00bb0&#8243;]<\/p>\n<p><span>El material de muestra para PCR depende del pat\u00f3geno que se quiera detectar y la presencia o no de s\u00edntomas. Dependiendo de la diseminaci\u00f3n y distribuci\u00f3n del pat\u00f3geno en el cuerpo as\u00ed como de su eliminaci\u00f3n, son adecuados distintos tipos de muestras.<\/span><\/p>\n<p><span>Los pat\u00f3genos que causan viremia, parasitemia o bacteriemia se pueden detectar directamente en una muestra de sangre EDTA en esta etapa de la infecci\u00f3n. La heparina de litio como anticoagulante es menos adecuada, ya que puede inhibir la PCR. Para muestras de sangre, as\u00ed como para otros l\u00edquidos, se requiere una cantidad de al menos 0,2 ml.<\/span><\/p>\n<p><span>A diferencia del examen bacteriol\u00f3gico\/micol\u00f3gico, se recomiendan hisopos est\u00e9riles sin medio de transporte para los ex\u00e1menes de PCR. Esto se debe a que si hay una baja concentraci\u00f3n de pat\u00f3genos, puede haber resultados falsos negativos en muestras enviadas con medio. Los hisopos se pueden humedecer con soluci\u00f3n salina fisiol\u00f3gica para tomar las muestras. Tambi\u00e9n son adecuados para los ex\u00e1menes de PCR los llamados citoceps (hisopos de cepillo), que se pueden enviar en un tubo est\u00e9ril sin recubrimiento.<\/span><\/p>\n<p><span>Para la detecci\u00f3n de pat\u00f3genos en heces, se requieren cantidades de muestra del tama\u00f1o de una avellana aproximadamente. Para algunos pat\u00f3genos (por ejemplo, coronavirus, Tritrichomonas foetus) recomendamos recoger muestras durante 3 d\u00edas, ya que estos pat\u00f3genos se excretan intermitentemente con las heces.<\/span><\/p>\n<p><span>Otros materiales de muestra como biopsias de piel, \u00f3rganos, orina, l\u00edquido sinovial, l\u00edquido cefalorraqu\u00eddeo, m\u00e9dula \u00f3sea y linfonodos, deben enviarse mejor en recipientes de muestra est\u00e9riles y sin aditivos, para realizar ex\u00e1menes de PCR. Las soluciones de fijaci\u00f3n como la formalina o similar pueden conducir a la degradaci\u00f3n del ADN, la inhibici\u00f3n de la PCR y, por lo tanto, a resultados negativos falsos.<\/span><\/p>\n<p>[\/et_pb_toggle][et_pb_toggle title=\u00bb\u00bfC\u00f3mo debo identificar las muestras para enviar al laboratorio?\u00bb open_toggle_text_color=\u00bb#005487&#8243; icon_color=\u00bb#005487&#8243; toggle_icon=\u00bb&#x50;||divi||400&#8243; open_icon_color=\u00bb#005487&#8243; open_toggle_icon=\u00bb&#xe04f;||divi||400&#8243; _builder_version=\u00bb4.27.2&#8243; _module_preset=\u00bbdefault\u00bb title_text_color=\u00bb#000000&#8243; title_font=\u00bbRubik|500|||||||\u00bb global_colors_info=\u00bb{}\u00bb]<\/p>\n<ul>\n<li><span>Pegue una de las pegatinas que le habremos enviado en la bolsa donde ir\u00e1 la muestra.<\/span><\/li>\n<li><span>Introduzca la muestra en la bolsa con el nombre del animal.<\/span><\/li>\n<li><span>La bolsa deber\u00e1 contener la muestra de un \u00fanico animal.<\/span><\/li>\n<\/ul>\n<p>[\/et_pb_toggle][et_pb_toggle title=\u00bb\u00bfC\u00f3mo gestiono el env\u00edo de la muestra al laboratorio?\u00bb open_toggle_text_color=\u00bb#005487&#8243; icon_color=\u00bb#005487&#8243; toggle_icon=\u00bb&#x50;||divi||400&#8243; open_icon_color=\u00bb#005487&#8243; open_toggle_icon=\u00bb&#xe04f;||divi||400&#8243; _builder_version=\u00bb4.27.3&#8243; _module_preset=\u00bbdefault\u00bb title_text_color=\u00bb#000000&#8243; title_font=\u00bbRubik|500|||||||\u00bb hover_enabled=\u00bb0&#8243; global_colors_info=\u00bb{}\u00bb sticky_enabled=\u00bb0&#8243;]<\/p>\n<p>Nosotros nos encargamos de recoger la muestra en la direcci\u00f3n que nos indique. Una vez tenga la muestra recogida, p\u00f3ngase en contacto con nosotros para que vayamos a por ella, la forma m\u00e1s efectiva es a trav\u00e9s de una llamada.. La muestra llegar\u00e1 a nuestro laboratorio al d\u00eda siguiente de la petici\u00f3n.<\/p>\n<p>[\/et_pb_toggle][et_pb_toggle title=\u00bb\u00bfEs necesario enviar las muestras refrigeradas?\u00bb open_toggle_text_color=\u00bb#005487&#8243; icon_color=\u00bb#005487&#8243; toggle_icon=\u00bb&#x50;||divi||400&#8243; open_icon_color=\u00bb#005487&#8243; open_toggle_icon=\u00bb&#xe04f;||divi||400&#8243; _builder_version=\u00bb4.27.2&#8243; _module_preset=\u00bbdefault\u00bb title_text_color=\u00bb#000000&#8243; title_font=\u00bbRubik|500|||||||\u00bb global_colors_info=\u00bb{}\u00bb]<\/p>\n<p><span><strong>No es necesario enviar las muestras refrigeradas<\/strong>. Hasta el momento de ser enviadas, pueden guardarse en la nevera a 2-8\u00b0C. Se debe evitar en lo m\u00e1ximo posible estar refrigerando y atemperando las muestras.<\/span><\/p>\n<p>[\/et_pb_toggle][et_pb_toggle title=\u00bb\u00bfC\u00f3mo realizar correctamente un frotis bucal?\u00bb open_toggle_text_color=\u00bb#005487&#8243; icon_color=\u00bb#005487&#8243; toggle_icon=\u00bb&#x50;||divi||400&#8243; open_icon_color=\u00bb#005487&#8243; open_toggle_icon=\u00bb&#xe04f;||divi||400&#8243; _builder_version=\u00bb4.27.2&#8243; _module_preset=\u00bbdefault\u00bb title_text_color=\u00bb#000000&#8243; title_font=\u00bbRubik|500|||||||\u00bb global_colors_info=\u00bb{}\u00bb]<\/p>\n<p><span>En la toma de muestra<\/span><strong><span>\u00a0<\/span>se debe frotar fuertemente con la torunda en la mucosa oral<\/strong><span>\u00a0(entre la enc\u00eda y los laterales de la boca), para asegurar que se adhieran suficientes c\u00e9lulas al hisopo. No es posible realizar un test g\u00e9netico si no se arrastra suficiente material gen\u00e9tico<\/span><\/p>\n<p>[\/et_pb_toggle][et_pb_toggle title=\u00bb\u00bfCu\u00e1nto tiempo puede pasar desde que se toma una muestra hasta que se env\u00eda?\u00bb open_toggle_text_color=\u00bb#005487&#8243; open_toggle_background_color=\u00bbRGBA(255,255,255,0)\u00bb icon_color=\u00bb#005487&#8243; toggle_icon=\u00bb&#x50;||divi||400&#8243; open_icon_color=\u00bb#005487&#8243; _builder_version=\u00bb4.27.2&#8243; _module_preset=\u00bbdefault\u00bb title_text_color=\u00bb#000000&#8243; title_font=\u00bbRubik|500|||||||\u00bb global_colors_info=\u00bb{}\u00bb]<\/p>\n<p>Las muestras deben mandarse al laboratorio lo antes posible, por lo que es importante que se env\u00eden el mismo d\u00eda de la toma.<\/p>\n<p>[\/et_pb_toggle][et_pb_toggle title=\u00bb\u00bfQu\u00e9 material es adecuado para el estudio gen\u00e9tico de enfermedades hereditarias?\u00bb open_toggle_text_color=\u00bb#005487&#8243; icon_color=\u00bb#005487&#8243; toggle_icon=\u00bb&#x50;||divi||400&#8243; open_icon_color=\u00bb#005487&#8243; open_toggle_icon=\u00bb&#xe04f;||divi||400&#8243; _builder_version=\u00bb4.27.2&#8243; _module_preset=\u00bbdefault\u00bb title_text_color=\u00bb#000000&#8243; title_font=\u00bbRubik|500|||||||\u00bb global_colors_info=\u00bb{}\u00bb]<\/p>\n<p><span>Para realizar una prueba por PCR, el ADN del animal es siempre la base. Una muestra de sangre en EDTA (0,5 \u2013 1 ml) es la m\u00e1s adecuada para purificar el ADN, ya que hay una gran cantidad de material celular del animal.<\/span><\/p>\n<p><span>Tambi\u00e9n es posible el uso de dos frotis de la mucosa (o un e-swab). Para ello debe realizarse un frotis bucal, frotando vigorosamente un hisopo de algod\u00f3n est\u00e9ril en el interior de la mejilla del animal. El hisopo debe secarse despu\u00e9s para evitar la formaci\u00f3n de moho y enviarse en un tubo sin medio (sin l\u00edquidos ni agar).<\/span><\/p>\n<p><span>Cuando utilice hisopos, aseg\u00farese de que el animal no ha comido durante 1-2 horas antes y no ha tenido contacto con otros animales para evitar posibles contaminaciones, ya que podr\u00eda afectar en el resultado de la prueba.<\/span><\/p>\n<p>[\/et_pb_toggle][\/et_pb_column][\/et_pb_row][\/et_pb_section]<\/p>\n","protected":false},"excerpt":{"rendered":"<p>El material de muestra para PCR depende del pat\u00f3geno que se quiera detectar y la presencia o no de s\u00edntomas. Dependiendo de la diseminaci\u00f3n y distribuci\u00f3n del pat\u00f3geno en el cuerpo as\u00ed como de su eliminaci\u00f3n, son adecuados distintos tipos de muestras. Los pat\u00f3genos que causan viremia, parasitemia o bacteriemia se pueden detectar directamente en [&hellip;]<\/p>\n","protected":false},"author":5,"featured_media":0,"parent":0,"menu_order":0,"comment_status":"closed","ping_status":"closed","template":"","meta":{"_et_pb_use_builder":"on","_et_pb_old_content":"","_et_gb_content_width":"","footnotes":""},"class_list":["post-7873","page","type-page","status-publish","hentry"],"_links":{"self":[{"href":"https:\/\/www.laboratoriobarba.es\/index.php?rest_route=\/wp\/v2\/pages\/7873","targetHints":{"allow":["GET"]}}],"collection":[{"href":"https:\/\/www.laboratoriobarba.es\/index.php?rest_route=\/wp\/v2\/pages"}],"about":[{"href":"https:\/\/www.laboratoriobarba.es\/index.php?rest_route=\/wp\/v2\/types\/page"}],"author":[{"embeddable":true,"href":"https:\/\/www.laboratoriobarba.es\/index.php?rest_route=\/wp\/v2\/users\/5"}],"replies":[{"embeddable":true,"href":"https:\/\/www.laboratoriobarba.es\/index.php?rest_route=%2Fwp%2Fv2%2Fcomments&post=7873"}],"version-history":[{"count":18,"href":"https:\/\/www.laboratoriobarba.es\/index.php?rest_route=\/wp\/v2\/pages\/7873\/revisions"}],"predecessor-version":[{"id":8377,"href":"https:\/\/www.laboratoriobarba.es\/index.php?rest_route=\/wp\/v2\/pages\/7873\/revisions\/8377"}],"wp:attachment":[{"href":"https:\/\/www.laboratoriobarba.es\/index.php?rest_route=%2Fwp%2Fv2%2Fmedia&parent=7873"}],"curies":[{"name":"wp","href":"https:\/\/api.w.org\/{rel}","templated":true}]}}