{"id":7972,"date":"2024-11-05T15:20:49","date_gmt":"2024-11-05T14:20:49","guid":{"rendered":"https:\/\/www.laboratoriobarba.es\/?page_id=7972"},"modified":"2024-11-06T14:18:45","modified_gmt":"2024-11-06T13:18:45","slug":"7972-2","status":"publish","type":"page","link":"https:\/\/www.laboratoriobarba.es\/?page_id=7972","title":{"rendered":"Aviso Legal"},"content":{"rendered":"<p>[et_pb_section fb_built=\u00bb1&#8243; _builder_version=\u00bb4.27.2&#8243; _module_preset=\u00bbdefault\u00bb use_background_color_gradient=\u00bbon\u00bb background_color_gradient_stops=\u00bb#005487 0%|#0082ca 100%\u00bb height=\u00bb50px\u00bb max_height=\u00bb50px\u00bb custom_padding=\u00bb5px||0px||false|false\u00bb global_colors_info=\u00bb{}\u00bb][\/et_pb_section][et_pb_section fb_built=\u00bb1&#8243; _builder_version=\u00bb4.27.2&#8243; _module_preset=\u00bbdefault\u00bb global_colors_info=\u00bb{}\u00bb][et_pb_row _builder_version=\u00bb4.27.2&#8243; _module_preset=\u00bbdefault\u00bb global_colors_info=\u00bb{}\u00bb][et_pb_column type=\u00bb4_4&#8243; _builder_version=\u00bb4.27.2&#8243; _module_preset=\u00bbdefault\u00bb global_colors_info=\u00bb{}\u00bb][et_pb_heading title=\u00bbAviso legal\u00bb _builder_version=\u00bb4.27.2&#8243; _module_preset=\u00bbdefault\u00bb title_text_align=\u00bbcenter\u00bb global_colors_info=\u00bb{}\u00bb][\/et_pb_heading][et_pb_divider color=\u00bb#09e1c0&#8243; divider_weight=\u00bb4px\u00bb _builder_version=\u00bb4.27.2&#8243; _module_preset=\u00bbdefault\u00bb max_width=\u00bb40px\u00bb module_alignment=\u00bbcenter\u00bb global_colors_info=\u00bb{}\u00bb][\/et_pb_divider][et_pb_text _builder_version=\u00bb4.27.2&#8243; _module_preset=\u00bbdefault\u00bb hover_enabled=\u00bb0&#8243; global_colors_info=\u00bb{}\u00bb sticky_enabled=\u00bb0&#8243;]<\/p>\n<p>El presente Aviso Legal regula las Condiciones Generales de uso del sitio web de Internet <a href=\"https:\/\/www.laboratoriobarba.es\/\" target=\"_blank\" rel=\"noopener\" title=\"Laboratorio Dr. Barba\">https:\/\/www.laboratoriobarba.es\/<\/a> que JUAN CARLOS BARBA CARRETERO, SLNE, con direcci\u00f3n fiscal en CALLE PUERTO LINERA, 14 28935 M\u00d3STOLES (MADRID), NIF B-85596062\u00a0 y n\u00famero de incripci\u00f3n en el Registro Mercantil. 2008\/4716, pone a su disposici\u00f3n como usuario (el \u201cUsuario\u201d),<\/p>\n<p>La utilizaci\u00f3n del Sitio Web supone la aceptaci\u00f3n plena por el Usuario de todas las Condiciones Generales de Uso del Sitio Web vigentes en cada momento en que el Usuario acceda al mismo, por lo que si \u00e9ste no est\u00e1 de acuerdo con cualquiera de las condiciones aqu\u00ed establecidas, no deber\u00e1 usar este Sitio Web. Laboratorio Dr. Barba se reserva el derecho de modificar en cualquier momento las presentes Condiciones Generales de Uso del Sitio Web as\u00ed como cualesquiera otras condiciones generales o particulares, reglamentos de uso, instrucciones o avisos que resulten de aplicaci\u00f3n. Asimismo, Laboratorio Dr. Barba se reserva el derecho de suspender, interrumpir o dejar de operar el Sitio Web en cualquier momento.<\/p>\n<p>Los servicios ofrecidos en el Sitio Web se dirigen a residentes en Espa\u00f1a. Todas aquellas personas f\u00edsicas o jur\u00eddicas residentes o domiciliadas en otros pa\u00edses de la Uni\u00f3n Europea o fuera de la Uni\u00f3n Europea deber\u00e1n asegurarse que el acceso y uso del Sitio Web y\/o de su contenido les est\u00e1 permitido de conformidad con su propia legislaci\u00f3n. En cualquier caso, el acceso y uso del Sitio Web por parte de un Usuario que no cumpla con el requisito de residencia en Espa\u00f1a se entender\u00e1 realizado bajo su exclusiva responsabilidad, exonerando a Laboratorio Dr. Barba de cualquier responsabilidad en la medida en que as\u00ed lo permita la legislaci\u00f3n aplicable.<\/p>\n<h4>1. OBJETO<\/h4>\n<p>A trav\u00e9s del Sitio Web, Laboratorio Dr. Barba facilita a los Usuarios el acceso a diversos contenidos, informaci\u00f3n y datos (los \u201cContenidos\u201d) puestos a su disposici\u00f3n por Laboratorio Dr. Barba, por terceros proveedores de servicios y contenidos. Laboratorio Dr. Barba y dichas entidades se reservan el derecho de modificar en cualquier momento la presentaci\u00f3n (incluyendo el \u201clook-and-feel\u201d), configuraci\u00f3n y localizaci\u00f3n del Sitio Web, as\u00ed como los Contenidos y las condiciones requeridas para utilizar los mismos. Dentro de los referidos Contenidos existe un \u00e1rea de acceso restringido a Usuarios que se hayan registrado previamente (los \u201cUsuarios Registrados\u201d), cuyo acceso y uso queda sujeto a las condiciones previstas en el apartado 3 del presente documento.<\/p>\n<h4>2. CONDICIONES DE ACCESO Y UTILIZACI\u00d3N DEL SITIO WEB<\/h4>\n<p>2.1. El acceso al Sitio Web y\/o a los Contenidos incluidos en el mismo no implica ning\u00fan tipo de garant\u00eda respecto a la idoneidad del Sitio Web y\/o de los Contenidos incluidos en el mismo para fines particulares o espec\u00edficos de los Usuarios. Laboratorio Dr. Barba podr\u00e1 establecer limitaciones y\/o condiciones adicionales para el uso y\/o acceso al Sitio Web y\/o a los Contenidos, las cuales deber\u00e1n ser observadas por los Usuarios en todo caso.<\/p>\n<p>2.2. El Usuario se compromete a hacer un uso adecuado y l\u00edcito del Sitio Web y de los Contenidos, de conformidad con la legislaci\u00f3n aplicable, las presentes Condiciones de Uso del Sitio Web, la moral y las buenas costumbres generalmente aceptadas y el orden p\u00fablico. El Usuario deber\u00e1 abstenerse de (i) hacer un uso no autorizado o fraudulento del Sitio Web y\/o de los Contenidos; (ii) acceder o intentar acceder a recursos o \u00e1reas restringidas del Sitio Web, sin cumplir las condiciones exigidas para dicho acceso; (iii) utilizar el Sitio Web y\/o los Contenidos con fines o efectos il\u00edcitos, ilegales, contrarios a lo establecido en las presentes Condiciones Generales, a la buena fe y al orden p\u00fablico, lesivos de los derechos e intereses de terceros, o que de cualquier forma puedan da\u00f1ar, inutilizar o sobrecargar el Sitio Web o impedir la normal utilizaci\u00f3n o disfrute del Sitio Web; (iv) provocar da\u00f1os en los sistemas f\u00edsicos o l\u00f3gicos de Laboratorio Dr. Barba, de sus proveedores o de terceros; (v) introducir o difundir en la red virus inform\u00e1ticos o cualesquiera otros sistemas f\u00edsicos o l\u00f3gicos que sean susceptibles de provocar da\u00f1os en los sistemas f\u00edsicos o l\u00f3gicos de Laboratorio Dr. Barba, de sus proveedores o de terceros, (vi) intentar acceder, utilizar y\/o manipular los datos, (vii) reproducir o copiar, distribuir, permitir el acceso del p\u00fablico a trav\u00e9s de cualquier modalidad de comunicaci\u00f3n p\u00fablica, transformar o modificar los Contenidos, a menos que se cuente con la autorizaci\u00f3n del titular de los correspondientes derechos o ello resulte legalmente permitido; (viii) suprimir, ocultar o manipular las notas sobre derechos de propiedad intelectual o industrial y dem\u00e1s datos identificativos de los derechos de Laboratorio Dr. Barba o de terceros incorporados a los Contenidos, as\u00ed como los dispositivos t\u00e9cnicos de protecci\u00f3n o cualesquiera mecanismos de informaci\u00f3n que puedan insertarse en los Contenidos; (ix) obtener e intentar obtener los Contenidos empleando para ello medios o procedimientos distintos de los que, seg\u00fan los casos, se hayan puesto a su disposici\u00f3n a este efecto o se hayan indicado expresamente en las p\u00e1ginas web donde se encuentren los Contenidos o, en general, de los que se empleen habitualmente en Internet por no entra\u00f1ar un riesgo de da\u00f1o o inutilizaci\u00f3n del Sitio Web y\/o de los Contenidos.<\/p>\n<p>2.3. Aquellos Usuarios que deseen establecer un hiperv\u00ednculo, enlace o link entre su sitio web y el Sitio Web (el \u201cLink\u201d) deber\u00e1n obtener la autorizaci\u00f3n previa de Laboratorio Dr. Barba, presentando una solicitud a la siguiente direcci\u00f3n de correo electr\u00f3nico <a href=\"mailto:clientes@lbbarba.es\" target=\"_blank\" rel=\"noopener\" title=\"clientes@lbbarba.es\">clientes@lbbarba.es<\/a>, quedando sujeto al cumplimiento de las siguientes obligaciones: (i) el Link \u00fanicamente permitir\u00e1 el acceso al Sitio Web, pero no podr\u00e1 reproducirlo de ninguna forma; (ii) no se establecer\u00e1n Links con otras p\u00e1ginas distintas de la p\u00e1gina principal (\u201chomepage\u201d) del Sitio Web; (iii) no se crear\u00e1 un frame ni un border environment sobre el Sitio Web; (iv) no se realizar\u00e1n manifestaciones o indicaciones falsas, inexactas o incorrectas sobre el Sitio Web; (v) no se declarar\u00e1 ni dar\u00e1 a entender que Laboratorio Dr. Barba ha supervisado o asumido de cualquier forma los contenidos o servicios ofrecidos o anunciados en el sitio web en el que se establece el Link; (vi) el sitio web en el que se establezca el Link no contendr\u00e1 ninguna marca, nombre comercial, r\u00f3tulo de establecimiento, denominaci\u00f3n, logotipo, eslogan u otros signos distintivos pertenecientes a Laboratorio Dr. Barba y\/o a terceros, sin su autorizaci\u00f3n; (vii) el sitio web en el que se establezca el Link no contendr\u00e1 informaciones o contenidos il\u00edcitos, contrarios a la moral y las buenas costumbres generalmente aceptadas y al orden p\u00fablico, o contrarios a cualesquiera derechos de terceros. El establecimiento del Link no supone en ning\u00fan caso la existencia de relaci\u00f3n alguna entre Laboratorio Dr. Barba y el propietario y\/u operador del sitio web en el que se establezca, ni el conocimiento, aceptaci\u00f3n y\/o aprobaci\u00f3n por parte de Laboratorio Dr. Barba de sus contenidos y\/o servicios. Laboratorio Dr. Barba en ning\u00fan caso responder\u00e1 de las consecuencias que pudieran derivarse de la introducci\u00f3n de Links por parte de terceros, ni de los contenidos, informaci\u00f3n y\/o servicios ofrecidos en los sitios web en los que se haya establecido el Link.<\/p>\n<h4>3. AREA DE ACCESO RESTRINGIDO<\/h4>\n<p>Para acceder y usar el \u00e1rea de acceso restringido, los Usuarios deber\u00e1n estar previamente registrados como usuarios de Laboratorio Dr. Barba o de la correspondiente entidad prestadora de servicios y utilizar las claves de las que dispongan para ello.<br \/>Los Usuarios Registrados ser\u00e1n responsables en todo momento de la custodia de su clave de acceso, asumiendo en consecuencia cualesquiera da\u00f1os y perjuicios que pudieran derivarse de su uso indebido, as\u00ed como de la cesi\u00f3n, revelaci\u00f3n o extrav\u00edo de la misma. A estos efectos, el acceso a \u00e1reas restringidas y\/o el uso de los Contenidos realizado bajo la clave de un Usuario Registrado se reputar\u00e1n realizadas por dicho Usuario Registrado, quien responder\u00e1 en todo caso de dicho acceso y uso. Los Usuarios Registrados podr\u00e1n modificar en cualquier momento su clave exclusiva mediante solicitud dirigida a Laboratorio Dr. Barba. En caso de olvido de la clave o cualquier otra circunstancia que suponga un riesgo de acceso y\/o utilizaci\u00f3n por parte de terceros no autorizados, los Usuarios Registrados deber\u00e1n comunicarlo inmediatamente a Laboratorio Dr. Barba a fin de que \u00e9sta proceda inmediatamente al bloqueo y sustituci\u00f3n de la misma.<\/p>\n<h4>4. DERECHOS DE PROPIEDAD INDUSTRIAL E INTELECTUAL<\/h4>\n<p>El Usuario reconoce y acepta que todos los derechos de propiedad industrial e intelectual sobre el Sitio Web, su c\u00f3digo fuente, dise\u00f1o, estructura de navegaci\u00f3n, bases de datos y los Contenidos y\/o cualesquiera otros elementos insertados en el Sitio Web (marcas, logotipos, nombres comerciales, textos, im\u00e1genes, gr\u00e1ficos, dise\u00f1os, sonidos, bases de datos, software, diagramas de flujo, presentaci\u00f3n, \u201clook-and-feel\u201d, audio y v\u00eddeo), pertenecen a Laboratorio Dr. Barba y\/o a terceros.<br \/>En ning\u00fan caso el acceso al Sitio Web implica ning\u00fan tipo de renuncia, transmisi\u00f3n, licencia o cesi\u00f3n total ni parcial de dichos derechos, salvo que se establezca expresamente lo contrario. Las presentes Condiciones de Uso del Sitio Web no confieren a los Usuarios ning\u00fan otro derecho de utilizaci\u00f3n, alteraci\u00f3n, explotaci\u00f3n, reproducci\u00f3n, distribuci\u00f3n o comunicaci\u00f3n p\u00fablica del Sitio Web y\/o de sus Contenidos distintos de los que expresamente se prevean para cada Contenido o en su defecto en estas Condiciones Generales. Cualquier otro uso o explotaci\u00f3n de cualesquiera derechos estar\u00e1 sujeto a la previa y expresa autorizaci\u00f3n espec\u00edficamente otorgada a tal efecto por Laboratorio Dr. Barba o el tercero titular de los derechos afectados.<\/p>\n<h4>5. COMUNICACIONES POR ESCRITO<\/h4>\n<p>Mediante el uso de este Sitio Web, el Usuario acepta que todo o parte de la informaci\u00f3n o comunicaciones que le enviemos sean electr\u00f3nicas. Cuando proceda, nos pondremos en contacto con el Usuario por correo electr\u00f3nico o le facilitaremos informaci\u00f3n colgando avisos en esta p\u00e1gina web. A efectos contractuales, el Usuario consiente en usar este medio electr\u00f3nico de comunicaci\u00f3n y reconoce que todo contrato, notificaci\u00f3n, informaci\u00f3n y dem\u00e1s comunicaciones que le enviemos de forma electr\u00f3nica cumplen con los requisitos legales de ser por escrito. Esta condici\u00f3n no afectar\u00e1 a sus derechos reconocidos por ley.<\/p>\n<h4>6. EMPLEO DE TECNOLOG\u00cdA COOKIE<\/h4>\n<p>El Usuario reconoce y acepta que Laboratorio Dr. Barba podr\u00e1 utilizar cookies cuando un Usuario navegue por el Sitio Web. El Usuario podr\u00e1 configurar su navegador para que notifique y rechace la instalaci\u00f3n de las cookies enviadas por Laboratorio Dr. Barba, sin que ello perjudique la posibilidad del Usuario de acceder a los Contenidos. Para conocer mejor el alcance del uso de cookies en el Sitio Web le recomendamos que visite nuestra Pol\u00edtica de Cookies, la cual podr\u00e1 ser modificada por Laboratorio Dr. Barba en cualquier momento.<\/p>\n<h4>7. EXCLUSI\u00d3N DE GARANT\u00cdAS Y RESPONSABILIDAD<\/h4>\n<p>Laboratorio Dr. Barba no garantiza la disponibilidad y continuidad del funcionamiento del Sitio Web o de aquellos otros sitios web con los que se haya establecido un Link. Asimismo, Laboratorio Dr. Barba no ser\u00e1 en ning\u00fan caso responsable por cualesquiera da\u00f1os y perjuicios que puedan derivarse de (i) la falta de disponibilidad o accesibilidad al Sitio Web o a aquellos otros sitios con los que se haya establecido un Link; (ii) la interrupci\u00f3n en el funcionamiento del Sitio Web o fallos inform\u00e1ticos, aver\u00edas telef\u00f3nicas, desconexiones, retrasos o bloqueos causados por deficiencias o sobrecargas en las l\u00edneas telef\u00f3nicas, en el sistema de Internet o en otros sistemas electr\u00f3nicos producidos en el curso de su funcionamiento; (iii) la falta de idoneidad del Sitio Web para las necesidades espec\u00edficas de los Usuarios y (iv) otros da\u00f1os que puedan ser causados por terceras personas mediante intromisiones no autorizadas ajenas al control de Laboratorio Dr. Barba.<br \/>Con el fin de disminuir el riesgo de introducci\u00f3n de virus en el Sitio Web, Laboratorio Dr. Barba utiliza programas de detecci\u00f3n de virus para controlar todos los Contenidos que introduce en el Sitio Web. No obstante, no garantiza la ausencia de virus ni de otros elementos en el Sitio Web introducidos por terceros que puedan producir alteraciones en los sistemas f\u00edsicos o l\u00f3gicos de los Usuarios o en los documentos electr\u00f3nicos y ficheros almacenados en sus sistemas. En consecuencia, no ser\u00e1 en ning\u00fan caso responsable de cualesquiera da\u00f1os y perjuicios de toda naturaleza que pudieran derivarse de la presencia de virus u otros elementos que puedan producir alteraciones en los sistemas f\u00edsicos o l\u00f3gicos, documentos electr\u00f3nicos o ficheros de los Usuarios.<br \/>Laboratorio Dr. Barba adopta diversas medidas de protecci\u00f3n para proteger el Sitio Web y los Contenidos contra ataques inform\u00e1ticos de terceros. No obstante, Laboratorio Dr. Barba no garantiza que terceros no autorizados no puedan tener acceso al tipo de uso del Sitio Web que hace el Usuario o las condiciones, caracter\u00edsticas y circunstancias en las cuales se realiza dicho uso. En consecuencia, no ser\u00e1 en ning\u00fan caso responsable de los da\u00f1os y perjuicios que pudieran derivarse de dicho acceso no autorizado.<\/p>\n<h4>8. LEY APLICABLE Y JURISDICCI\u00d3N<\/h4>\n<p>La prestaci\u00f3n del servicio del Sitio Web y las presentes Condiciones Generales de Uso del Sitio Web se rigen por la ley espa\u00f1ola. En la medida en que as\u00ed lo permita la ley, las partes, con renuncia expresa a cualquier otro fuero que pudiera corresponderles, acuerdan someterse a la jurisdicci\u00f3n de los Juzgados y Tribunales de la ciudad de Madrid capital.<\/p>\n<p>[\/et_pb_text][\/et_pb_column][\/et_pb_row][\/et_pb_section]<\/p>\n","protected":false},"excerpt":{"rendered":"<p>El presente Aviso Legal regula las Condiciones Generales de uso del sitio web de Internet https:\/\/www.laboratoriobarba.es\/ que JUAN CARLOS BARBA CARRETERO, SLNE, con direcci\u00f3n fiscal en CALLE PUERTO LINERA, 14 28935 M\u00d3STOLES (MADRID), NIF B-85596062\u00a0 y n\u00famero de incripci\u00f3n en el Registro Mercantil. 2008\/4716, pone a su disposici\u00f3n como usuario (el \u201cUsuario\u201d), La utilizaci\u00f3n del [&hellip;]<\/p>\n","protected":false},"author":5,"featured_media":0,"parent":0,"menu_order":0,"comment_status":"closed","ping_status":"closed","template":"","meta":{"_et_pb_use_builder":"on","_et_pb_old_content":"","_et_gb_content_width":"","footnotes":""},"class_list":["post-7972","page","type-page","status-publish","hentry"],"_links":{"self":[{"href":"https:\/\/www.laboratoriobarba.es\/index.php?rest_route=\/wp\/v2\/pages\/7972","targetHints":{"allow":["GET"]}}],"collection":[{"href":"https:\/\/www.laboratoriobarba.es\/index.php?rest_route=\/wp\/v2\/pages"}],"about":[{"href":"https:\/\/www.laboratoriobarba.es\/index.php?rest_route=\/wp\/v2\/types\/page"}],"author":[{"embeddable":true,"href":"https:\/\/www.laboratoriobarba.es\/index.php?rest_route=\/wp\/v2\/users\/5"}],"replies":[{"embeddable":true,"href":"https:\/\/www.laboratoriobarba.es\/index.php?rest_route=%2Fwp%2Fv2%2Fcomments&post=7972"}],"version-history":[{"count":7,"href":"https:\/\/www.laboratoriobarba.es\/index.php?rest_route=\/wp\/v2\/pages\/7972\/revisions"}],"predecessor-version":[{"id":8056,"href":"https:\/\/www.laboratoriobarba.es\/index.php?rest_route=\/wp\/v2\/pages\/7972\/revisions\/8056"}],"wp:attachment":[{"href":"https:\/\/www.laboratoriobarba.es\/index.php?rest_route=%2Fwp%2Fv2%2Fmedia&parent=7972"}],"curies":[{"name":"wp","href":"https:\/\/api.w.org\/{rel}","templated":true}]}}