{"id":8127,"date":"2024-11-08T16:35:06","date_gmt":"2024-11-08T15:35:06","guid":{"rendered":"https:\/\/www.laboratoriobarba.es\/?page_id=8127"},"modified":"2024-12-16T17:39:50","modified_gmt":"2024-12-16T16:39:50","slug":"pruebas-histologicas","status":"publish","type":"page","link":"https:\/\/www.laboratoriobarba.es\/?page_id=8127","title":{"rendered":"Pruebas Histol\u00f3gicas"},"content":{"rendered":"<p>[et_pb_section fb_built=\u00bb1&#8243; _builder_version=\u00bb4.27.4&#8243; _module_preset=\u00bbdefault\u00bb background_color=\u00bbRGBA(255,255,255,0)\u00bb use_background_color_gradient=\u00bbon\u00bb background_color_gradient_stops=\u00bb#005487 0%|#0082ca 100%\u00bb background_image=\u00bbhttps:\/\/www.laboratoriobarba.es\/wp-content\/uploads\/2024\/10\/Img_Laboratorio_Dr_Barba_cromosoma.jpg\u00bb background_blend=\u00bbsoft-light\u00bb animation_style=\u00bbslide\u00bb animation_intensity_slide=\u00bb0%\u00bb hover_enabled=\u00bb0&#8243; global_colors_info=\u00bb{}\u00bb sticky_enabled=\u00bb0&#8243;][et_pb_row _builder_version=\u00bb4.27.2&#8243; _module_preset=\u00bbdefault\u00bb global_colors_info=\u00bb{}\u00bb][et_pb_column type=\u00bb4_4&#8243; _builder_version=\u00bb4.27.2&#8243; _module_preset=\u00bbdefault\u00bb global_colors_info=\u00bb{}\u00bb][et_pb_heading title=\u00bbPreparaci\u00f3n y env\u00edo de muestras por tipo\u00bb _builder_version=\u00bb4.27.4&#8243; _module_preset=\u00bbdefault\u00bb title_font=\u00bbRubik|700|||||||\u00bb title_text_align=\u00bbleft\u00bb title_text_color=\u00bb#FFFFFF\u00bb title_font_size=\u00bb42px\u00bb title_line_height=\u00bb1.3em\u00bb module_alignment=\u00bbleft\u00bb global_colors_info=\u00bb{}\u00bb][\/et_pb_heading][et_pb_divider color=\u00bb#09e1c0&#8243; divider_weight=\u00bb4px\u00bb _builder_version=\u00bb4.27.3&#8243; _module_preset=\u00bbdefault\u00bb max_width=\u00bb40px\u00bb global_colors_info=\u00bb{}\u00bb][\/et_pb_divider][et_pb_text _builder_version=\u00bb4.27.3&#8243; _module_preset=\u00bbdefault\u00bb text_text_color=\u00bb#FFFFFF\u00bb text_font_size=\u00bb16px\u00bb max_width=\u00bb60%\u00bb global_colors_info=\u00bb{}\u00bb]<\/p>\n<p>El env\u00edo de espec\u00edmenes biol\u00f3gicos debe cumplir los protocolos establecidos por el servicio de mensajer\u00eda o transporte utilizado. En algunos casos, el transporte a\u00e9reo requiere el cumplimiento de la normativa de la Asociaci\u00f3n Internacional de Aviaci\u00f3n y Transporte (IATA) para materiales peligrosos.<\/p>\n<p>[\/et_pb_text][\/et_pb_column][\/et_pb_row][\/et_pb_section][et_pb_section fb_built=\u00bb1&#8243; _builder_version=\u00bb4.27.2&#8243; _module_preset=\u00bbdefault\u00bb global_colors_info=\u00bb{}\u00bb][et_pb_row _builder_version=\u00bb4.27.3&#8243; _module_preset=\u00bbdefault\u00bb custom_padding=\u00bb||||false|false\u00bb global_colors_info=\u00bb{}\u00bb][et_pb_column type=\u00bb4_4&#8243; _builder_version=\u00bb4.27.2&#8243; _module_preset=\u00bbdefault\u00bb global_colors_info=\u00bb{}\u00bb][et_pb_heading title=\u00bbPruebas Histol\u00f3gicas\u00bb _builder_version=\u00bb4.27.4&#8243; _module_preset=\u00bbdefault\u00bb title_font=\u00bbRubik|500|||||||\u00bb title_text_align=\u00bbleft\u00bb title_text_color=\u00bb#005487&#8243; title_font_size=\u00bb32px\u00bb custom_margin=\u00bb||||false|false\u00bb custom_padding=\u00bb10px||||false|false\u00bb global_colors_info=\u00bb{}\u00bb][\/et_pb_heading][et_pb_divider color=\u00bb#09e1c0&#8243; divider_weight=\u00bb4px\u00bb _builder_version=\u00bb4.27.3&#8243; _module_preset=\u00bbdefault\u00bb max_width=\u00bb40px\u00bb global_colors_info=\u00bb{}\u00bb][\/et_pb_divider][\/et_pb_column][\/et_pb_row][et_pb_row column_structure=\u00bb3_4,1_4&#8243; _builder_version=\u00bb4.27.3&#8243; _module_preset=\u00bbdefault\u00bb custom_margin=\u00bb||40px||false|false\u00bb global_colors_info=\u00bb{}\u00bb][et_pb_column type=\u00bb3_4&#8243; _builder_version=\u00bb4.27.3&#8243; _module_preset=\u00bbdefault\u00bb global_colors_info=\u00bb{}\u00bb][et_pb_blurb image=\u00bbhttps:\/\/www.laboratoriobarba.es\/wp-content\/uploads\/2024\/11\/Img_Histologia.jpg\u00bb alt=\u00bbImg. Histolog\u00eda\u00bb content_max_width=\u00bb100%\u00bb _builder_version=\u00bb4.27.3&#8243; _module_preset=\u00bbdefault\u00bb header_level=\u00bbh3&#8243; header_line_height=\u00bb2em\u00bb global_colors_info=\u00bb{}\u00bb]Los tejidos para examen microsc\u00f3pico recogidos mediante biopsia o durante la necropsia pueden ser fundamentales para obtener un diagn\u00f3stico. La inmunohistoqu\u00edmica (IHC) y otras pruebas avanzadas que pueden aplicarse a tejidos fijados en formol refuerzan a\u00fan m\u00e1s la utilidad de la evaluaci\u00f3n histol\u00f3gica como t\u00e9cnica diagn\u00f3stica.<\/p>\n<p>Los tejidos autolizados suelen ser in\u00fatiles para la evaluaci\u00f3n histol\u00f3gica; la necropsia r\u00e1pida y la toma de muestras de \u00f3rganos son fundamentales.<\/p>\n<p>Los tejidos no deben congelarse antes de la fijaci\u00f3n.<\/p>\n<p>Aparte de los tejidos del SNC, las muestras recogidas para la evaluaci\u00f3n histol\u00f3gica nunca deben tener m\u00e1s de 1 cm de grosor (preferiblemente 5-7 mm) y deben colocarse inmediatamente en \u2265 10 veces su volumen de formol al 10% tamponado con fosfato para garantizar una fijaci\u00f3n adecuada.<\/p>\n<p>Los tejidos deben ser representativos de cualquier lesi\u00f3n presente y, en el caso de las biopsias cut\u00e1neas en sacabocados y las biopsias obtenidas mediante recogida endosc\u00f3pica, estar centrados directamente en las lesiones groseramente visibles.<br \/>\nLas biopsias en cu\u00f1a o las muestras de tejido recogidas en la necropsia deben incluir parte del tejido circundante aparentemente normal; la interfaz entre el tejido normal y el anormal puede proporcionar informaci\u00f3n clave.<\/p>\n<p>Las biopsias por escisi\u00f3n de tumores peque\u00f1os (&lt; 1,5 cm) pueden cortarse por la mitad. Los tumores m\u00e1s grandes pueden cortarse en rebanadas como pan para que el formol pueda penetrar hasta la cara de cada rebanada. Alternativamente, pueden recogerse varias muestras representativas (de 7 mm de ancho, incluida la interfase de lo normal y lo anormal).<\/p>\n<p>En lugar de enviar grandes vol\u00famenes de formol, las muestras de tejido pueden fijarse internamente durante al menos 24 horas en un volumen adecuado y luego transferirse a un volumen menor de formol fresco para su env\u00edo.<\/p>\n<p>La presentaci\u00f3n de tejido almacenado en formol es aceptable en cualquier plazo, aunque la calidad de la muestra se degradar\u00e1 con el tiempo. La fijaci\u00f3n prolongada en formol puede afectar negativamente a las pruebas avanzadas; por ejemplo, no se recomienda realizar pruebas inmunohistoqu\u00edmicas con tejidos que hayan estado almacenados en formol durante m\u00e1s de 7 semanas, ya que los resultados podr\u00edan no ser v\u00e1lidos.<\/p>\n<p>Las muestras deben enviarse en recipientes irrompibles aprobados por el laboratorio con tapas de rosca y embaladas de manera que se evite su derrame o congelaci\u00f3n durante el env\u00edo (v\u00e9ase Embalaje de muestras para env\u00edo).<\/p>\n<p>&nbsp;<\/p>\n<h3 style=\"color: #005487; padding-bottom: 20px; line-height: 1.5;\"><strong>Los tejidos espec\u00edficos recogidos en la necropsia requieren una atenci\u00f3n adicional:<\/strong><\/h3>\n<ul>\n<li>Dado que la mucosa gastrointestinal se descompone r\u00e1pidamente, las secciones cortas de intestino recogidas en la necropsia deben abrirse longitudinalmente para permitir una fijaci\u00f3n adecuada.<\/li>\n<li>Si se presenta la m\u00e9dula espinal, debe practicarse una incisi\u00f3n longitudinal cuidadosa en la duramadre para permitir una penetraci\u00f3n m\u00e1s r\u00e1pida en la m\u00e9dula.<\/li>\n<li>La fijaci\u00f3n del enc\u00e9falo plantea un dilema especial, sobre todo si no se ha podido determinar antemortem la localizaci\u00f3n neuroanat\u00f3mica de las lesiones dentro del \u00f3rgano.\n<ul>\n<li>Idealmente, se requiere un cerebro entero, intacto y fijado para una evaluaci\u00f3n histol\u00f3gica completa.<\/li>\n<li>La inmersi\u00f3n del cerebro durante muchos d\u00edas en un gran volumen de formalina es necesaria para una fijaci\u00f3n adecuada; por consiguiente, los cerebros se transportan normalmente en un estado s\u00f3lo parcialmente fijado. Si el esp\u00e9cimen puede enviarse de un d\u00eda para otro, puede ser aceptable enviar un cerebro refrigerado, cuidadosamente empaquetado y sin fijar, que luego puede procesarse en el laboratorio de diagn\u00f3stico.<\/li>\n<li>A menudo, el cerebro se divide longitudinalmente por la mitad y una mitad se env\u00eda sin fijar (fresco), debidamente refrigerado, para realizar pruebas microbiol\u00f3gicas, mientras que la otra mitad se fija parcialmente durante el transporte. Este m\u00e9todo puede resultar insatisfactorio si se trata de una lesi\u00f3n unilateral solitaria. El corte del enc\u00e9falo en porciones adecuadas para una fijaci\u00f3n r\u00e1pida introduce considerables artefactos de fijaci\u00f3n y debe evitarse en la medida de lo posible; es preferible fijar el enc\u00e9falo intacto (o dividido por la mitad) en un gran volumen de formol durante &gt; 24 horas.<\/li>\n<\/ul>\n<\/li>\n<\/ul>\n<p>[\/et_pb_blurb][\/et_pb_column][et_pb_column type=\u00bb1_4&#8243; _builder_version=\u00bb4.27.2&#8243; _module_preset=\u00bbdefault\u00bb global_colors_info=\u00bb{}\u00bb][et_pb_sidebar area=\u00bbet_pb_widget_area_2&#8243; show_border=\u00bboff\u00bb _builder_version=\u00bb4.27.4&#8243; _module_preset=\u00bbdefault\u00bb header_font=\u00bbRubik|600|||||||\u00bb header_text_color=\u00bb#005487&#8243; header_font_size=\u00bb18px\u00bb header_line_height=\u00bb1.3em\u00bb body_text_color=\u00bb#4e738a\u00bb body_font_size=\u00bb14px\u00bb text_orientation=\u00bbleft\u00bb custom_margin=\u00bb-22px||||false|false\u00bb custom_padding=\u00bb||||false|false\u00bb global_colors_info=\u00bb{}\u00bb][\/et_pb_sidebar][\/et_pb_column][\/et_pb_row][\/et_pb_section]<\/p>\n","protected":false},"excerpt":{"rendered":"<p>El env\u00edo de espec\u00edmenes biol\u00f3gicos debe cumplir los protocolos establecidos por el servicio de mensajer\u00eda o transporte utilizado. En algunos casos, el transporte a\u00e9reo requiere el cumplimiento de la normativa de la Asociaci\u00f3n Internacional de Aviaci\u00f3n y Transporte (IATA) para materiales peligrosos.Los tejidos para examen microsc\u00f3pico recogidos mediante biopsia o durante la necropsia pueden ser [&hellip;]<\/p>\n","protected":false},"author":5,"featured_media":0,"parent":0,"menu_order":0,"comment_status":"closed","ping_status":"closed","template":"","meta":{"_et_pb_use_builder":"on","_et_pb_old_content":"","_et_gb_content_width":"","footnotes":""},"class_list":["post-8127","page","type-page","status-publish","hentry"],"_links":{"self":[{"href":"https:\/\/www.laboratoriobarba.es\/index.php?rest_route=\/wp\/v2\/pages\/8127","targetHints":{"allow":["GET"]}}],"collection":[{"href":"https:\/\/www.laboratoriobarba.es\/index.php?rest_route=\/wp\/v2\/pages"}],"about":[{"href":"https:\/\/www.laboratoriobarba.es\/index.php?rest_route=\/wp\/v2\/types\/page"}],"author":[{"embeddable":true,"href":"https:\/\/www.laboratoriobarba.es\/index.php?rest_route=\/wp\/v2\/users\/5"}],"replies":[{"embeddable":true,"href":"https:\/\/www.laboratoriobarba.es\/index.php?rest_route=%2Fwp%2Fv2%2Fcomments&post=8127"}],"version-history":[{"count":46,"href":"https:\/\/www.laboratoriobarba.es\/index.php?rest_route=\/wp\/v2\/pages\/8127\/revisions"}],"predecessor-version":[{"id":8886,"href":"https:\/\/www.laboratoriobarba.es\/index.php?rest_route=\/wp\/v2\/pages\/8127\/revisions\/8886"}],"wp:attachment":[{"href":"https:\/\/www.laboratoriobarba.es\/index.php?rest_route=%2Fwp%2Fv2%2Fmedia&parent=8127"}],"curies":[{"name":"wp","href":"https:\/\/api.w.org\/{rel}","templated":true}]}}