{"id":8133,"date":"2024-11-11T13:02:14","date_gmt":"2024-11-11T12:02:14","guid":{"rendered":"https:\/\/www.laboratoriobarba.es\/?page_id=8133"},"modified":"2024-11-28T12:36:32","modified_gmt":"2024-11-28T11:36:32","slug":"pruebas-microbiologicas","status":"publish","type":"page","link":"https:\/\/www.laboratoriobarba.es\/?page_id=8133","title":{"rendered":"Pruebas Microbiol\u00f3gicas"},"content":{"rendered":"<p>[et_pb_section fb_built=\u00bb1&#8243; _builder_version=\u00bb4.27.3&#8243; _module_preset=\u00bbdefault\u00bb background_color=\u00bbRGBA(255,255,255,0)\u00bb use_background_color_gradient=\u00bbon\u00bb background_color_gradient_stops=\u00bb#005487 0%|#0082ca 100%\u00bb background_image=\u00bbhttps:\/\/www.laboratoriobarba.es\/wp-content\/uploads\/2024\/10\/Img_Laboratorio_Dr_Barba_cromosoma.jpg\u00bb background_blend=\u00bbsoft-light\u00bb animation_style=\u00bbslide\u00bb animation_intensity_slide=\u00bb2%\u00bb global_colors_info=\u00bb{}\u00bb][et_pb_row _builder_version=\u00bb4.27.3&#8243; _module_preset=\u00bbdefault\u00bb custom_margin=\u00bb||||false|false\u00bb global_colors_info=\u00bb{}\u00bb][et_pb_column type=\u00bb4_4&#8243; _builder_version=\u00bb4.27.2&#8243; _module_preset=\u00bbdefault\u00bb global_colors_info=\u00bb{}\u00bb][et_pb_heading title=\u00bbPreparaci\u00f3n y env\u00edo de muestras por tipo\u00bb _builder_version=\u00bb4.27.3&#8243; _module_preset=\u00bbdefault\u00bb title_font=\u00bbRubik|600|||||||\u00bb title_text_align=\u00bbleft\u00bb title_text_color=\u00bb#FFFFFF\u00bb title_font_size=\u00bb42px\u00bb title_line_height=\u00bb1.3em\u00bb max_width=\u00bb50%\u00bb global_colors_info=\u00bb{}\u00bb][\/et_pb_heading][et_pb_divider color=\u00bb#09e1c0&#8243; divider_weight=\u00bb4px\u00bb _builder_version=\u00bb4.27.3&#8243; _module_preset=\u00bbdefault\u00bb max_width=\u00bb40px\u00bb module_alignment=\u00bbleft\u00bb global_colors_info=\u00bb{}\u00bb][\/et_pb_divider][et_pb_text _builder_version=\u00bb4.27.3&#8243; _module_preset=\u00bbdefault\u00bb text_text_color=\u00bb#FFFFFF\u00bb text_font_size=\u00bb16px\u00bb max_width=\u00bb60%\u00bb global_colors_info=\u00bb{}\u00bb]<\/p>\n<p>El env\u00edo de espec\u00edmenes biol\u00f3gicos debe cumplir los protocolos establecidos por el servicio de mensajer\u00eda o transporte utilizado. En algunos casos, el transporte a\u00e9reo requiere el cumplimiento de la normativa de la Asociaci\u00f3n Internacional de Aviaci\u00f3n y Transporte (IATA) para materiales peligrosos.<\/p>\n<p>[\/et_pb_text][\/et_pb_column][\/et_pb_row][\/et_pb_section][et_pb_section fb_built=\u00bb1&#8243; _builder_version=\u00bb4.27.2&#8243; _module_preset=\u00bbdefault\u00bb global_colors_info=\u00bb{}\u00bb][et_pb_row _builder_version=\u00bb4.27.3&#8243; _module_preset=\u00bbdefault\u00bb custom_margin=\u00bb||||false|false\u00bb custom_padding=\u00bb||||false|false\u00bb global_colors_info=\u00bb{}\u00bb][et_pb_column type=\u00bb4_4&#8243; _builder_version=\u00bb4.27.2&#8243; _module_preset=\u00bbdefault\u00bb global_colors_info=\u00bb{}\u00bb][et_pb_heading title=\u00bbPruebas Microbiol\u00f3gicas\u00bb _builder_version=\u00bb4.27.4&#8243; _module_preset=\u00bbdefault\u00bb title_font=\u00bbRubik|500|||||||\u00bb title_font_size=\u00bb32px\u00bb min_height=\u00bb51px\u00bb custom_margin=\u00bb||||false|false\u00bb custom_padding=\u00bb10px||||false|false\u00bb hover_enabled=\u00bb0&#8243; global_colors_info=\u00bb{}\u00bb title_text_color=\u00bb#005487&#8243; sticky_enabled=\u00bb0&#8243;][\/et_pb_heading][et_pb_divider color=\u00bb#09e1c0&#8243; divider_weight=\u00bb4px\u00bb _builder_version=\u00bb4.27.3&#8243; _module_preset=\u00bbdefault\u00bb max_width=\u00bb40px\u00bb module_alignment=\u00bbleft\u00bb global_colors_info=\u00bb{}\u00bb][\/et_pb_divider][\/et_pb_column][\/et_pb_row][et_pb_row column_structure=\u00bb3_4,1_4&#8243; _builder_version=\u00bb4.27.3&#8243; _module_preset=\u00bbdefault\u00bb custom_margin=\u00bb||40px||false|false\u00bb global_colors_info=\u00bb{}\u00bb][et_pb_column type=\u00bb3_4&#8243; _builder_version=\u00bb4.27.2&#8243; _module_preset=\u00bbdefault\u00bb global_colors_info=\u00bb{}\u00bb][et_pb_blurb image=\u00bbhttps:\/\/www.laboratoriobarba.es\/wp-content\/uploads\/2024\/11\/Img_Microbiologicas.jpg\u00bb alt=\u00bbImg. Microbiol\u00f3gicas\u00bb content_max_width=\u00bb100%\u00bb _builder_version=\u00bb4.27.3&#8243; _module_preset=\u00bbdefault\u00bb header_level=\u00bbh3&#8243; header_line_height=\u00bb2em\u00bb global_colors_info=\u00bb{}\u00bb]<\/p>\n<p>Cualquier agente infeccioso espec\u00edfico que se sospeche cl\u00ednicamente debe anotarse en el formulario de env\u00edo; algunos organismos tienen requisitos espec\u00edficos de crecimiento (por ejemplo, cultivo anaer\u00f3bico, medios especiales) que pueden no utilizarse rutinariamente en los laboratorios a menos que el pat\u00f3geno se haya citado como diagn\u00f3stico diferencial.<\/p>\n<p>Las t\u00e9cnicas de laboratorio y las capacidades para las pruebas microbiol\u00f3gicas var\u00edan; sin embargo, la mayor\u00eda de las pruebas se basan en el crecimiento o la visualizaci\u00f3n de organismos viables intactos o en la detecci\u00f3n de los \u00e1cidos nucleicos y las prote\u00ednas de estos pat\u00f3genos. Por lo tanto, las muestras no fijadas (tejidos, fluidos, etc.) deben recogerse de forma as\u00e9ptica y enviarse r\u00e1pidamente para evitar su degradaci\u00f3n.<\/p>\n<p>Si existe la posibilidad de realizar un cultivo microbiano de una muestra de fluido como la orina o un derrame cavitario, deber\u00e1 enviarse una al\u00edcuota separada del fluido en un recipiente est\u00e9ril y sin aditivos. Los tubos que contienen EDTA u otros conservantes suelen ser ideales para la evaluaci\u00f3n citol\u00f3gica, pero inaceptables para el cultivo.<\/p>\n<p>Si se van a realizar ensayos de PCR, es especialmente importante evitar la contaminaci\u00f3n cruzada entre varios animales de un env\u00edo; este principio se aplica a tejidos, fluidos e incluso instrumentos de disecci\u00f3n.<\/p>\n<p>Adem\u00e1s, los hisopos para el an\u00e1lisis PCR no deben colocarse en medios de transporte a base de agar o carb\u00f3n, y deben evitarse los hisopos de alginato de calcio. En su lugar, se deben enviar aplicadores est\u00e9riles con punta de algod\u00f3n o poli\u00e9ster en un tubo, ya sea secos (sin medio de transporte.<\/p>\n<p>Los requisitos para el ensayo PCR pueden variar mucho seg\u00fan la prueba PCR espec\u00edfica, por lo que se recomienda encarecidamente consultar al laboratorio receptor antes de obtener la muestra.<\/p>\n<p>Algunos protocolos de pruebas pueden permitir la agrupaci\u00f3n de muestras de \u00f3rganos de un individuo; sin embargo, en general es preferible que cada tejido se recoja en bolsas o tubos est\u00e9riles separados y claramente etiquetados para su env\u00edo. Las muestras de intestino nunca deben mezclarse en un recipiente con otras muestras de tejido.<\/p>\n<p>Los tejidos y fluidos para la mayor\u00eda de los ensayos microbiol\u00f3gicos pueden congelarse antes del env\u00edo, pero la congelaci\u00f3n no suele ser aconsejable si las muestras pueden refrigerarse y entregarse directamente en el laboratorio en las 24 horas siguientes a su recogida.<\/p>\n<p>Las excepciones a esta regla incluyen el an\u00e1lisis de ciertas toxinas, como las de Clostridium perfringens y C botulinum, en las que la degradaci\u00f3n de la toxina debe evitarse mediante la congelaci\u00f3n inmediata tras la recogida. Debe proporcionarse un refrigerante adecuado para que las muestras permanezcan refrigeradas (o congeladas) hasta que lleguen al laboratorio.<\/p>\n<p>Las muestras fecales para pruebas parasitol\u00f3gicas deben enviarse refrigeradas en recipientes adecuadamente sellados. La congelaci\u00f3n puede tener poco impacto en las pruebas rutinarias de flotaci\u00f3n o sedimentaci\u00f3n, pero anular\u00e1 la posibilidad del an\u00e1lisis de Baermann para larvas de nematodos. Los ectopar\u00e1sitos o nematodos que se env\u00eden para su identificaci\u00f3n deber\u00e1n presentarse en viales que contengan alcohol al 70%.<\/p>\n<p>[\/et_pb_blurb][\/et_pb_column][et_pb_column type=\u00bb1_4&#8243; _builder_version=\u00bb4.27.2&#8243; _module_preset=\u00bbdefault\u00bb global_colors_info=\u00bb{}\u00bb][et_pb_sidebar area=\u00bbet_pb_widget_area_2&#8243; show_border=\u00bboff\u00bb _builder_version=\u00bb4.27.3&#8243; _module_preset=\u00bbdefault\u00bb header_font=\u00bbRubik|600|||||||\u00bb header_text_color=\u00bb#005487&#8243; header_font_size=\u00bb18px\u00bb header_line_height=\u00bb1.3em\u00bb body_text_color=\u00bb#4e738a\u00bb body_font_size=\u00bb14px\u00bb custom_margin=\u00bb-22px||||false|false\u00bb global_colors_info=\u00bb{}\u00bb][\/et_pb_sidebar][\/et_pb_column][\/et_pb_row][\/et_pb_section]<\/p>\n","protected":false},"excerpt":{"rendered":"<p>El env\u00edo de espec\u00edmenes biol\u00f3gicos debe cumplir los protocolos establecidos por el servicio de mensajer\u00eda o transporte utilizado. En algunos casos, el transporte a\u00e9reo requiere el cumplimiento de la normativa de la Asociaci\u00f3n Internacional de Aviaci\u00f3n y Transporte (IATA) para materiales peligrosos.Cualquier agente infeccioso espec\u00edfico que se sospeche cl\u00ednicamente debe anotarse en el formulario de [&hellip;]<\/p>\n","protected":false},"author":5,"featured_media":0,"parent":0,"menu_order":0,"comment_status":"closed","ping_status":"closed","template":"","meta":{"_et_pb_use_builder":"on","_et_pb_old_content":"","_et_gb_content_width":"","footnotes":""},"class_list":["post-8133","page","type-page","status-publish","hentry"],"_links":{"self":[{"href":"https:\/\/www.laboratoriobarba.es\/index.php?rest_route=\/wp\/v2\/pages\/8133","targetHints":{"allow":["GET"]}}],"collection":[{"href":"https:\/\/www.laboratoriobarba.es\/index.php?rest_route=\/wp\/v2\/pages"}],"about":[{"href":"https:\/\/www.laboratoriobarba.es\/index.php?rest_route=\/wp\/v2\/types\/page"}],"author":[{"embeddable":true,"href":"https:\/\/www.laboratoriobarba.es\/index.php?rest_route=\/wp\/v2\/users\/5"}],"replies":[{"embeddable":true,"href":"https:\/\/www.laboratoriobarba.es\/index.php?rest_route=%2Fwp%2Fv2%2Fcomments&post=8133"}],"version-history":[{"count":18,"href":"https:\/\/www.laboratoriobarba.es\/index.php?rest_route=\/wp\/v2\/pages\/8133\/revisions"}],"predecessor-version":[{"id":8553,"href":"https:\/\/www.laboratoriobarba.es\/index.php?rest_route=\/wp\/v2\/pages\/8133\/revisions\/8553"}],"wp:attachment":[{"href":"https:\/\/www.laboratoriobarba.es\/index.php?rest_route=%2Fwp%2Fv2%2Fmedia&parent=8133"}],"curies":[{"name":"wp","href":"https:\/\/api.w.org\/{rel}","templated":true}]}}