{"id":8183,"date":"2024-11-11T13:54:14","date_gmt":"2024-11-11T12:54:14","guid":{"rendered":"https:\/\/www.laboratoriobarba.es\/?page_id=8183"},"modified":"2024-11-28T12:37:19","modified_gmt":"2024-11-28T11:37:19","slug":"8183-2","status":"publish","type":"page","link":"https:\/\/www.laboratoriobarba.es\/?page_id=8183","title":{"rendered":"Pruebas Toxicol\u00f3gicas"},"content":{"rendered":"<p>[et_pb_section fb_built=\u00bb1&#8243; _builder_version=\u00bb4.27.3&#8243; _module_preset=\u00bbdefault\u00bb use_background_color_gradient=\u00bbon\u00bb background_color_gradient_stops=\u00bb#005487 0%|#0082ca 100%\u00bb background_image=\u00bbhttps:\/\/www.laboratoriobarba.es\/wp-content\/uploads\/2024\/10\/Img_Laboratorio_Dr_Barba_cromosoma.jpg\u00bb background_blend=\u00bbsoft-light\u00bb animation_style=\u00bbslide\u00bb animation_intensity_slide=\u00bb2%\u00bb global_colors_info=\u00bb{}\u00bb][et_pb_row _builder_version=\u00bb4.27.3&#8243; _module_preset=\u00bbdefault\u00bb global_colors_info=\u00bb{}\u00bb][et_pb_column type=\u00bb4_4&#8243; _builder_version=\u00bb4.27.3&#8243; _module_preset=\u00bbdefault\u00bb global_colors_info=\u00bb{}\u00bb][et_pb_heading title=\u00bbPreparaci\u00f3n y env\u00edo de muestras por tipo\u00bb _builder_version=\u00bb4.27.3&#8243; _module_preset=\u00bbdefault\u00bb title_font=\u00bbRubik|600|||||||\u00bb title_text_align=\u00bbleft\u00bb title_text_color=\u00bb#FFFFFF\u00bb title_font_size=\u00bb42px\u00bb title_line_height=\u00bb1.3em\u00bb max_width=\u00bb50%\u00bb global_colors_info=\u00bb{}\u00bb][\/et_pb_heading][et_pb_divider color=\u00bb#09e1c0&#8243; divider_weight=\u00bb4px\u00bb _builder_version=\u00bb4.27.3&#8243; _module_preset=\u00bbdefault\u00bb max_width=\u00bb40px\u00bb global_colors_info=\u00bb{}\u00bb][\/et_pb_divider][et_pb_text _builder_version=\u00bb4.27.3&#8243; _module_preset=\u00bbdefault\u00bb text_text_color=\u00bb#FFFFFF\u00bb text_font_size=\u00bb16px\u00bb max_width=\u00bb60%\u00bb global_colors_info=\u00bb{}\u00bb]<\/p>\n<p>El env\u00edo de espec\u00edmenes biol\u00f3gicos debe cumplir los protocolos establecidos por el servicio de mensajer\u00eda o transporte utilizado. En algunos casos, el transporte a\u00e9reo requiere el cumplimiento de la normativa de la Asociaci\u00f3n Internacional de Aviaci\u00f3n y Transporte (IATA) para materiales peligrosos.<\/p>\n<p>[\/et_pb_text][\/et_pb_column][\/et_pb_row][\/et_pb_section][et_pb_section fb_built=\u00bb1&#8243; _builder_version=\u00bb4.27.3&#8243; _module_preset=\u00bbdefault\u00bb global_colors_info=\u00bb{}\u00bb][et_pb_row _builder_version=\u00bb4.27.3&#8243; _module_preset=\u00bbdefault\u00bb global_colors_info=\u00bb{}\u00bb][et_pb_column type=\u00bb4_4&#8243; _builder_version=\u00bb4.27.3&#8243; _module_preset=\u00bbdefault\u00bb global_colors_info=\u00bb{}\u00bb][et_pb_heading title=\u00bbPruebas Toxicol\u00f3gicas\u00bb _builder_version=\u00bb4.27.4&#8243; _module_preset=\u00bbdefault\u00bb title_font=\u00bbRubik|500|||||||\u00bb title_font_size=\u00bb32px\u00bb custom_padding=\u00bb10px||||false|false\u00bb hover_enabled=\u00bb0&#8243; global_colors_info=\u00bb{}\u00bb title_text_color=\u00bb#005487&#8243; sticky_enabled=\u00bb0&#8243;][\/et_pb_heading][et_pb_divider color=\u00bb#09e1c0&#8243; divider_weight=\u00bb4px\u00bb _builder_version=\u00bb4.27.3&#8243; _module_preset=\u00bbdefault\u00bb max_width=\u00bb40px\u00bb global_colors_info=\u00bb{}\u00bb min_height=\u00bb18.8px\u00bb][\/et_pb_divider][\/et_pb_column][\/et_pb_row][et_pb_row column_structure=\u00bb3_4,1_4&#8243; _builder_version=\u00bb4.27.3&#8243; _module_preset=\u00bbdefault\u00bb custom_margin=\u00bb||40px||false|false\u00bb global_colors_info=\u00bb{}\u00bb][et_pb_column type=\u00bb3_4&#8243; _builder_version=\u00bb4.27.3&#8243; _module_preset=\u00bbdefault\u00bb global_colors_info=\u00bb{}\u00bb][et_pb_blurb image=\u00bbhttps:\/\/www.laboratoriobarba.es\/wp-content\/uploads\/2024\/11\/Img_Toxicologica.jpg\u00bb alt=\u00bbImg. Toxicol\u00f3gica\u00bb content_max_width=\u00bb100%\u00bb _builder_version=\u00bb4.27.3&#8243; _module_preset=\u00bbdefault\u00bb global_colors_info=\u00bb{}\u00bb]<\/p>\n<p>Si se sospecha de una toxina conocida, siempre debe solicitarse un an\u00e1lisis espec\u00edfico: los laboratorios no pueden limitarse a \u00abcomprobar si hay envenenamiento\u00bb. Una descripci\u00f3n completa de los hallazgos cl\u00ednicos y epidemiol\u00f3gicos puede ayudar a diferenciar el envenenamiento de las enfermedades infecciosas que imitan el envenenamiento.<\/p>\n<p>Las muestras m\u00e1s cr\u00edticas que deben recogerse suelen ser las siguientes<\/p>\n<ul>\n<li>contenido g\u00e1strico<\/li>\n<li>h\u00edgado<\/li>\n<li>ri\u00f1\u00f3n<\/li>\n<li>sangre entera<\/li>\n<li>plasma o suero<\/li>\n<li>orina<\/li>\n<\/ul>\n<p>Tambi\u00e9n hay algunas excepciones, como la recogida de tejido cerebral para el an\u00e1lisis de la colinesterasa.<\/p>\n<p>Para algunas investigaciones, el diagn\u00f3stico requiere el an\u00e1lisis del pienso o del agua. En caso de duda sobre los procedimientos de env\u00edo de muestras, se debe contactar con el laboratorio.<\/p>\n<p>La congelaci\u00f3n es fundamental para evitar la degradaci\u00f3n de unos pocos analitos, como la colinesterasa, el fosfuro de cinc y el fluoroacetato de sodio (compuesto 1080). Sin embargo, para la mayor\u00eda de los analitos, bastar\u00e1 con enviar las muestras refrigeradas de un d\u00eda para otro.<\/p>\n<p>Los recipientes para envasar y transportar las muestras no deben contener sustancias qu\u00edmicas. Los recipientes de pl\u00e1stico (por ejemplo, frascos) son ideales, y deben evitarse los frascos con tapa met\u00e1lica. Las muestras deben embalarse individualmente y todos los recipientes deben estar etiquetados.<\/p>\n<p>Si existe la posibilidad de emprender acciones legales, todos los recipientes que se env\u00eden deber\u00e1n precintarse para que pueda detectarse una manipulaci\u00f3n indebida, o bien llevarse a mano al laboratorio y obtener un recibo. La cadena de custodia debe documentarse con precisi\u00f3n.<\/p>\n<p>Si se sospecha que el alimento o el agua son la fuente del envenenamiento, las muestras de tejido deber\u00e1n ir acompa\u00f1adas de muestras refrigeradas de los mismos, junto con cualquier etiqueta descriptiva del alimento. Si es posible, debe enviarse una muestra compuesta representativa del pienso del lote o env\u00edo sospechoso (es decir, al\u00edcuotas de la parte superior, central e inferior del contenedor de pienso).<\/p>\n<p>[\/et_pb_blurb][\/et_pb_column][et_pb_column type=\u00bb1_4&#8243; _builder_version=\u00bb4.27.3&#8243; _module_preset=\u00bbdefault\u00bb global_colors_info=\u00bb{}\u00bb][et_pb_sidebar area=\u00bbet_pb_widget_area_2&#8243; show_border=\u00bboff\u00bb _builder_version=\u00bb4.27.3&#8243; _module_preset=\u00bbdefault\u00bb header_font=\u00bbRubik|600|||||||\u00bb header_text_color=\u00bb#005487&#8243; header_font_size=\u00bb18px\u00bb header_line_height=\u00bb1.3em\u00bb body_font=\u00bbRubik||||||||\u00bb body_text_color=\u00bb#4e738a\u00bb body_font_size=\u00bb14px\u00bb custom_margin=\u00bb-22px||||false|false\u00bb global_colors_info=\u00bb{}\u00bb][\/et_pb_sidebar][\/et_pb_column][\/et_pb_row][\/et_pb_section]<\/p>\n","protected":false},"excerpt":{"rendered":"<p>El env\u00edo de espec\u00edmenes biol\u00f3gicos debe cumplir los protocolos establecidos por el servicio de mensajer\u00eda o transporte utilizado. En algunos casos, el transporte a\u00e9reo requiere el cumplimiento de la normativa de la Asociaci\u00f3n Internacional de Aviaci\u00f3n y Transporte (IATA) para materiales peligrosos.Si se sospecha de una toxina conocida, siempre debe solicitarse un an\u00e1lisis espec\u00edfico: los [&hellip;]<\/p>\n","protected":false},"author":5,"featured_media":0,"parent":0,"menu_order":0,"comment_status":"closed","ping_status":"closed","template":"","meta":{"_et_pb_use_builder":"on","_et_pb_old_content":"","_et_gb_content_width":"","footnotes":""},"class_list":["post-8183","page","type-page","status-publish","hentry"],"_links":{"self":[{"href":"https:\/\/www.laboratoriobarba.es\/index.php?rest_route=\/wp\/v2\/pages\/8183","targetHints":{"allow":["GET"]}}],"collection":[{"href":"https:\/\/www.laboratoriobarba.es\/index.php?rest_route=\/wp\/v2\/pages"}],"about":[{"href":"https:\/\/www.laboratoriobarba.es\/index.php?rest_route=\/wp\/v2\/types\/page"}],"author":[{"embeddable":true,"href":"https:\/\/www.laboratoriobarba.es\/index.php?rest_route=\/wp\/v2\/users\/5"}],"replies":[{"embeddable":true,"href":"https:\/\/www.laboratoriobarba.es\/index.php?rest_route=%2Fwp%2Fv2%2Fcomments&post=8183"}],"version-history":[{"count":15,"href":"https:\/\/www.laboratoriobarba.es\/index.php?rest_route=\/wp\/v2\/pages\/8183\/revisions"}],"predecessor-version":[{"id":8554,"href":"https:\/\/www.laboratoriobarba.es\/index.php?rest_route=\/wp\/v2\/pages\/8183\/revisions\/8554"}],"wp:attachment":[{"href":"https:\/\/www.laboratoriobarba.es\/index.php?rest_route=%2Fwp%2Fv2%2Fmedia&parent=8183"}],"curies":[{"name":"wp","href":"https:\/\/api.w.org\/{rel}","templated":true}]}}