{"id":8194,"date":"2024-11-11T14:35:28","date_gmt":"2024-11-11T13:35:28","guid":{"rendered":"https:\/\/www.laboratoriobarba.es\/?page_id=8194"},"modified":"2024-11-28T12:38:35","modified_gmt":"2024-11-28T11:38:35","slug":"8194-2","status":"publish","type":"page","link":"https:\/\/www.laboratoriobarba.es\/?page_id=8194","title":{"rendered":"Pruebas Hematol\u00f3gicas"},"content":{"rendered":"<p>[et_pb_section fb_built=\u00bb1&#8243; _builder_version=\u00bb4.27.3&#8243; _module_preset=\u00bbdefault\u00bb use_background_color_gradient=\u00bbon\u00bb background_color_gradient_stops=\u00bb#005487 0%|#0082ca 100%\u00bb background_image=\u00bbhttps:\/\/www.laboratoriobarba.es\/wp-content\/uploads\/2024\/10\/Img_Laboratorio_Dr_Barba_cromosoma.jpg\u00bb background_blend=\u00bbsoft-light\u00bb animation_style=\u00bbslide\u00bb animation_intensity_slide=\u00bb2%\u00bb global_colors_info=\u00bb{}\u00bb][et_pb_row _builder_version=\u00bb4.27.3&#8243; _module_preset=\u00bbdefault\u00bb global_colors_info=\u00bb{}\u00bb][et_pb_column type=\u00bb4_4&#8243; _builder_version=\u00bb4.27.3&#8243; _module_preset=\u00bbdefault\u00bb global_colors_info=\u00bb{}\u00bb][et_pb_heading title=\u00bbPreparaci\u00f3n y env\u00edo de muestras por tipo\u00bb _builder_version=\u00bb4.27.3&#8243; _module_preset=\u00bbdefault\u00bb title_font=\u00bbRubik|600|||||||\u00bb title_text_color=\u00bb#FFFFFF\u00bb title_font_size=\u00bb42px\u00bb title_line_height=\u00bb1.3em\u00bb max_width=\u00bb50%\u00bb global_colors_info=\u00bb{}\u00bb][\/et_pb_heading][et_pb_divider color=\u00bb#09e1c0&#8243; divider_weight=\u00bb4px\u00bb _builder_version=\u00bb4.27.3&#8243; _module_preset=\u00bbdefault\u00bb max_width=\u00bb40px\u00bb global_colors_info=\u00bb{}\u00bb][\/et_pb_divider][et_pb_text _builder_version=\u00bb4.27.3&#8243; _module_preset=\u00bbdefault\u00bb text_text_color=\u00bb#FFFFFF\u00bb text_font_size=\u00bb16px\u00bb max_width=\u00bb60%\u00bb global_colors_info=\u00bb{}\u00bb]<\/p>\n<p>El env\u00edo de espec\u00edmenes biol\u00f3gicos debe cumplir los protocolos establecidos por el servicio de mensajer\u00eda o transporte utilizado. En algunos casos, el transporte a\u00e9reo requiere el cumplimiento de la normativa de la Asociaci\u00f3n Internacional de Aviaci\u00f3n y Transporte (IATA) para materiales peligrosos.<\/p>\n<p>[\/et_pb_text][\/et_pb_column][\/et_pb_row][\/et_pb_section][et_pb_section fb_built=\u00bb1&#8243; _builder_version=\u00bb4.27.3&#8243; _module_preset=\u00bbdefault\u00bb global_colors_info=\u00bb{}\u00bb][et_pb_row _builder_version=\u00bb4.27.3&#8243; _module_preset=\u00bbdefault\u00bb global_colors_info=\u00bb{}\u00bb][et_pb_column type=\u00bb4_4&#8243; _builder_version=\u00bb4.27.3&#8243; _module_preset=\u00bbdefault\u00bb global_colors_info=\u00bb{}\u00bb][et_pb_heading title=\u00bbPruebas Hematol\u00f3gicas\u00bb _builder_version=\u00bb4.27.4&#8243; _module_preset=\u00bbdefault\u00bb title_font=\u00bbRubik|500|||||||\u00bb title_font_size=\u00bb32px\u00bb custom_padding=\u00bb10px||||false|false\u00bb hover_enabled=\u00bb0&#8243; global_colors_info=\u00bb{}\u00bb title_text_color=\u00bb#005487&#8243; sticky_enabled=\u00bb0&#8243;][\/et_pb_heading][et_pb_divider color=\u00bb#09e1c0&#8243; divider_weight=\u00bb4px\u00bb _builder_version=\u00bb4.27.3&#8243; _module_preset=\u00bbdefault\u00bb max_width=\u00bb40px\u00bb global_colors_info=\u00bb{}\u00bb min_height=\u00bb19.8px\u00bb][\/et_pb_divider][\/et_pb_column][\/et_pb_row][et_pb_row column_structure=\u00bb3_4,1_4&#8243; _builder_version=\u00bb4.27.3&#8243; _module_preset=\u00bbdefault\u00bb custom_margin=\u00bb||40px||false|false\u00bb global_colors_info=\u00bb{}\u00bb][et_pb_column type=\u00bb3_4&#8243; _builder_version=\u00bb4.27.3&#8243; _module_preset=\u00bbdefault\u00bb global_colors_info=\u00bb{}\u00bb][et_pb_blurb image=\u00bbhttps:\/\/www.laboratoriobarba.es\/wp-content\/uploads\/2024\/11\/Img_Hematologia_.jpg\u00bb alt=\u00bbImg. Hematolog\u00eda\u00bb content_max_width=\u00bb100%\u00bb _builder_version=\u00bb4.27.3&#8243; _module_preset=\u00bbdefault\u00bb global_colors_info=\u00bb{}\u00bb]<\/p>\n<p>Las pruebas hematol\u00f3gicas de rutina requieren sangre total anticoagulada llenada hasta el volumen adecuado para el tubo de recogida de muestras. El llenado excesivo o insuficiente de los tubos puede provocar resultados anal\u00edticos poco fiables debido a una relaci\u00f3n sangre-aditivo incorrecta.<\/p>\n<p>Lo ideal es incluir varios frotis de sangre. Los frotis sangu\u00edneos deben prepararse inmediatamente despu\u00e9s de la recogida de la muestra para minimizar los artefactos, incluida la morfolog\u00eda eritrocitaria alterada, la aglutinaci\u00f3n de plaquetas y el deterioro celular general.<\/p>\n<p>La sangre anticoagulada debe conservarse refrigerada; los frotis sangu\u00edneos deben almacenarse a temperatura ambiente. El EDTA es el anticoagulante de elecci\u00f3n para los hemogramas de mam\u00edferos.<\/p>\n<p>El EDTA es aceptable para la mayor\u00eda, pero no todas, las especies no mam\u00edferas. La sangre de rayas, algunos peces \u00f3seos y algunas especies de reptiles y aves sufre hem\u00f3lisis cuando se recoge en EDTA, por lo que se suele utilizar heparina para estas especies.<\/p>\n<p>La sangre para las pruebas de coagulaci\u00f3n debe recogerse en un tubo de citrato (con tap\u00f3n azul) que contenga citrato tris\u00f3dico (3,2% o 3,8%, seg\u00fan especifique el laboratorio de referencia). Es imperativo que el tubo se llene hasta el volumen adecuado, ya que un llenado insuficiente puede provocar tiempos de coagulaci\u00f3n falsamente prolongados.<\/p>\n<p>Para los ensayos basados en plasma, el plasma citratado debe separarse normalmente de la sangre total en las 6 horas siguientes a la extracci\u00f3n para medir el tiempo de protrombina (TP) y el tiempo de tromboplastina parcial activada (aPTT). El plasma se separa mediante centrifugaci\u00f3n a 1.500 <i>g<\/i> durante 15 minutos, tras lo cual se transfiere a un tubo secundario de pl\u00e1stico sin aditivos utilizando una pipeta de pl\u00e1stico desechable.<\/p>\n<p>Lo ideal es analizar el plasma en la hora siguiente a la separaci\u00f3n. Sin embargo, muchas muestras para pruebas de coagulaci\u00f3n se env\u00edan a laboratorios de referencia para su an\u00e1lisis, por lo que se aconseja el cumplimiento de las directrices espec\u00edficas del laboratorio relativas a la conservaci\u00f3n de las muestras.<\/p>\n<p>La congelaci\u00f3n de la sangre total provoca la lisis celular y la hem\u00f3lisis macrosc\u00f3pica, que interfieren con las pruebas; debe evitarse la congelaci\u00f3n de la sangre total (durante el almacenamiento o el transporte de la muestra).<\/p>\n<p>[\/et_pb_blurb][\/et_pb_column][et_pb_column type=\u00bb1_4&#8243; _builder_version=\u00bb4.27.3&#8243; _module_preset=\u00bbdefault\u00bb global_colors_info=\u00bb{}\u00bb][et_pb_sidebar area=\u00bbet_pb_widget_area_2&#8243; show_border=\u00bboff\u00bb _builder_version=\u00bb4.27.3&#8243; _module_preset=\u00bbdefault\u00bb header_font=\u00bbRubik|600|||||||\u00bb header_text_color=\u00bb#005487&#8243; header_font_size=\u00bb18px\u00bb header_line_height=\u00bb1.3em\u00bb body_text_color=\u00bb#4e738a\u00bb body_font_size=\u00bb14px\u00bb custom_margin=\u00bb-22px||||false|false\u00bb global_colors_info=\u00bb{}\u00bb][\/et_pb_sidebar][\/et_pb_column][\/et_pb_row][\/et_pb_section]<\/p>\n","protected":false},"excerpt":{"rendered":"<p>El env\u00edo de espec\u00edmenes biol\u00f3gicos debe cumplir los protocolos establecidos por el servicio de mensajer\u00eda o transporte utilizado. En algunos casos, el transporte a\u00e9reo requiere el cumplimiento de la normativa de la Asociaci\u00f3n Internacional de Aviaci\u00f3n y Transporte (IATA) para materiales peligrosos.Las pruebas hematol\u00f3gicas de rutina requieren sangre total anticoagulada llenada hasta el volumen adecuado [&hellip;]<\/p>\n","protected":false},"author":5,"featured_media":0,"parent":0,"menu_order":0,"comment_status":"closed","ping_status":"closed","template":"","meta":{"_et_pb_use_builder":"on","_et_pb_old_content":"","_et_gb_content_width":"","footnotes":""},"class_list":["post-8194","page","type-page","status-publish","hentry"],"_links":{"self":[{"href":"https:\/\/www.laboratoriobarba.es\/index.php?rest_route=\/wp\/v2\/pages\/8194","targetHints":{"allow":["GET"]}}],"collection":[{"href":"https:\/\/www.laboratoriobarba.es\/index.php?rest_route=\/wp\/v2\/pages"}],"about":[{"href":"https:\/\/www.laboratoriobarba.es\/index.php?rest_route=\/wp\/v2\/types\/page"}],"author":[{"embeddable":true,"href":"https:\/\/www.laboratoriobarba.es\/index.php?rest_route=\/wp\/v2\/users\/5"}],"replies":[{"embeddable":true,"href":"https:\/\/www.laboratoriobarba.es\/index.php?rest_route=%2Fwp%2Fv2%2Fcomments&post=8194"}],"version-history":[{"count":19,"href":"https:\/\/www.laboratoriobarba.es\/index.php?rest_route=\/wp\/v2\/pages\/8194\/revisions"}],"predecessor-version":[{"id":8555,"href":"https:\/\/www.laboratoriobarba.es\/index.php?rest_route=\/wp\/v2\/pages\/8194\/revisions\/8555"}],"wp:attachment":[{"href":"https:\/\/www.laboratoriobarba.es\/index.php?rest_route=%2Fwp%2Fv2%2Fmedia&parent=8194"}],"curies":[{"name":"wp","href":"https:\/\/api.w.org\/{rel}","templated":true}]}}