{"id":8209,"date":"2024-11-11T14:41:58","date_gmt":"2024-11-11T13:41:58","guid":{"rendered":"https:\/\/www.laboratoriobarba.es\/?page_id=8209"},"modified":"2024-11-28T12:39:26","modified_gmt":"2024-11-28T11:39:26","slug":"8209-2","status":"publish","type":"page","link":"https:\/\/www.laboratoriobarba.es\/?page_id=8209","title":{"rendered":"Pruebas An\u00e1lisis Bioqu\u00edmico del Suero"},"content":{"rendered":"<p>[et_pb_section fb_built=\u00bb1&#8243; _builder_version=\u00bb4.27.3&#8243; _module_preset=\u00bbdefault\u00bb use_background_color_gradient=\u00bbon\u00bb background_color_gradient_stops=\u00bb#005487 0%|#0082ca 100%\u00bb background_image=\u00bbhttps:\/\/www.laboratoriobarba.es\/wp-content\/uploads\/2024\/10\/Img_Laboratorio_Dr_Barba_cromosoma.jpg\u00bb background_blend=\u00bbsoft-light\u00bb animation_style=\u00bbslide\u00bb animation_intensity_slide=\u00bb2%\u00bb global_colors_info=\u00bb{}\u00bb][et_pb_row _builder_version=\u00bb4.27.3&#8243; _module_preset=\u00bbdefault\u00bb global_colors_info=\u00bb{}\u00bb][et_pb_column type=\u00bb4_4&#8243; _builder_version=\u00bb4.27.3&#8243; _module_preset=\u00bbdefault\u00bb global_colors_info=\u00bb{}\u00bb][et_pb_heading title=\u00bbPreparaci\u00f3n y env\u00edo de muestras por tipo\u00bb _builder_version=\u00bb4.27.3&#8243; _module_preset=\u00bbdefault\u00bb title_font=\u00bbRubik|600|||||||\u00bb title_text_color=\u00bb#FFFFFF\u00bb title_font_size=\u00bb42px\u00bb title_line_height=\u00bb1.3em\u00bb max_width=\u00bb50%\u00bb global_colors_info=\u00bb{}\u00bb][\/et_pb_heading][et_pb_divider color=\u00bb#09e1c0&#8243; divider_weight=\u00bb4px\u00bb _builder_version=\u00bb4.27.3&#8243; _module_preset=\u00bbdefault\u00bb max_width=\u00bb40px\u00bb global_colors_info=\u00bb{}\u00bb][\/et_pb_divider][et_pb_text _builder_version=\u00bb4.27.3&#8243; _module_preset=\u00bbdefault\u00bb text_text_color=\u00bb#FFFFFF\u00bb text_font_size=\u00bb16px\u00bb max_width=\u00bb60%\u00bb global_colors_info=\u00bb{}\u00bb]<\/p>\n<p>El env\u00edo de espec\u00edmenes biol\u00f3gicos debe cumplir los protocolos establecidos por el servicio de mensajer\u00eda o transporte utilizado. En algunos casos, el transporte a\u00e9reo requiere el cumplimiento de la normativa de la Asociaci\u00f3n Internacional de Aviaci\u00f3n y Transporte (IATA) para materiales peligrosos.<\/p>\n<p>[\/et_pb_text][\/et_pb_column][\/et_pb_row][\/et_pb_section][et_pb_section fb_built=\u00bb1&#8243; _builder_version=\u00bb4.27.3&#8243; _module_preset=\u00bbdefault\u00bb global_colors_info=\u00bb{}\u00bb][et_pb_row _builder_version=\u00bb4.27.3&#8243; _module_preset=\u00bbdefault\u00bb global_colors_info=\u00bb{}\u00bb][et_pb_column type=\u00bb4_4&#8243; _builder_version=\u00bb4.27.3&#8243; _module_preset=\u00bbdefault\u00bb global_colors_info=\u00bb{}\u00bb][et_pb_heading title=\u00bbAn\u00e1lisis Bioqu\u00edmico del Suero\u00bb _builder_version=\u00bb4.27.4&#8243; _module_preset=\u00bbdefault\u00bb title_font=\u00bbRubik|500|||||||\u00bb title_font_size=\u00bb32px\u00bb hover_enabled=\u00bb0&#8243; global_colors_info=\u00bb{}\u00bb title_text_color=\u00bb#005487&#8243; custom_padding=\u00bb10px||||false|false\u00bb sticky_enabled=\u00bb0&#8243;][\/et_pb_heading][et_pb_divider color=\u00bb#09e1c0&#8243; divider_weight=\u00bb4px\u00bb _builder_version=\u00bb4.27.3&#8243; _module_preset=\u00bbdefault\u00bb max_width=\u00bb40px\u00bb global_colors_info=\u00bb{}\u00bb][\/et_pb_divider][\/et_pb_column][\/et_pb_row][et_pb_row column_structure=\u00bb3_4,1_4&#8243; _builder_version=\u00bb4.27.3&#8243; _module_preset=\u00bbdefault\u00bb custom_margin=\u00bb||40px||false|false\u00bb global_colors_info=\u00bb{}\u00bb][et_pb_column type=\u00bb3_4&#8243; _builder_version=\u00bb4.27.3&#8243; _module_preset=\u00bbdefault\u00bb global_colors_info=\u00bb{}\u00bb][et_pb_blurb image=\u00bbhttps:\/\/www.laboratoriobarba.es\/wp-content\/uploads\/2024\/11\/Img_Bioquimica_suero.jpg\u00bb alt=\u00bbImg. Bioqu\u00edmica Suero\u00bb content_max_width=\u00bb100%\u00bb _builder_version=\u00bb4.27.3&#8243; _module_preset=\u00bbdefault\u00bb global_colors_info=\u00bb{}\u00bb]<\/p>\n<p>Los anticoagulantes presentes en el plasma pueden dar lugar a un aumento o disminuci\u00f3n de los valores de los analitos de prueba (por ejemplo, las muestras contaminadas con potasio-EDTA tienen concentraciones de potasio artificialmente elevadas y concentraciones de calcio disminuidas); por lo tanto, por defecto, debe presentarse suero.<\/p>\n<p>Sin embargo, en algunos casos, el plasma heparinizado puede ser aceptable o, posiblemente, necesario. Se recomienda consultar con el laboratorio antes de recoger la muestra para cualquier prueba o especie no rutinaria.<\/p>\n<p>Debido a que la lipemia puede interferir con una serie de pruebas qu\u00edmicas para perros y gatos, se aconseja la retenci\u00f3n de alimentos durante 12 horas antes de la recogida de muestras, a menos que exista una contraindicaci\u00f3n m\u00e9dica potencial, como en el caso de pacientes pedi\u00e1tricos o razas de perros toy.<\/p>\n<p>Para las muestras de suero, la sangre debe extraerse en un tubo de suero (tapa roja) o en un tubo separador de suero (tapa de tigre). La muestra debe mantenerse a temperatura ambiente durante 20-30 minutos para permitir la formaci\u00f3n completa del co\u00e1gulo y su retracci\u00f3n. La formaci\u00f3n incompleta del co\u00e1gulo puede hacer que el suero se gelifique debido a la formaci\u00f3n latente de fibrina.<\/p>\n<p>El co\u00e1gulo debe separarse del vidrio bordeando suavemente las paredes del tubo con un palillo aplicador para aflojar el co\u00e1gulo. A continuaci\u00f3n, la muestra debe centrifugarse a velocidad moderada (~450 rpm) durante 10 minutos.<\/p>\n<p>Si la muestra se ha recogido en un tubo separador de suero, la centrifugaci\u00f3n har\u00e1 que se deposite una capa de gel polim\u00e9rico entre las c\u00e9lulas empaquetadas y el suero. La capa de gel debe inspeccionarse para asegurar la integridad de la barrera, y se recomienda repetir la centrifugaci\u00f3n si hay una grieta visible en esta capa.<\/p>\n<p>Si se ha utilizado un tubo de suero (red-top), el suero debe retirarse y transferirse a un tubo limpio para minimizar los artefactos (p. ej., la gluc\u00f3lisis en el componente celular de la muestra de sangre puede dar lugar a una disminuci\u00f3n artificial de la concentraci\u00f3n de glucosa). El suero debe refrigerarse o congelarse hasta su an\u00e1lisis. Los retrasos en el an\u00e1lisis pueden afectar negativamente a los resultados de varios analitos.<\/p>\n<p>La manipulaci\u00f3n brusca de la muestra o la separaci\u00f3n incompleta de los eritrocitos del suero pueden promover la hem\u00f3lisis, que puede interferir con ciertas pruebas. Para los paneles de qu\u00edmica, normalmente se prefieren 0,5 mL de suero, aunque los requisitos m\u00ednimos del laboratorio pueden variar y deben consultarse para vol\u00famenes de suero &lt; 0,5 mL.<\/p>\n<p>[\/et_pb_blurb][\/et_pb_column][et_pb_column type=\u00bb1_4&#8243; _builder_version=\u00bb4.27.3&#8243; _module_preset=\u00bbdefault\u00bb global_colors_info=\u00bb{}\u00bb][et_pb_sidebar area=\u00bbet_pb_widget_area_2&#8243; show_border=\u00bboff\u00bb _builder_version=\u00bb4.27.3&#8243; _module_preset=\u00bbdefault\u00bb header_font=\u00bbRubik|600|||||||\u00bb header_text_color=\u00bb#005487&#8243; header_font_size=\u00bb18px\u00bb header_line_height=\u00bb1.3em\u00bb body_text_color=\u00bb#4e738a\u00bb body_font_size=\u00bb14px\u00bb custom_margin=\u00bb-22px||||false|false\u00bb global_colors_info=\u00bb{}\u00bb][\/et_pb_sidebar][\/et_pb_column][\/et_pb_row][\/et_pb_section]<\/p>\n","protected":false},"excerpt":{"rendered":"<p>El env\u00edo de espec\u00edmenes biol\u00f3gicos debe cumplir los protocolos establecidos por el servicio de mensajer\u00eda o transporte utilizado. En algunos casos, el transporte a\u00e9reo requiere el cumplimiento de la normativa de la Asociaci\u00f3n Internacional de Aviaci\u00f3n y Transporte (IATA) para materiales peligrosos.Los anticoagulantes presentes en el plasma pueden dar lugar a un aumento o disminuci\u00f3n [&hellip;]<\/p>\n","protected":false},"author":5,"featured_media":0,"parent":0,"menu_order":0,"comment_status":"closed","ping_status":"closed","template":"","meta":{"_et_pb_use_builder":"on","_et_pb_old_content":"","_et_gb_content_width":"","footnotes":""},"class_list":["post-8209","page","type-page","status-publish","hentry"],"_links":{"self":[{"href":"https:\/\/www.laboratoriobarba.es\/index.php?rest_route=\/wp\/v2\/pages\/8209","targetHints":{"allow":["GET"]}}],"collection":[{"href":"https:\/\/www.laboratoriobarba.es\/index.php?rest_route=\/wp\/v2\/pages"}],"about":[{"href":"https:\/\/www.laboratoriobarba.es\/index.php?rest_route=\/wp\/v2\/types\/page"}],"author":[{"embeddable":true,"href":"https:\/\/www.laboratoriobarba.es\/index.php?rest_route=\/wp\/v2\/users\/5"}],"replies":[{"embeddable":true,"href":"https:\/\/www.laboratoriobarba.es\/index.php?rest_route=%2Fwp%2Fv2%2Fcomments&post=8209"}],"version-history":[{"count":14,"href":"https:\/\/www.laboratoriobarba.es\/index.php?rest_route=\/wp\/v2\/pages\/8209\/revisions"}],"predecessor-version":[{"id":8556,"href":"https:\/\/www.laboratoriobarba.es\/index.php?rest_route=\/wp\/v2\/pages\/8209\/revisions\/8556"}],"wp:attachment":[{"href":"https:\/\/www.laboratoriobarba.es\/index.php?rest_route=%2Fwp%2Fv2%2Fmedia&parent=8209"}],"curies":[{"name":"wp","href":"https:\/\/api.w.org\/{rel}","templated":true}]}}