{"id":8225,"date":"2024-11-11T14:58:36","date_gmt":"2024-11-11T13:58:36","guid":{"rendered":"https:\/\/www.laboratoriobarba.es\/?page_id=8225"},"modified":"2024-11-28T12:40:11","modified_gmt":"2024-11-28T11:40:11","slug":"8225-2","status":"publish","type":"page","link":"https:\/\/www.laboratoriobarba.es\/?page_id=8225","title":{"rendered":"Pruebas de Orina"},"content":{"rendered":"<p>[et_pb_section fb_built=\u00bb1&#8243; _builder_version=\u00bb4.27.3&#8243; _module_preset=\u00bbdefault\u00bb use_background_color_gradient=\u00bbon\u00bb background_color_gradient_stops=\u00bb#005487 0%|#0082ca 100%\u00bb background_image=\u00bbhttps:\/\/www.laboratoriobarba.es\/wp-content\/uploads\/2024\/10\/Img_Laboratorio_Dr_Barba_cromosoma.jpg\u00bb background_blend=\u00bbsoft-light\u00bb animation_style=\u00bbslide\u00bb animation_intensity_slide=\u00bb2%\u00bb global_colors_info=\u00bb{}\u00bb][et_pb_row _builder_version=\u00bb4.27.3&#8243; _module_preset=\u00bbdefault\u00bb global_colors_info=\u00bb{}\u00bb][et_pb_column type=\u00bb4_4&#8243; _builder_version=\u00bb4.27.3&#8243; _module_preset=\u00bbdefault\u00bb global_colors_info=\u00bb{}\u00bb][et_pb_heading title=\u00bbPreparaci\u00f3n y env\u00edo de muestras por tipo\u00bb _builder_version=\u00bb4.27.3&#8243; _module_preset=\u00bbdefault\u00bb title_font=\u00bbRubik|600|||||||\u00bb title_text_color=\u00bb#FFFFFF\u00bb title_font_size=\u00bb42px\u00bb title_line_height=\u00bb1.3em\u00bb max_width=\u00bb50%\u00bb global_colors_info=\u00bb{}\u00bb][\/et_pb_heading][et_pb_divider color=\u00bb#09e1c0&#8243; divider_weight=\u00bb4px\u00bb _builder_version=\u00bb4.27.3&#8243; _module_preset=\u00bbdefault\u00bb max_width=\u00bb40px\u00bb global_colors_info=\u00bb{}\u00bb][\/et_pb_divider][et_pb_text _builder_version=\u00bb4.27.3&#8243; _module_preset=\u00bbdefault\u00bb text_text_color=\u00bb#FFFFFF\u00bb text_font_size=\u00bb16px\u00bb max_width=\u00bb60%\u00bb global_colors_info=\u00bb{}\u00bb]<\/p>\n<p>El env\u00edo de espec\u00edmenes biol\u00f3gicos debe cumplir los protocolos establecidos por el servicio de mensajer\u00eda o transporte utilizado. En algunos casos, el transporte a\u00e9reo requiere el cumplimiento de la normativa de la Asociaci\u00f3n Internacional de Aviaci\u00f3n y Transporte (IATA) para materiales peligrosos.<\/p>\n<p>[\/et_pb_text][\/et_pb_column][\/et_pb_row][\/et_pb_section][et_pb_section fb_built=\u00bb1&#8243; _builder_version=\u00bb4.27.3&#8243; _module_preset=\u00bbdefault\u00bb global_colors_info=\u00bb{}\u00bb][et_pb_row _builder_version=\u00bb4.27.3&#8243; _module_preset=\u00bbdefault\u00bb global_colors_info=\u00bb{}\u00bb][et_pb_column type=\u00bb4_4&#8243; _builder_version=\u00bb4.27.3&#8243; _module_preset=\u00bbdefault\u00bb global_colors_info=\u00bb{}\u00bb][et_pb_heading title=\u00bbPara An\u00e1lisis de Orina\u00bb _builder_version=\u00bb4.27.4&#8243; _module_preset=\u00bbdefault\u00bb title_font=\u00bbRubik|500|||||||\u00bb title_font_size=\u00bb32px\u00bb custom_padding=\u00bb10px||||false|false\u00bb hover_enabled=\u00bb0&#8243; global_colors_info=\u00bb{}\u00bb title_text_color=\u00bb#005487&#8243; sticky_enabled=\u00bb0&#8243;][\/et_pb_heading][et_pb_divider color=\u00bb#09e1c0&#8243; divider_weight=\u00bb4px\u00bb _builder_version=\u00bb4.27.3&#8243; _module_preset=\u00bbdefault\u00bb max_width=\u00bb40px\u00bb global_colors_info=\u00bb{}\u00bb][\/et_pb_divider][\/et_pb_column][\/et_pb_row][et_pb_row column_structure=\u00bb3_4,1_4&#8243; _builder_version=\u00bb4.27.3&#8243; _module_preset=\u00bbdefault\u00bb custom_margin=\u00bb||40px||false|false\u00bb global_colors_info=\u00bb{}\u00bb][et_pb_column type=\u00bb3_4&#8243; _builder_version=\u00bb4.27.3&#8243; _module_preset=\u00bbdefault\u00bb global_colors_info=\u00bb{}\u00bb][et_pb_blurb image=\u00bbhttps:\/\/www.laboratoriobarba.es\/wp-content\/uploads\/2024\/11\/Img_Analisis_Orina.jpg\u00bb alt=\u00bbImg. An\u00e1lisis Orina\u00bb content_max_width=\u00bb100%\u00bb _builder_version=\u00bb4.27.3&#8243; _module_preset=\u00bbdefault\u00bb global_colors_info=\u00bb{}\u00bb]<\/p>\n<p>Las muestras de orina deben estar claramente etiquetadas con el tipo de esp\u00e9cimen porque la orina y el suero pueden ser groseramente indistinguibles.<\/p>\n<p>Anotar el m\u00e9todo a trav\u00e9s del cual se obtuvo la orina (captura libre, cateterizaci\u00f3n, cistocentesis, etc.) puede ser \u00fatil para la interpretaci\u00f3n de los hallazgos; por ejemplo, las muestras de captura libre pueden tener contaminantes bacterianos de los genitales externos y el perineo, y las muestras cateterizadas a menudo tienen un mayor n\u00famero de c\u00e9lulas epiteliales transicionales o uroteliales debido a la exfoliaci\u00f3n mec\u00e1nica por el paso del cat\u00e9ter.<\/p>\n<p>Los recipientes transparentes para muestras pueden facilitar el examen macrosc\u00f3pico de la orina. Sin embargo, si la orina no se eval\u00faa en los 30 minutos siguientes a la recogida, debe tenerse cuidado de protegerla de la exposici\u00f3n a la luz ultravioleta, que provoca la degradaci\u00f3n de los componentes de la orina, incluida la bilirrubina.<\/p>\n<p>Las tapas deben atornillarse firmemente para evitar fugas, evaporaci\u00f3n o volatilizaci\u00f3n de las cetonas (si est\u00e1n presentes). Los recipientes no deben reutilizarse porque los restos de detergente pueden interferir con el an\u00e1lisis qu\u00edmico y los contaminantes bacterianos pueden proliferar durante el almacenamiento y el tr\u00e1nsito de las muestras.<\/p>\n<p>La orina debe almacenarse y enviarse refrigerada, aunque debe tenerse en cuenta que puede producirse la precipitaci\u00f3n de cristales. La orina es un medio c\u00e1ustico que provoca una r\u00e1pida degradaci\u00f3n de los elementos formes, incluidas las c\u00e9lulas.<\/p>\n<p>Si se sospecha una enfermedad del tracto urinario reflejada en el examen del sedimento (p. ej., inflamaci\u00f3n, infecci\u00f3n, proceso proliferativo con neoplasia), se deben enviar junto con la muestra de orina frotis citol\u00f3gicos preparados a partir del sedimento de orina fresco. Los frotis citol\u00f3gicos se secan al aire.<\/p>\n<p>Al igual que con otras muestras de fluidos, los requisitos de volumen se aplican a las muestras para an\u00e1lisis de orina. El volumen preferido suele ser de 5-6 ml, aunque pueden aceptarse vol\u00famenes menores, dependiendo del laboratorio.<\/p>\n<p>[\/et_pb_blurb][\/et_pb_column][et_pb_column type=\u00bb1_4&#8243; _builder_version=\u00bb4.27.3&#8243; _module_preset=\u00bbdefault\u00bb global_colors_info=\u00bb{}\u00bb][et_pb_sidebar area=\u00bbet_pb_widget_area_2&#8243; show_border=\u00bboff\u00bb _builder_version=\u00bb4.27.3&#8243; _module_preset=\u00bbdefault\u00bb header_font=\u00bbRubik|600|||||||\u00bb header_text_color=\u00bb#005487&#8243; header_font_size=\u00bb18px\u00bb header_line_height=\u00bb1.3em\u00bb body_text_color=\u00bb#4e738a\u00bb body_font_size=\u00bb14px\u00bb custom_margin=\u00bb-22px||||false|false\u00bb global_colors_info=\u00bb{}\u00bb][\/et_pb_sidebar][\/et_pb_column][\/et_pb_row][\/et_pb_section]<\/p>\n","protected":false},"excerpt":{"rendered":"<p>El env\u00edo de espec\u00edmenes biol\u00f3gicos debe cumplir los protocolos establecidos por el servicio de mensajer\u00eda o transporte utilizado. En algunos casos, el transporte a\u00e9reo requiere el cumplimiento de la normativa de la Asociaci\u00f3n Internacional de Aviaci\u00f3n y Transporte (IATA) para materiales peligrosos.Las muestras de orina deben estar claramente etiquetadas con el tipo de esp\u00e9cimen porque [&hellip;]<\/p>\n","protected":false},"author":5,"featured_media":0,"parent":0,"menu_order":0,"comment_status":"closed","ping_status":"closed","template":"","meta":{"_et_pb_use_builder":"on","_et_pb_old_content":"","_et_gb_content_width":"","footnotes":""},"class_list":["post-8225","page","type-page","status-publish","hentry"],"_links":{"self":[{"href":"https:\/\/www.laboratoriobarba.es\/index.php?rest_route=\/wp\/v2\/pages\/8225","targetHints":{"allow":["GET"]}}],"collection":[{"href":"https:\/\/www.laboratoriobarba.es\/index.php?rest_route=\/wp\/v2\/pages"}],"about":[{"href":"https:\/\/www.laboratoriobarba.es\/index.php?rest_route=\/wp\/v2\/types\/page"}],"author":[{"embeddable":true,"href":"https:\/\/www.laboratoriobarba.es\/index.php?rest_route=\/wp\/v2\/users\/5"}],"replies":[{"embeddable":true,"href":"https:\/\/www.laboratoriobarba.es\/index.php?rest_route=%2Fwp%2Fv2%2Fcomments&post=8225"}],"version-history":[{"count":15,"href":"https:\/\/www.laboratoriobarba.es\/index.php?rest_route=\/wp\/v2\/pages\/8225\/revisions"}],"predecessor-version":[{"id":8557,"href":"https:\/\/www.laboratoriobarba.es\/index.php?rest_route=\/wp\/v2\/pages\/8225\/revisions\/8557"}],"wp:attachment":[{"href":"https:\/\/www.laboratoriobarba.es\/index.php?rest_route=%2Fwp%2Fv2%2Fmedia&parent=8225"}],"curies":[{"name":"wp","href":"https:\/\/api.w.org\/{rel}","templated":true}]}}