{"id":8334,"date":"2024-11-12T11:28:23","date_gmt":"2024-11-12T10:28:23","guid":{"rendered":"https:\/\/www.laboratoriobarba.es\/?page_id=8334"},"modified":"2024-11-28T14:22:32","modified_gmt":"2024-11-28T13:22:32","slug":"pruebas-geneticas-2","status":"publish","type":"page","link":"https:\/\/www.laboratoriobarba.es\/?page_id=8334","title":{"rendered":"Pruebas Gen\u00e9ticas"},"content":{"rendered":"<p>[et_pb_section fb_built=\u00bb1&#8243; _builder_version=\u00bb4.27.3&#8243; _module_preset=\u00bbdefault\u00bb use_background_color_gradient=\u00bbon\u00bb background_color_gradient_stops=\u00bb#005487 0%|#0082ca 100%\u00bb background_image=\u00bbhttps:\/\/www.laboratoriobarba.es\/wp-content\/uploads\/2024\/10\/Img_Laboratorio_Dr_Barba_cromosoma.jpg\u00bb background_blend=\u00bbsoft-light\u00bb global_colors_info=\u00bb{}\u00bb][et_pb_row _builder_version=\u00bb4.27.3&#8243; _module_preset=\u00bbdefault\u00bb global_colors_info=\u00bb{}\u00bb][et_pb_column type=\u00bb4_4&#8243; _builder_version=\u00bb4.27.3&#8243; _module_preset=\u00bbdefault\u00bb global_colors_info=\u00bb{}\u00bb][et_pb_heading title=\u00bbPreparaci\u00f3n y env\u00edo de muestras por tipo\u00bb _builder_version=\u00bb4.27.3&#8243; _module_preset=\u00bbdefault\u00bb title_font=\u00bb|600|||||||\u00bb title_text_color=\u00bb#FFFFFF\u00bb title_font_size=\u00bb42px\u00bb title_line_height=\u00bb1.3em\u00bb max_width=\u00bb50%\u00bb global_colors_info=\u00bb{}\u00bb][\/et_pb_heading][et_pb_divider color=\u00bb#09e1c0&#8243; divider_weight=\u00bb4px\u00bb _builder_version=\u00bb4.27.3&#8243; _module_preset=\u00bbdefault\u00bb max_width=\u00bb40px\u00bb global_colors_info=\u00bb{}\u00bb][\/et_pb_divider][et_pb_text _builder_version=\u00bb4.27.3&#8243; _module_preset=\u00bbdefault\u00bb text_text_color=\u00bb#FFFFFF\u00bb text_font_size=\u00bb16px\u00bb max_width=\u00bb60%\u00bb global_colors_info=\u00bb{}\u00bb]<\/p>\n<p>El env\u00edo de espec\u00edmenes biol\u00f3gicos debe cumplir los protocolos establecidos por el servicio de mensajer\u00eda o transporte utilizado. En algunos casos, el transporte a\u00e9reo requiere el cumplimiento de la normativa de la Asociaci\u00f3n Internacional de Aviaci\u00f3n y Transporte (IATA) para materiales peligrosos.<\/p>\n<p>[\/et_pb_text][\/et_pb_column][\/et_pb_row][\/et_pb_section][et_pb_section fb_built=\u00bb1&#8243; _builder_version=\u00bb4.27.3&#8243; _module_preset=\u00bbdefault\u00bb global_colors_info=\u00bb{}\u00bb][et_pb_row _builder_version=\u00bb4.27.3&#8243; _module_preset=\u00bbdefault\u00bb global_colors_info=\u00bb{}\u00bb][et_pb_column type=\u00bb4_4&#8243; _builder_version=\u00bb4.27.3&#8243; _module_preset=\u00bbdefault\u00bb global_colors_info=\u00bb{}\u00bb][et_pb_heading title=\u00bbAn\u00e1lisis Gen\u00e9ticos\u00bb _builder_version=\u00bb4.27.4&#8243; _module_preset=\u00bbdefault\u00bb title_font=\u00bbRubik|500|||||||\u00bb title_font_size=\u00bb32px\u00bb custom_padding=\u00bb10px||||false|false\u00bb hover_enabled=\u00bb0&#8243; global_colors_info=\u00bb{}\u00bb title_text_color=\u00bb#005487&#8243; sticky_enabled=\u00bb0&#8243;][\/et_pb_heading][et_pb_divider color=\u00bb#09e1c0&#8243; divider_weight=\u00bb4px\u00bb _builder_version=\u00bb4.27.3&#8243; _module_preset=\u00bbdefault\u00bb max_width=\u00bb40px\u00bb global_colors_info=\u00bb{}\u00bb][\/et_pb_divider][\/et_pb_column][\/et_pb_row][et_pb_row column_structure=\u00bb3_4,1_4&#8243; _builder_version=\u00bb4.27.3&#8243; _module_preset=\u00bbdefault\u00bb global_colors_info=\u00bb{}\u00bb][et_pb_column type=\u00bb3_4&#8243; _builder_version=\u00bb4.27.3&#8243; _module_preset=\u00bbdefault\u00bb global_colors_info=\u00bb{}\u00bb][et_pb_blurb image=\u00bbhttps:\/\/www.laboratoriobarba.es\/wp-content\/uploads\/2024\/11\/Img_Prueba_Genetica.jpg\u00bb alt=\u00bbImg. Pruebas Gen\u00e9ticas\u00bb content_max_width=\u00bb100%\u00bb _builder_version=\u00bb4.27.3&#8243; _module_preset=\u00bbdefault\u00bb global_colors_info=\u00bb{}\u00bb]Las pruebas basadas en la detecci\u00f3n de caracter\u00edsticas gen\u00e9ticas espec\u00edficas van desde el an\u00e1lisis del cariotipo hasta la identificaci\u00f3n de genes espec\u00edficos.<\/p>\n<p>Se debe contactar al laboratorio que ofrece la prueba para determinar los detalles de la recolecci\u00f3n y manipulaci\u00f3n de la muestra; las muestras requeridas van desde cabello, hisopos de diversa procedencia, hasta piel o sangre total.<\/p>\n<p>Las muestras de tejido para an\u00e1lisis gen\u00e9ticos deben desfijarse y enviarse inmediatamente despu\u00e9s de la recolecci\u00f3n. Como ocurre con la mayor\u00eda de las t\u00e9cnicas moleculares, la recolecci\u00f3n as\u00e9ptica y la prevenci\u00f3n de la contaminaci\u00f3n cruzada entre muestras son fundamentales para obtener resultados confiables de las pruebas.<\/p>\n<h5>\u00a0<span style=\"color: #000000;\"><strong>Toma<\/strong><\/span><\/h5>\n<p>Para an\u00e1lisis gen\u00e9ticos tanto en perros como en gatos la muestra puede ser o <strong>0.5-1 ml de sangre entera en EDTA o dos torundas en seco de mucosa oral.<\/strong><\/p>\n<h5>\u00a0<strong>Env\u00edo<\/strong><\/h5>\n<p>Env\u00ede las muestras correctamente identificadas:<\/p>\n<ul>\n<li>Pegue una de las pegatinas que le habremos enviado en la bolsa donde ir\u00e1 la muestra.<\/li>\n<li>Introduzca la muestra en la bolsa con el nombre del animal.<\/li>\n<li>La bolsa contendr\u00e1 la muestra de un \u00fanico animal.<\/li>\n<li>Tenga en cuenta que todos los datos recibidos ser\u00e1n reflejados en el resultado, por lo que es muy importante que se escriba con<strong> letra clara y legible<\/strong> (preferiblemente en may\u00fasculas).<\/li>\n<\/ul>\n<h5><strong>Resultados<\/strong><\/h5>\n<p>Una vez realizado el an\u00e1lisis recibir\u00e1 el resultado v\u00eda <strong>email<\/strong>.<\/p>\n<p>&nbsp;<\/p>\n<h3 style=\"color: #005487\";><strong>Frotis citol\u00f3gico bucal<\/strong><\/h3>\n<p><\/p>\n<h5><strong>Evitar contaminaci\u00f3n<\/strong><\/h5>\n<p>Para evitar contaminaci\u00f3n con ADN procedente de otra fuente distinta, el animal no deber\u00eda ser alimentado ni mamar durante 1-2 horas antes de realizar la toma de muestra. Durante este tiempo, deber\u00eda ser separado del resto de animales.<\/p>\n<h5><strong>Frotar fuertemente<\/strong><\/h5>\n<p>En la toma de muestra se debe frotar fuertemente con la torunda en la mucosa oral (entre la enc\u00eda y los laterales de la boca), para asegurar que se adhieran suficientes c\u00e9lulas al hisopo. No es posible realizar un test g\u00e9netico si no se arrastra suficiente material gen\u00e9tico. Por motivos de seguridad, se recomienda el uso de dos torundas en seco por animal.<\/p>\n<h5><strong>Dejar secar al aire<\/strong><\/h5>\n<p>Es muy importante dejar secar al aire las torundas: tras tomar la muestra, volver a meter el hisopo dentro del tubo y no cerrar la tapa hasta pasadas 1-2 horas, despu\u00e9s de las cuales ya se proceder\u00eda a su cierre (asegur\u00e1ndose de que queda completamente cerrado).<\/p>\n<h5><strong>Etiquetar la muestra<\/strong><\/h5>\n<p>Por favor, etiquetar el tubo con la informaci\u00f3n importante (nombre del animal, propietario, n\u00famero de microchip\u2026).<\/p>\n<h5><strong>Enviar el mismo d\u00eda de la toma<\/strong><\/h5>\n<p>Enviar a Dr. Barba las dos torundas junto con la hoja de an\u00e1lisis \u201cGen\u00e9tica\u201d, si es posible el mismo d\u00eda de la toma de muestra.<\/p>\n<p>&nbsp;[\/et_pb_blurb][\/et_pb_column][et_pb_column type=\u00bb1_4&#8243; _builder_version=\u00bb4.27.3&#8243; _module_preset=\u00bbdefault\u00bb global_colors_info=\u00bb{}\u00bb][et_pb_sidebar area=\u00bbet_pb_widget_area_2&#8243; _builder_version=\u00bb4.27.3&#8243; _module_preset=\u00bbdefault\u00bb header_font=\u00bbRubik|600|||||||\u00bb header_text_color=\u00bb#005487&#8243; header_font_size=\u00bb18px\u00bb header_line_height=\u00bb1.3em\u00bb body_text_color=\u00bb#4e738a\u00bb body_font_size=\u00bb14px\u00bb custom_margin=\u00bb-22px||||false|false\u00bb global_colors_info=\u00bb{}\u00bb][\/et_pb_sidebar][\/et_pb_column][\/et_pb_row][\/et_pb_section]<\/p>\n","protected":false},"excerpt":{"rendered":"<p>El env\u00edo de espec\u00edmenes biol\u00f3gicos debe cumplir los protocolos establecidos por el servicio de mensajer\u00eda o transporte utilizado. En algunos casos, el transporte a\u00e9reo requiere el cumplimiento de la normativa de la Asociaci\u00f3n Internacional de Aviaci\u00f3n y Transporte (IATA) para materiales peligrosos.Las pruebas basadas en la detecci\u00f3n de caracter\u00edsticas gen\u00e9ticas espec\u00edficas van desde el an\u00e1lisis [&hellip;]<\/p>\n","protected":false},"author":5,"featured_media":0,"parent":0,"menu_order":0,"comment_status":"closed","ping_status":"closed","template":"","meta":{"_et_pb_use_builder":"on","_et_pb_old_content":"","_et_gb_content_width":"","footnotes":""},"class_list":["post-8334","page","type-page","status-publish","hentry"],"_links":{"self":[{"href":"https:\/\/www.laboratoriobarba.es\/index.php?rest_route=\/wp\/v2\/pages\/8334","targetHints":{"allow":["GET"]}}],"collection":[{"href":"https:\/\/www.laboratoriobarba.es\/index.php?rest_route=\/wp\/v2\/pages"}],"about":[{"href":"https:\/\/www.laboratoriobarba.es\/index.php?rest_route=\/wp\/v2\/types\/page"}],"author":[{"embeddable":true,"href":"https:\/\/www.laboratoriobarba.es\/index.php?rest_route=\/wp\/v2\/users\/5"}],"replies":[{"embeddable":true,"href":"https:\/\/www.laboratoriobarba.es\/index.php?rest_route=%2Fwp%2Fv2%2Fcomments&post=8334"}],"version-history":[{"count":15,"href":"https:\/\/www.laboratoriobarba.es\/index.php?rest_route=\/wp\/v2\/pages\/8334\/revisions"}],"predecessor-version":[{"id":8562,"href":"https:\/\/www.laboratoriobarba.es\/index.php?rest_route=\/wp\/v2\/pages\/8334\/revisions\/8562"}],"wp:attachment":[{"href":"https:\/\/www.laboratoriobarba.es\/index.php?rest_route=%2Fwp%2Fv2%2Fmedia&parent=8334"}],"curies":[{"name":"wp","href":"https:\/\/api.w.org\/{rel}","templated":true}]}}