{"id":8859,"date":"2024-12-16T17:18:08","date_gmt":"2024-12-16T16:18:08","guid":{"rendered":"https:\/\/www.laboratoriobarba.es\/?page_id=8859"},"modified":"2024-12-17T15:24:29","modified_gmt":"2024-12-17T14:24:29","slug":"8859-2","status":"publish","type":"page","link":"https:\/\/www.laboratoriobarba.es\/?page_id=8859","title":{"rendered":"Acceso Clientes"},"content":{"rendered":"<p>[et_pb_section fb_built=\u00bb1&#8243; _builder_version=\u00bb4.27.4&#8243; _module_preset=\u00bbdefault\u00bb use_background_color_gradient=\u00bbon\u00bb background_color_gradient_stops=\u00bb#005487 0%|#0082ca 99%\u00bb background_image=\u00bbhttps:\/\/www.laboratoriobarba.es\/wp-content\/uploads\/2024\/12\/Img_Acceso_Clientes.jpg\u00bb background_blend=\u00bbsoft-light\u00bb height=\u00bb50px\u00bb custom_padding=\u00bb|0px|0px|0px|false|false\u00bb animation_style=\u00bbslide\u00bb animation_intensity_slide=\u00bb0%\u00bb global_colors_info=\u00bb{}\u00bb][\/et_pb_section][et_pb_section fb_built=\u00bb1&#8243; _builder_version=\u00bb4.27.4&#8243; _module_preset=\u00bbdefault\u00bb background_color=\u00bb#f7f8fc\u00bb background_enable_image=\u00bboff\u00bb background_blend=\u00bbsoft-light\u00bb animation_style=\u00bbslide\u00bb animation_intensity_slide=\u00bb0%\u00bb global_colors_info=\u00bb{}\u00bb][et_pb_row _builder_version=\u00bb4.27.4&#8243; _module_preset=\u00bbdefault\u00bb background_color=\u00bbRGBA(255,255,255,0)\u00bb module_alignment=\u00bbcenter\u00bb border_color_all=\u00bb#FFFFFF\u00bb global_colors_info=\u00bb{}\u00bb][et_pb_column type=\u00bb4_4&#8243; _builder_version=\u00bb4.27.4&#8243; _module_preset=\u00bbdefault\u00bb global_colors_info=\u00bb{}\u00bb][et_pb_heading title=\u00bbZona Clientes\u00bb _builder_version=\u00bb4.27.4&#8243; _module_preset=\u00bbdefault\u00bb title_font=\u00bbRubik|500|||||||\u00bb title_text_align=\u00bbcenter\u00bb title_text_color=\u00bb#005487&#8243; title_font_size=\u00bb36px\u00bb module_alignment=\u00bbcenter\u00bb custom_padding=\u00bb20px||||false|false\u00bb hover_enabled=\u00bb0&#8243; global_colors_info=\u00bb{}\u00bb sticky_enabled=\u00bb0&#8243; title_level=\u00bbh2&#8243;][\/et_pb_heading][et_pb_divider color=\u00bb#09e1c0&#8243; divider_weight=\u00bb4px\u00bb _builder_version=\u00bb4.27.4&#8243; _module_preset=\u00bbdefault\u00bb max_width=\u00bb40px\u00bb module_alignment=\u00bbcenter\u00bb global_colors_info=\u00bb{}\u00bb][\/et_pb_divider][\/et_pb_column][\/et_pb_row][et_pb_row column_structure=\u00bb1_2,1_2&#8243; _builder_version=\u00bb4.27.4&#8243; _module_preset=\u00bbdefault\u00bb background_color=\u00bbRGBA(255,255,255,0)\u00bb custom_margin=\u00bb||80px||false|false\u00bb custom_padding=\u00bb15px||30px||false|false\u00bb border_color_all=\u00bb#FFFFFF\u00bb box_shadow_style=\u00bbpreset1&#8243; box_shadow_vertical=\u00bb0px\u00bb box_shadow_blur=\u00bb7px\u00bb box_shadow_spread=\u00bb-2px\u00bb global_colors_info=\u00bb{}\u00bb][et_pb_column type=\u00bb1_2&#8243; _builder_version=\u00bb4.27.4&#8243; _module_preset=\u00bbdefault\u00bb custom_padding=\u00bb|21px|10px|21px|false|false\u00bb global_colors_info=\u00bb{}\u00bb][et_pb_cta title=\u00bbNuevo cliente\u00bb button_url=\u00bbhttps:\/\/www.lbbarba.es\/lbbarba\/registro.php\u00bb url_new_window=\u00bbon\u00bb button_text=\u00bbHacerme cliente\u00bb _builder_version=\u00bb4.27.4&#8243; _module_preset=\u00bbdefault\u00bb module_alignment=\u00bbcenter\u00bb height=\u00bb290px\u00bb custom_margin=\u00bb||||false|false\u00bb custom_padding=\u00bb||||false|false\u00bb border_color_all=\u00bb#FFFFFF\u00bb global_colors_info=\u00bb{}\u00bb]<\/p>\n<p>Si todav\u00eda no eres cliente, puedes darte de alta de forma sencilla rellenando los datos que encontrar\u00e1s en la ficha al pinchar sobre el bot\u00f3n de enlace<\/p>\n<p>[\/et_pb_cta][\/et_pb_column][et_pb_column type=\u00bb1_2&#8243; _builder_version=\u00bb4.27.4&#8243; _module_preset=\u00bbdefault\u00bb custom_padding=\u00bb||||false|false\u00bb global_colors_info=\u00bb{}\u00bb][et_pb_contact_form captcha=\u00bboff\u00bb title=\u00bbAcceso Clientes\u00bb use_redirect=\u00bbon\u00bb redirect_url=\u00bbhttps:\/\/www.lbbarba.es\/\u00bb submit_button_text=\u00bbIniciar sesi\u00f3n\u00bb _builder_version=\u00bb4.27.4&#8243; _module_preset=\u00bbdefault\u00bb _unique_id=\u00bb206175ac-419d-453a-8581-3322df6c79f3&#8243; title_text_align=\u00bbright\u00bb title_text_color=\u00bb#FFFFFF\u00bb captcha_text_color=\u00bbrgba(255,255,255,0.7)\u00bb captcha_letter_spacing=\u00bb1px\u00bb background_color=\u00bb#005487&#8243; custom_button=\u00bbon\u00bb button_icon_color=\u00bb#FFFFFF\u00bb button_custom_padding=\u00bb|85px||85px|false|false\u00bb max_width=\u00bb93%\u00bb module_alignment=\u00bbcenter\u00bb height=\u00bb290px\u00bb max_height=\u00bb290px\u00bb custom_margin=\u00bb||||false|false\u00bb custom_padding=\u00bb30px|25px||25px|false|false\u00bb link_option_url_new_window=\u00bbon\u00bb border_color_all=\u00bb#FFFFFF\u00bb global_colors_info=\u00bb{}\u00bb][et_pb_contact_field field_id=\u00bbContrase\u00f1a\u00bb field_title=\u00bbContrase\u00f1a\u00bb fullwidth_field=\u00bbon\u00bb _builder_version=\u00bb4.27.4&#8243; form_field_background_color=\u00bb#FFFFFF\u00bb form_field_font_size=\u00bb17px\u00bb custom_margin=\u00bb||30px||false|false\u00bb custom_padding=\u00bb25px||||false|false\u00bb border_radii=\u00bbon|4px|4px|4px|4px\u00bb global_colors_info=\u00bb{}\u00bb button_text_size__hover_enabled=\u00bboff\u00bb button_one_text_size__hover_enabled=\u00bboff\u00bb button_two_text_size__hover_enabled=\u00bboff\u00bb button_text_color__hover_enabled=\u00bboff\u00bb button_one_text_color__hover_enabled=\u00bboff\u00bb button_two_text_color__hover_enabled=\u00bboff\u00bb button_border_width__hover_enabled=\u00bboff\u00bb button_one_border_width__hover_enabled=\u00bboff\u00bb button_two_border_width__hover_enabled=\u00bboff\u00bb button_border_color__hover_enabled=\u00bboff\u00bb button_one_border_color__hover_enabled=\u00bboff\u00bb button_two_border_color__hover_enabled=\u00bboff\u00bb button_border_radius__hover_enabled=\u00bboff\u00bb button_one_border_radius__hover_enabled=\u00bboff\u00bb button_two_border_radius__hover_enabled=\u00bboff\u00bb button_letter_spacing__hover_enabled=\u00bboff\u00bb button_one_letter_spacing__hover_enabled=\u00bboff\u00bb button_two_letter_spacing__hover_enabled=\u00bboff\u00bb button_bg_color__hover_enabled=\u00bboff\u00bb button_one_bg_color__hover_enabled=\u00bboff\u00bb button_two_bg_color__hover_enabled=\u00bboff\u00bb][\/et_pb_contact_field][\/et_pb_contact_form][et_pb_text _builder_version=\u00bb4.27.4&#8243; _module_preset=\u00bbdefault\u00bb text_font=\u00bbRubik|300|||||||\u00bb text_text_color=\u00bb#FFFFFF\u00bb text_orientation=\u00bbright\u00bb max_width=\u00bb250px\u00bb module_alignment=\u00bbright\u00bb custom_margin=\u00bb-65px||||false|false\u00bb custom_padding=\u00bb|47px|||false|false\u00bb global_colors_info=\u00bb{}\u00bb]<\/p>\n<p><a style=\"color: #09e1c0;\" href=\"https:\/\/www.lbbarba.es\/lbbarba\/Recuperar_claves.php\" target=\"_blank\" rel=\"noopener\" title=\"Recuperar contrase\u00f1a\">\u00bfHas olvidado tu contrase\u00f1a?<\/a><\/p>\n<p>[\/et_pb_text][\/et_pb_column][\/et_pb_row][\/et_pb_section]<\/p>\n","protected":false},"excerpt":{"rendered":"<p>Si todav\u00eda no eres cliente, puedes darte de alta de forma sencilla rellenando los datos que encontrar\u00e1s en la ficha al pinchar sobre el bot\u00f3n de enlace\u00bfHas olvidado tu contrase\u00f1a?<\/p>\n","protected":false},"author":5,"featured_media":0,"parent":0,"menu_order":0,"comment_status":"closed","ping_status":"closed","template":"","meta":{"_et_pb_use_builder":"on","_et_pb_old_content":"","_et_gb_content_width":"","footnotes":""},"class_list":["post-8859","page","type-page","status-publish","hentry"],"_links":{"self":[{"href":"https:\/\/www.laboratoriobarba.es\/index.php?rest_route=\/wp\/v2\/pages\/8859","targetHints":{"allow":["GET"]}}],"collection":[{"href":"https:\/\/www.laboratoriobarba.es\/index.php?rest_route=\/wp\/v2\/pages"}],"about":[{"href":"https:\/\/www.laboratoriobarba.es\/index.php?rest_route=\/wp\/v2\/types\/page"}],"author":[{"embeddable":true,"href":"https:\/\/www.laboratoriobarba.es\/index.php?rest_route=\/wp\/v2\/users\/5"}],"replies":[{"embeddable":true,"href":"https:\/\/www.laboratoriobarba.es\/index.php?rest_route=%2Fwp%2Fv2%2Fcomments&post=8859"}],"version-history":[{"count":19,"href":"https:\/\/www.laboratoriobarba.es\/index.php?rest_route=\/wp\/v2\/pages\/8859\/revisions"}],"predecessor-version":[{"id":8899,"href":"https:\/\/www.laboratoriobarba.es\/index.php?rest_route=\/wp\/v2\/pages\/8859\/revisions\/8899"}],"wp:attachment":[{"href":"https:\/\/www.laboratoriobarba.es\/index.php?rest_route=%2Fwp%2Fv2%2Fmedia&parent=8859"}],"curies":[{"name":"wp","href":"https:\/\/api.w.org\/{rel}","templated":true}]}}