{"id":8925,"date":"2025-01-31T16:51:49","date_gmt":"2025-01-31T15:51:49","guid":{"rendered":"https:\/\/www.laboratoriobarba.es\/?page_id=8925"},"modified":"2025-09-02T13:35:39","modified_gmt":"2025-09-02T12:35:39","slug":"8925-2","status":"publish","type":"page","link":"https:\/\/www.laboratoriobarba.es\/?page_id=8925","title":{"rendered":"ADN &#8211; Identificaci\u00f3n Gen\u00e9tica"},"content":{"rendered":"<p>[et_pb_section fb_built=\u00bb1&#8243; _builder_version=\u00bb4.27.4&#8243; _module_preset=\u00bbdefault\u00bb use_background_color_gradient=\u00bbon\u00bb background_color_gradient_stops=\u00bb#005487 0%|#0082ca 100%\u00bb background_image=\u00bbhttps:\/\/www.laboratoriobarba.es\/wp-content\/uploads\/2025\/05\/RSCE_FONDO.png\u00bb background_blend=\u00bbsoft-light\u00bb global_colors_info=\u00bb{}\u00bb][et_pb_row column_structure=\u00bb2_3,1_3&#8243; _builder_version=\u00bb4.27.4&#8243; _module_preset=\u00bbdefault\u00bb global_colors_info=\u00bb{}\u00bb][et_pb_column type=\u00bb2_3&#8243; _builder_version=\u00bb4.27.4&#8243; _module_preset=\u00bbdefault\u00bb global_colors_info=\u00bb{}\u00bb][et_pb_heading title=\u00bbADN &#8211; Identificaci\u00f3n Gen\u00e9tica\u00bb _builder_version=\u00bb4.27.4&#8243; _module_preset=\u00bbdefault\u00bb title_font=\u00bbRubik|600|||||||\u00bb title_text_color=\u00bb#FFFFFF\u00bb title_font_size=\u00bb42px\u00bb global_colors_info=\u00bb{}\u00bb][\/et_pb_heading][et_pb_text _builder_version=\u00bb4.27.4&#8243; _module_preset=\u00bbdefault\u00bb text_text_color=\u00bb#FFFFFF\u00bb text_font_size=\u00bb16px\u00bb width=\u00bb80%\u00bb global_colors_info=\u00bb{}\u00bb]<\/p>\n<p>Nuestro laboratorio es uno de los elegidos por la Real Sociedad Canina Espa\u00f1ola (RSCE), para la realizaci\u00f3n de pruebas de Identificaci\u00f3n Gen\u00e9tica entre sus socios.<\/p>\n<p>[\/et_pb_text][\/et_pb_column][et_pb_column type=\u00bb1_3&#8243; _builder_version=\u00bb4.27.4&#8243; _module_preset=\u00bbdefault\u00bb global_colors_info=\u00bb{}\u00bb][et_pb_image src=\u00bbhttps:\/\/www.laboratoriobarba.es\/wp-content\/uploads\/2025\/01\/Logo-cabecera-web-corona-nueva.png.webp\u00bb alt=\u00bbLogotipo RSCE\u00bb title_text=\u00bbLogo-cabecera-web-corona-nueva.png\u00bb _builder_version=\u00bb4.27.4&#8243; _module_preset=\u00bbdefault\u00bb width=\u00bb85%\u00bb module_alignment=\u00bbright\u00bb custom_margin=\u00bb-20px||||false|false\u00bb custom_padding=\u00bb0px||||false|false\u00bb global_colors_info=\u00bb{}\u00bb][\/et_pb_image][\/et_pb_column][\/et_pb_row][\/et_pb_section][et_pb_section fb_built=\u00bb1&#8243; _builder_version=\u00bb4.27.4&#8243; _module_preset=\u00bbdefault\u00bb global_colors_info=\u00bb{}\u00bb][et_pb_row _builder_version=\u00bb4.27.4&#8243; _module_preset=\u00bbdefault\u00bb global_colors_info=\u00bb{}\u00bb][et_pb_column type=\u00bb4_4&#8243; _builder_version=\u00bb4.27.4&#8243; _module_preset=\u00bbdefault\u00bb global_colors_info=\u00bb{}\u00bb][et_pb_heading title=\u00bbC\u00f3mo solicitar la Prueba de ADN\u00bb _builder_version=\u00bb4.27.4&#8243; _module_preset=\u00bbdefault\u00bb title_font=\u00bbRubik|500|||||||\u00bb title_text_color=\u00bb#005487&#8243; title_font_size=\u00bb36px\u00bb custom_padding=\u00bb||5px||false|false\u00bb global_colors_info=\u00bb{}\u00bb][\/et_pb_heading][et_pb_divider color=\u00bb#09e1c0&#8243; divider_weight=\u00bb4px\u00bb _builder_version=\u00bb4.27.4&#8243; _module_preset=\u00bbdefault\u00bb max_width=\u00bb40px\u00bb module_alignment=\u00bbleft\u00bb global_colors_info=\u00bb{}\u00bb][\/et_pb_divider][\/et_pb_column][\/et_pb_row][et_pb_row column_structure=\u00bb1_2,1_2&#8243; _builder_version=\u00bb4.27.4&#8243; _module_preset=\u00bbdefault\u00bb custom_padding=\u00bb||60px||false|false\u00bb global_colors_info=\u00bb{}\u00bb][et_pb_column type=\u00bb1_2&#8243; _builder_version=\u00bb4.27.4&#8243; _module_preset=\u00bbdefault\u00bb global_colors_info=\u00bb{}\u00bb][et_pb_blurb title=\u00bb1. Ir a la p\u00e1gina web de la RSCE\u00bb use_icon=\u00bbon\u00bb font_icon=\u00bb&#xf108;||fa||900&#8243; icon_placement=\u00bbleft\u00bb image_icon_width=\u00bb25px\u00bb _builder_version=\u00bb4.27.4&#8243; _module_preset=\u00bbdefault\u00bb header_font=\u00bb||||||||\u00bb module_alignment=\u00bbleft\u00bb global_colors_info=\u00bb{}\u00bb]<\/p>\n<p>Entrar en el apartado &gt; <strong>ADN &#8211; Identificaci\u00f3n Gen\u00e9tica<\/strong>:\u00a0 <a href=\"https:\/\/www.rsce.es\/adn-identificacion-genetica\/\" target=\"_blank\" rel=\"noopener\">www.rsce.es\/adn-identificacion-genetica\/<\/a><\/p>\n<p>[\/et_pb_blurb][et_pb_blurb title=\u00bb2. Realizar la pre-inscripci\u00f3n\u00bb use_icon=\u00bbon\u00bb font_icon=\u00bb&#xf044;||fa||900&#8243; icon_placement=\u00bbleft\u00bb image_icon_width=\u00bb25px\u00bb _builder_version=\u00bb4.27.4&#8243; _module_preset=\u00bbdefault\u00bb header_font=\u00bb||||||||\u00bb module_alignment=\u00bbleft\u00bb global_colors_info=\u00bb{}\u00bb]<\/p>\n<p>Rellenar los datos que nos solicitan.<\/p>\n<p>[\/et_pb_blurb][et_pb_blurb title=\u00bb3. Confirmaci\u00f3n y c\u00f3digo QR\u00bb use_icon=\u00bbon\u00bb font_icon=\u00bb&#xf029;||fa||900&#8243; icon_placement=\u00bbleft\u00bb image_icon_width=\u00bb25px\u00bb _builder_version=\u00bb4.27.4&#8243; _module_preset=\u00bbdefault\u00bb header_font=\u00bb||||||||\u00bb module_alignment=\u00bbleft\u00bb global_colors_info=\u00bb{}\u00bb]<\/p>\n<p>Si ha realizado <strong>correctamente la pre-inscripci\u00f3n<\/strong>, le llegar\u00e1 una <strong>confirmaci\u00f3n por email con un c\u00f3digo QR<\/strong> (que deber\u00e1 llevar al veterinario cuando tome la muestra).<\/p>\n<p>[\/et_pb_blurb][et_pb_blurb title=\u00bb4. Rellenar la ficha de nuestro laboratorio\u00bb use_icon=\u00bbon\u00bb font_icon=\u00bb&#xf4ff;||fa||900&#8243; icon_placement=\u00bbleft\u00bb image_icon_width=\u00bb25px\u00bb _builder_version=\u00bb4.27.4&#8243; _module_preset=\u00bbdefault\u00bb header_font=\u00bb||||||||\u00bb module_alignment=\u00bbleft\u00bb global_colors_info=\u00bb{}\u00bb]<\/p>\n<p>Completar la<strong> \u00abficha cliente\u00bb<\/strong> que aparece m\u00e1s abajo.<\/p>\n<p>[\/et_pb_blurb][\/et_pb_column][et_pb_column type=\u00bb1_2&#8243; _builder_version=\u00bb4.27.4&#8243; _module_preset=\u00bbdefault\u00bb global_colors_info=\u00bb{}\u00bb][et_pb_blurb title=\u00bb5. Env\u00edo de Kit para muestra de ADN\u00bb use_icon=\u00bbon\u00bb font_icon=\u00bb&#xf492;||fa||900&#8243; icon_placement=\u00bbleft\u00bb image_icon_width=\u00bb25px\u00bb _builder_version=\u00bb4.27.4&#8243; _module_preset=\u00bbdefault\u00bb header_font=\u00bb||||||||\u00bb module_alignment=\u00bbleft\u00bb global_colors_info=\u00bb{}\u00bb]<\/p>\n<p>Una vez tengamos su \u00abFicha de Cliente\u00bb, nuestro laboratorio le har\u00e1 llegar los kits para las tomas de<strong> muestras de ADN<\/strong> que nos haya solicitado.<\/p>\n<p>[\/et_pb_blurb][et_pb_blurb title=\u00bb6. Recogida de la muestra\u00bb use_icon=\u00bbon\u00bb font_icon=\u00bb&#xf0d1;||fa||900&#8243; icon_placement=\u00bbleft\u00bb image_icon_width=\u00bb25px\u00bb _builder_version=\u00bb4.27.4&#8243; _module_preset=\u00bbdefault\u00bb header_font=\u00bb||||||||\u00bb module_alignment=\u00bbleft\u00bb custom_margin=\u00bb||0px||false|false\u00bb hover_enabled=\u00bb0&#8243; global_colors_info=\u00bb{}\u00bb sticky_enabled=\u00bb0&#8243;]<\/p>\n<p>Una vez tomada la muestra realizaremos la recogida de la misma. No olvide adjuntarnos los documentos que debe descargar el veterinario:<\/p>\n<ul>\n<li><strong>Retorno de viales (firmado)<\/strong><\/li>\n<li><strong>Documento con el QR y los datos de los perros<\/strong><\/li>\n<\/ul>\n<p>[\/et_pb_blurb][et_pb_blurb title=\u00bb7. Env\u00edo de resultados\u00bb use_icon=\u00bbon\u00bb font_icon=\u00bb&#xe058;||divi||400&#8243; icon_placement=\u00bbleft\u00bb image_icon_width=\u00bb25px\u00bb _builder_version=\u00bb4.27.4&#8243; _module_preset=\u00bbdefault\u00bb header_font=\u00bb||||||||\u00bb module_alignment=\u00bbleft\u00bb global_colors_info=\u00bb{}\u00bb]<\/p>\n<p><strong>Enviaremos los resultados de las pruebas<\/strong> a nuestro cliente v\u00eda email.<\/p>\n<p>[\/et_pb_blurb][et_pb_blurb title=\u00bb8. Inscripci\u00f3n en el registro de la RSCE\u00bb use_icon=\u00bbon\u00bb font_icon=\u00bb&#xe078;||divi||400&#8243; icon_placement=\u00bbleft\u00bb image_icon_width=\u00bb25px\u00bb _builder_version=\u00bb4.27.4&#8243; _module_preset=\u00bbdefault\u00bb header_font=\u00bb||||||||\u00bb module_alignment=\u00bbleft\u00bb global_colors_info=\u00bb{}\u00bb]<\/p>\n<p>Nuestro laboratorio realizar\u00e1 la <strong>inscripci\u00f3n del ADN en la RSCE.<\/strong><\/p>\n<p>[\/et_pb_blurb][\/et_pb_column][\/et_pb_row][et_pb_row _builder_version=\u00bb4.27.4&#8243; _module_preset=\u00bbdefault\u00bb background_color=\u00bb#ededed\u00bb custom_padding=\u00bb||30px||false|false\u00bb global_colors_info=\u00bb{}\u00bb][et_pb_column type=\u00bb4_4&#8243; _builder_version=\u00bb4.27.4&#8243; _module_preset=\u00bbdefault\u00bb global_colors_info=\u00bb{}\u00bb][et_pb_heading title=\u00bbFicha de cliente\u00bb _builder_version=\u00bb4.27.4&#8243; _module_preset=\u00bbdefault\u00bb custom_margin=\u00bb|||10px|false|false\u00bb custom_padding=\u00bb8px||||false|false\u00bb global_colors_info=\u00bb{}\u00bb][\/et_pb_heading][et_pb_contact_form captcha=\u00bboff\u00bb _builder_version=\u00bb4.27.4&#8243; _module_preset=\u00bbdefault\u00bb _unique_id=\u00bb4157c733-e706-4836-9f2f-5f4e2b34047b\u00bb form_field_background_color=\u00bb#FFFFFF\u00bb custom_margin=\u00bb|10px||10px|false|false\u00bb custom_padding=\u00bb||10px||false|false\u00bb box_shadow_style=\u00bbpreset1&#8243; box_shadow_blur=\u00bb8px\u00bb global_colors_info=\u00bb{}\u00bb][et_pb_contact_field field_id=\u00bbName\u00bb field_title=\u00bbNombre Completo\u00bb allowed_symbols=\u00bbletters\u00bb _builder_version=\u00bb4.27.4&#8243; global_colors_info=\u00bb{}\u00bb button_text_size__hover_enabled=\u00bboff\u00bb button_one_text_size__hover_enabled=\u00bboff\u00bb button_two_text_size__hover_enabled=\u00bboff\u00bb button_text_color__hover_enabled=\u00bboff\u00bb button_one_text_color__hover_enabled=\u00bboff\u00bb button_two_text_color__hover_enabled=\u00bboff\u00bb button_border_width__hover_enabled=\u00bboff\u00bb button_one_border_width__hover_enabled=\u00bboff\u00bb button_two_border_width__hover_enabled=\u00bboff\u00bb button_border_color__hover_enabled=\u00bboff\u00bb button_one_border_color__hover_enabled=\u00bboff\u00bb button_two_border_color__hover_enabled=\u00bboff\u00bb button_border_radius__hover_enabled=\u00bboff\u00bb button_one_border_radius__hover_enabled=\u00bboff\u00bb button_two_border_radius__hover_enabled=\u00bboff\u00bb button_letter_spacing__hover_enabled=\u00bboff\u00bb button_one_letter_spacing__hover_enabled=\u00bboff\u00bb button_two_letter_spacing__hover_enabled=\u00bboff\u00bb button_bg_color__hover_enabled=\u00bboff\u00bb button_one_bg_color__hover_enabled=\u00bboff\u00bb button_two_bg_color__hover_enabled=\u00bboff\u00bb][\/et_pb_contact_field][et_pb_contact_field field_id=\u00bbTel\u00e9fono\u00bb field_title=\u00bbTel\u00e9fono\u00bb min_length=\u00bb6&#8243; max_length=\u00bb9&#8243; allowed_symbols=\u00bbnumbers\u00bb _builder_version=\u00bb4.27.4&#8243; _module_preset=\u00bbdefault\u00bb global_colors_info=\u00bb{}\u00bb][\/et_pb_contact_field][et_pb_contact_field field_id=\u00bbEmail\u00bb field_title=\u00bbEmail\u00bb field_type=\u00bbemail\u00bb _builder_version=\u00bb4.27.4&#8243; global_colors_info=\u00bb{}\u00bb button_text_size__hover_enabled=\u00bboff\u00bb button_one_text_size__hover_enabled=\u00bboff\u00bb button_two_text_size__hover_enabled=\u00bboff\u00bb button_text_color__hover_enabled=\u00bboff\u00bb button_one_text_color__hover_enabled=\u00bboff\u00bb button_two_text_color__hover_enabled=\u00bboff\u00bb button_border_width__hover_enabled=\u00bboff\u00bb button_one_border_width__hover_enabled=\u00bboff\u00bb button_two_border_width__hover_enabled=\u00bboff\u00bb button_border_color__hover_enabled=\u00bboff\u00bb button_one_border_color__hover_enabled=\u00bboff\u00bb button_two_border_color__hover_enabled=\u00bboff\u00bb button_border_radius__hover_enabled=\u00bboff\u00bb button_one_border_radius__hover_enabled=\u00bboff\u00bb button_two_border_radius__hover_enabled=\u00bboff\u00bb button_letter_spacing__hover_enabled=\u00bboff\u00bb button_one_letter_spacing__hover_enabled=\u00bboff\u00bb button_two_letter_spacing__hover_enabled=\u00bboff\u00bb button_bg_color__hover_enabled=\u00bboff\u00bb button_one_bg_color__hover_enabled=\u00bboff\u00bb button_two_bg_color__hover_enabled=\u00bboff\u00bb][\/et_pb_contact_field][et_pb_contact_field field_id=\u00bbDNI_\/_CIF\u00bb field_title=\u00bbDNI \/ CIF\u00bb _builder_version=\u00bb4.27.4&#8243; _module_preset=\u00bbdefault\u00bb global_colors_info=\u00bb{}\u00bb][\/et_pb_contact_field][et_pb_contact_field field_id=\u00bbDirecci\u00f3n\u00bb field_title=\u00bbDirecci\u00f3n Completa  (Calle\/n\u00ba\/CP\/)\u00bb _builder_version=\u00bb4.27.4&#8243; _module_preset=\u00bbdefault\u00bb global_colors_info=\u00bb{}\u00bb][\/et_pb_contact_field][et_pb_contact_field field_id=\u00bbCiudad\u00bb field_title=\u00bbCiudad\u00bb allowed_symbols=\u00bbletters\u00bb _builder_version=\u00bb4.27.4&#8243; _module_preset=\u00bbdefault\u00bb global_colors_info=\u00bb{}\u00bb][\/et_pb_contact_field][et_pb_contact_field field_id=\u00bbProvincia\u00bb field_title=\u00bbProvincia\u00bb allowed_symbols=\u00bbletters\u00bb _builder_version=\u00bb4.27.4&#8243; _module_preset=\u00bbdefault\u00bb global_colors_info=\u00bb{}\u00bb][\/et_pb_contact_field][et_pb_contact_field field_id=\u00bbKits_ADN\u00bb field_title=\u00bbN\u00famero de kits para la prueba de ADN\u00bb allowed_symbols=\u00bbnumbers\u00bb _builder_version=\u00bb4.27.4&#8243; _module_preset=\u00bbdefault\u00bb global_colors_info=\u00bb{}\u00bb][\/et_pb_contact_field][et_pb_contact_field field_id=\u00bbPago\u00bb field_title=\u00bbForma de pago\u00bb field_type=\u00bbcheckbox\u00bb checkbox_options=\u00bb%91{%22value%22:%22Domiciliaci\u00f3n bancaria%22,%22checked%22:0,%22dragID%22:-1},{%22value%22:%22Transferencia%22,%22checked%22:0,%22dragID%22:0}%93&#8243; fullwidth_field=\u00bbon\u00bb _builder_version=\u00bb4.27.4&#8243; _module_preset=\u00bbdefault\u00bb global_colors_info=\u00bb{}\u00bb][\/et_pb_contact_field][et_pb_contact_field field_id=\u00bbDomiciliaci\u00f3n\u00bb field_title=\u00bbSi ha marcado domiciliaci\u00f3n, indique la cuenta\u00bb min_length=\u00bb24&#8243; max_length=\u00bb24&#8243; allowed_symbols=\u00bbalphanumeric\u00bb fullwidth_field=\u00bbon\u00bb conditional_logic=\u00bbon\u00bb conditional_logic_rules=\u00bb%91{%22field%22:%22pago%22,%22condition%22:%22is%22,%22value%22:%22Domiciliaci\u00f3n bancaria%22}%93&#8243; _builder_version=\u00bb4.27.4&#8243; _module_preset=\u00bbdefault\u00bb global_colors_info=\u00bb{}\u00bb][\/et_pb_contact_field][\/et_pb_contact_form][\/et_pb_column][\/et_pb_row][\/et_pb_section][et_pb_section fb_built=\u00bb1&#8243; _builder_version=\u00bb4.27.4&#8243; _module_preset=\u00bbdefault\u00bb background_color=\u00bb#f7f8fc\u00bb custom_padding=\u00bb15px||||false|false\u00bb global_colors_info=\u00bb{}\u00bb][et_pb_row _builder_version=\u00bb4.27.4&#8243; _module_preset=\u00bbdefault\u00bb custom_margin=\u00bb30px||||false|false\u00bb global_colors_info=\u00bb{}\u00bb][et_pb_column type=\u00bb4_4&#8243; _builder_version=\u00bb4.27.4&#8243; _module_preset=\u00bbdefault\u00bb global_colors_info=\u00bb{}\u00bb][et_pb_heading title=\u00bbKit para la prueba de ADN\u00bb _builder_version=\u00bb4.27.4&#8243; _module_preset=\u00bbdefault\u00bb title_font=\u00bbRubik|500|||||||\u00bb title_text_color=\u00bb#005487&#8243; title_font_size=\u00bb36px\u00bb custom_padding=\u00bb||5px||false|false\u00bb global_colors_info=\u00bb{}\u00bb][\/et_pb_heading][et_pb_divider color=\u00bb#09e1c0&#8243; divider_weight=\u00bb4px\u00bb _builder_version=\u00bb4.27.4&#8243; _module_preset=\u00bbdefault\u00bb max_width=\u00bb40px\u00bb module_alignment=\u00bbleft\u00bb global_colors_info=\u00bb{}\u00bb][\/et_pb_divider][\/et_pb_column][\/et_pb_row][et_pb_row column_structure=\u00bb1_2,1_2&#8243; _builder_version=\u00bb4.27.4&#8243; _module_preset=\u00bbdefault\u00bb max_width=\u00bb1000px\u00bb module_alignment=\u00bbcenter\u00bb custom_padding=\u00bb||40px||false|false\u00bb global_colors_info=\u00bb{}\u00bb][et_pb_column type=\u00bb1_2&#8243; _builder_version=\u00bb4.27.4&#8243; _module_preset=\u00bbdefault\u00bb global_colors_info=\u00bb{}\u00bb][et_pb_text _builder_version=\u00bb4.27.4&#8243; _module_preset=\u00bbdefault\u00bb custom_margin=\u00bb||||false|false\u00bb hover_enabled=\u00bb0&#8243; global_colors_info=\u00bb{}\u00bb sticky_enabled=\u00bb0&#8243;]<\/p>\n<p><strong>Contenido del Kit<\/strong><\/p>\n<ol>\n<li>Bolsa para introducir la muestra.<\/li>\n<li>Instrucciones para la toma de muestra.<\/li>\n<li>Documentaci\u00f3n a enviar con la muestra.<\/li>\n<li>Un tubito para sangre\/EDTA (Tap\u00f3n morado).<\/li>\n<\/ol>\n<p>[\/et_pb_text][\/et_pb_column][et_pb_column type=\u00bb1_2&#8243; _builder_version=\u00bb4.27.4&#8243; _module_preset=\u00bbdefault\u00bb global_colors_info=\u00bb{}\u00bb][et_pb_image src=\u00bbhttps:\/\/www.laboratoriobarba.es\/wp-content\/uploads\/2025\/09\/Bolsa_Kit.png\u00bb alt=\u00bbKit ADN Bolsa\u00bb title_text=\u00bbBolsa_Kit\u00bb align=\u00bbcenter\u00bb _builder_version=\u00bb4.27.4&#8243; _module_preset=\u00bbdefault\u00bb hover_enabled=\u00bb0&#8243; global_colors_info=\u00bb{}\u00bb sticky_enabled=\u00bb0&#8243;][\/et_pb_image][\/et_pb_column][\/et_pb_row][\/et_pb_section]<\/p>\n","protected":false},"excerpt":{"rendered":"<p>Nuestro laboratorio es uno de los elegidos por la Real Sociedad Canina Espa\u00f1ola (RSCE), para la realizaci\u00f3n de pruebas de Identificaci\u00f3n Gen\u00e9tica entre sus socios.Entrar en el apartado &gt; ADN &#8211; Identificaci\u00f3n Gen\u00e9tica:\u00a0 www.rsce.es\/adn-identificacion-genetica\/Rellenar los datos que nos solicitan.Si ha realizado correctamente la pre-inscripci\u00f3n, le llegar\u00e1 una confirmaci\u00f3n por email con un c\u00f3digo QR (que [&hellip;]<\/p>\n","protected":false},"author":5,"featured_media":0,"parent":0,"menu_order":0,"comment_status":"closed","ping_status":"closed","template":"","meta":{"_et_pb_use_builder":"on","_et_pb_old_content":"","_et_gb_content_width":"","footnotes":""},"class_list":["post-8925","page","type-page","status-publish","hentry"],"_links":{"self":[{"href":"https:\/\/www.laboratoriobarba.es\/index.php?rest_route=\/wp\/v2\/pages\/8925","targetHints":{"allow":["GET"]}}],"collection":[{"href":"https:\/\/www.laboratoriobarba.es\/index.php?rest_route=\/wp\/v2\/pages"}],"about":[{"href":"https:\/\/www.laboratoriobarba.es\/index.php?rest_route=\/wp\/v2\/types\/page"}],"author":[{"embeddable":true,"href":"https:\/\/www.laboratoriobarba.es\/index.php?rest_route=\/wp\/v2\/users\/5"}],"replies":[{"embeddable":true,"href":"https:\/\/www.laboratoriobarba.es\/index.php?rest_route=%2Fwp%2Fv2%2Fcomments&post=8925"}],"version-history":[{"count":55,"href":"https:\/\/www.laboratoriobarba.es\/index.php?rest_route=\/wp\/v2\/pages\/8925\/revisions"}],"predecessor-version":[{"id":9095,"href":"https:\/\/www.laboratoriobarba.es\/index.php?rest_route=\/wp\/v2\/pages\/8925\/revisions\/9095"}],"wp:attachment":[{"href":"https:\/\/www.laboratoriobarba.es\/index.php?rest_route=%2Fwp%2Fv2%2Fmedia&parent=8925"}],"curies":[{"name":"wp","href":"https:\/\/api.w.org\/{rel}","templated":true}]}}