{"id":4182,"date":"2024-10-29T09:30:41","date_gmt":"2024-10-29T08:30:41","guid":{"rendered":"https:\/\/www.laboratoriobarba.es\/?post_type=product&#038;p=4182"},"modified":"2025-03-26T16:41:17","modified_gmt":"2025-03-26T15:41:17","slug":"ehrlichia-canis-test-rapido-5-unidades","status":"publish","type":"product","link":"https:\/\/www.laboratoriobarba.es\/?product=ehrlichia-canis-test-rapido-5-unidades","title":{"rendered":"Ehrlichia canis test r\u00e1pido 5 unidades"},"content":{"rendered":"<p><strong>Ehrlichia Canis Ab Test<\/strong><br \/>Cat. No.: W81132<br \/><strong>1. USOS<\/strong><br \/>El test r\u00e1pido de Ehrlichia canis Ab es un inmunoan\u00e1lisis de flujo lateral que sirve para detectar cualitativamente el anticuerpo anti Ehrlichia canis en el suero, plasma o sangre del perro.<br \/><strong>Tiempo para el an\u00e1lisis:<\/strong>\u00a015-20 min<br \/><strong>Muestra:<\/strong>\u00a0suero, plasma o sangre<br \/><strong>2. PRINCIPIO DEL AN\u00c1LISIS<\/strong><br \/>El test r\u00e1pido de Ehrlichia canis est\u00e1 basado en un inmunoan\u00e1lisis de flujo lateral. Tiene una ventana en la que hay una zona invisible (T) y una zona de control (C). Cuando las muestras se ponen en agujero del dispositivo, el l\u00edquido fluir\u00e1 lateralmente en la superficie de la banda del test. Si hay suficientes anticuerpos contra el ant\u00edgeno de Ehrlichia canis en la muestra, La banda T se har\u00e1 visible. La banda C siempre ser\u00e1 visible despu\u00e9s de poner la muestra, indicando que el resultado es v\u00e1lido. Esto significa, que el dispositivo puede detectar con precisi\u00f3n si hay o no hay presencia del anticuerpos de Ehrlichia canis en la muestra.<br \/><strong>3. COMPONENTES DEL KIT<\/strong><br \/>5x bolsa met\u00e1lica que contienen cada uno un cassette, una pipeta y un desecante.<br \/>1x bote buffer para an\u00e1lisis (2,5 ml)<br \/>5x pipetas<br \/>5x tubos para centr\u00edfuga<br \/>Un manual del producto<br \/><strong>4. PROCEDIMIENTO DEL TEST<\/strong><br \/><img loading=\"lazy\" decoding=\"async\" width=\"797\" height=\"347\" src=\"https:\/\/www.lbbarba.es\/wp-content\/uploads\/2019\/09\/word-image.jpeg\"><br \/>Recoger una muestra del suero, plasma o sangre (reciente o guardada entre 2-8\u00baC pudiendo ser usada hasta el tercer d\u00eda) y meterla en el tubo para centr\u00edfuga.<br \/>Sacar el cassette de la bolsa met\u00e1lica y ponerlo en posici\u00f3n horizontal.<br \/>Usar la pipeta para gradualmente poner el suero, plasma o sangre en el agujero para muestras.<br \/>A\u00f1adir dos gotas del bote buffer. Interpretar el resultado en 15 minutos. El resultado despu\u00e9s de los 20 minutos se considera inv\u00e1lido.<br \/><strong>5. INTERPRETACI\u00d3N DE RESULTADOS<\/strong><br \/><strong>Positivo:<\/strong>\u00a0Se observan la banda C y la T. El resultado ser\u00e1 positivo aunque la banda T se vea poco definida.<br \/><strong>Negativo:<\/strong>\u00a0Solo se observa la banda C muy claramente.<br \/><strong>Inv\u00e1lido:<\/strong>\u00a0No hay una banda en la zona C, independientemente de si hay o no banda T. Para que el resultado sea v\u00e1lido tiene que haber una banda C.<br \/><img loading=\"lazy\" decoding=\"async\" width=\"670\" height=\"195\" src=\"https:\/\/www.lbbarba.es\/wp-content\/uploads\/2019\/09\/word-image-1.jpeg\"><br \/><strong>6. ALMACENAMIENTO<\/strong><br \/>El kit se puede guardar a temperatura ambiente (2-30\u00baC). El kit valdr\u00e1 durante 18 meses, la fecha de caducidad se encuentra en la bolsa plateada.<strong>\u00a0NO CONGELAR.<\/strong>\u00a0No guardar en un sitio que le d\u00e9 el sol directamente.<\/p>\n<p><strong>7. PRECAUCIONES<\/strong><br \/>Para unos resultados \u00f3ptimos siga las instrucciones al pie de la letra.<br \/>Todos los reactivos deben estar a temperatura ambiente antes de hacer el an\u00e1lisis.<br \/>No extraer el cassette de la bolsa met\u00e1lica hasta justo antes de hacer el an\u00e1lisis.<br \/>No utilizar m\u00e1s de una vez el kit.<br \/>No utilizar el kit una vez est\u00e9 caducado.<br \/>Los componentes en este kit han pasado un control de calidad en conjunto. Por favor, no mezcle componentes de diferentes lotes.<br \/><strong>8. LIMITACIONES<\/strong><br \/>El test r\u00e1pido de ehrlichiosis canina es solo para uso in vitro de diagn\u00f3stico veterinario. Todos los resultados tienen que ser analizados junto a toda la informaci\u00f3n cl\u00ednica disponible para el veterinario. Para un resultado preciso, se sugiere aplicar otro m\u00e9todo adicional como inmunofluorescencia. Los test r\u00e1pidos de diagn\u00f3stico de ehrlichiosis canina est\u00e1n calibrados para detectar t\u00edtulos iguales o superiores a 1:256, por lo que t\u00edtulos inferiores deben ser detectados por otros m\u00e9todos.<br \/><em>Fabricado por Quicking Biotech Co., Ltd. No. 1998,South Yanggao Road, Shanghai, P.R. China<\/em><br \/><em>Distribuido en Espa\u00f1a por Laboratorio Dr. Barba. Calle Puerto Linera, 14. 28935. M\u00f3stoles (Espa\u00f1a)<\/em><\/p>\n","protected":false},"excerpt":{"rendered":"<p>Ehrlichia Canis Ab TestCat. No.: W811321. USOSEl test r\u00e1pido de Ehrlichia canis Ab es un inmunoan\u00e1lisis de flujo lateral que sirve para detectar cualitativamente el anticuerpo anti Ehrlichia canis en el suero, plasma o sangre del perro.Tiempo para el an\u00e1lisis:\u00a015-20 minMuestra:\u00a0suero, plasma o sangre2. PRINCIPIO DEL AN\u00c1LISISEl test r\u00e1pido de Ehrlichia canis est\u00e1 basado en [&hellip;]<\/p>\n","protected":false},"featured_media":4184,"comment_status":"open","ping_status":"closed","template":"","meta":{"_et_pb_use_builder":"on","_et_pb_old_content":"<strong>Ehrlichia Canis Ab Test<\/strong><br>Cat. No.: W81132<br><strong>1. USOS<\/strong><br>El test r\u00e1pido de Ehrlichia canis Ab es un inmunoan\u00e1lisis de flujo lateral que sirve para detectar cualitativamente el anticuerpo anti Ehrlichia canis en el suero, plasma o sangre del perro.<br><strong>Tiempo para el an\u00e1lisis:<\/strong>\u00a015-20 min<br><strong>Muestra:<\/strong>\u00a0suero, plasma o sangre<br><strong>2. PRINCIPIO DEL AN\u00c1LISIS<\/strong><br>El test r\u00e1pido de Ehrlichia canis est\u00e1 basado en un inmunoan\u00e1lisis de flujo lateral. Tiene una ventana en la que hay una zona invisible (T) y una zona de control (C). Cuando las muestras se ponen en agujero del dispositivo, el l\u00edquido fluir\u00e1 lateralmente en la superficie de la banda del test. Si hay suficientes anticuerpos contra el ant\u00edgeno de Ehrlichia canis en la muestra, La banda T se har\u00e1 visible. La banda C siempre ser\u00e1 visible despu\u00e9s de poner la muestra, indicando que el resultado es v\u00e1lido. Esto significa, que el dispositivo puede detectar con precisi\u00f3n si hay o no hay presencia del anticuerpos de Ehrlichia canis en la muestra.<br><strong>3. COMPONENTES DEL KIT<\/strong><br>5x bolsa met\u00e1lica que contienen cada uno un cassette, una pipeta y un desecante.<br>1x bote buffer para an\u00e1lisis (2,5 ml)<br>5x pipetas<br>5x tubos para centr\u00edfuga<br>Un manual del producto<br><strong>4. PROCEDIMIENTO DEL TEST<\/strong><br><img width=\"797\" height=\"347\" src=\"https:\/\/www.lbbarba.es\/wp-content\/uploads\/2019\/09\/word-image.jpeg\"><br>Recoger una muestra del suero, plasma o sangre (reciente o guardada entre 2-8\u00baC pudiendo ser usada hasta el tercer d\u00eda) y meterla en el tubo para centr\u00edfuga.<br>Sacar el cassette de la bolsa met\u00e1lica y ponerlo en posici\u00f3n horizontal.<br>Usar la pipeta para gradualmente poner el suero, plasma o sangre en el agujero para muestras.<br>A\u00f1adir dos gotas del bote buffer. Interpretar el resultado en 15 minutos. El resultado despu\u00e9s de los 20 minutos se considera inv\u00e1lido.<br><strong>5. INTERPRETACI\u00d3N DE RESULTADOS<\/strong><br><strong>Positivo:<\/strong>\u00a0Se observan la banda C y la T. El resultado ser\u00e1 positivo aunque la banda T se vea poco definida.<br><strong>Negativo:<\/strong>\u00a0Solo se observa la banda C muy claramente.<br><strong>Inv\u00e1lido:<\/strong>\u00a0No hay una banda en la zona C, independientemente de si hay o no banda T. Para que el resultado sea v\u00e1lido tiene que haber una banda C.<br><img width=\"670\" height=\"195\" src=\"https:\/\/www.lbbarba.es\/wp-content\/uploads\/2019\/09\/word-image-1.jpeg\"><br><strong>6. ALMACENAMIENTO<\/strong><br>El kit se puede guardar a temperatura ambiente (2-30\u00baC). El kit valdr\u00e1 durante 18 meses, la fecha de caducidad se encuentra en la bolsa plateada.<strong>\u00a0NO CONGELAR.<\/strong>\u00a0No guardar en un sitio que le d\u00e9 el sol directamente.<br><br><strong>7. PRECAUCIONES<\/strong><br>Para unos resultados \u00f3ptimos siga las instrucciones al pie de la letra.<br>Todos los reactivos deben estar a temperatura ambiente antes de hacer el an\u00e1lisis.<br>No extraer el cassette de la bolsa met\u00e1lica hasta justo antes de hacer el an\u00e1lisis.<br>No utilizar m\u00e1s de una vez el kit.<br>No utilizar el kit una vez est\u00e9 caducado.<br>Los componentes en este kit han pasado un control de calidad en conjunto. Por favor, no mezcle componentes de diferentes lotes.<br><strong>8. LIMITACIONES<\/strong><br>El test r\u00e1pido de ehrlichiosis canina es solo para uso in vitro de diagn\u00f3stico veterinario. Todos los resultados tienen que ser analizados junto a toda la informaci\u00f3n cl\u00ednica disponible para el veterinario. Para un resultado preciso, se sugiere aplicar otro m\u00e9todo adicional como inmunofluorescencia. Los test r\u00e1pidos de diagn\u00f3stico de ehrlichiosis canina est\u00e1n calibrados para detectar t\u00edtulos iguales o superiores a 1:256, por lo que t\u00edtulos inferiores deben ser detectados por otros m\u00e9todos.<br><em>Fabricado por Quicking Biotech Co., Ltd. No. 1998,South Yanggao Road, Shanghai, P.R. China<\/em><br><em>Distribuido en Espa\u00f1a por Laboratorio Dr. Barba. Calle Puerto Linera, 14. 28935. M\u00f3stoles (Espa\u00f1a)<\/em>","_et_gb_content_width":""},"product_brand":[],"product_cat":[57],"product_tag":[154],"class_list":{"0":"post-4182","1":"product","2":"type-product","3":"status-publish","4":"has-post-thumbnail","6":"product_cat-test-rapidos","7":"product_tag-test-animales","9":"first","10":"instock","11":"taxable","12":"shipping-taxable","13":"purchasable","14":"product-type-simple"},"_links":{"self":[{"href":"https:\/\/www.laboratoriobarba.es\/index.php?rest_route=\/wp\/v2\/product\/4182","targetHints":{"allow":["GET"]}}],"collection":[{"href":"https:\/\/www.laboratoriobarba.es\/index.php?rest_route=\/wp\/v2\/product"}],"about":[{"href":"https:\/\/www.laboratoriobarba.es\/index.php?rest_route=\/wp\/v2\/types\/product"}],"replies":[{"embeddable":true,"href":"https:\/\/www.laboratoriobarba.es\/index.php?rest_route=%2Fwp%2Fv2%2Fcomments&post=4182"}],"wp:featuredmedia":[{"embeddable":true,"href":"https:\/\/www.laboratoriobarba.es\/index.php?rest_route=\/wp\/v2\/media\/4184"}],"wp:attachment":[{"href":"https:\/\/www.laboratoriobarba.es\/index.php?rest_route=%2Fwp%2Fv2%2Fmedia&parent=4182"}],"wp:term":[{"taxonomy":"product_brand","embeddable":true,"href":"https:\/\/www.laboratoriobarba.es\/index.php?rest_route=%2Fwp%2Fv2%2Fproduct_brand&post=4182"},{"taxonomy":"product_cat","embeddable":true,"href":"https:\/\/www.laboratoriobarba.es\/index.php?rest_route=%2Fwp%2Fv2%2Fproduct_cat&post=4182"},{"taxonomy":"product_tag","embeddable":true,"href":"https:\/\/www.laboratoriobarba.es\/index.php?rest_route=%2Fwp%2Fv2%2Fproduct_tag&post=4182"}],"curies":[{"name":"wp","href":"https:\/\/api.w.org\/{rel}","templated":true}]}}