{"id":4230,"date":"2024-07-30T10:21:37","date_gmt":"2024-07-30T09:21:37","guid":{"rendered":"https:\/\/www.laboratoriobarba.es\/?post_type=product&#038;p=4230"},"modified":"2025-03-26T16:43:00","modified_gmt":"2025-03-26T15:43:00","slug":"centrifuga-800d-de-20mlx-6-tubos","status":"publish","type":"product","link":"https:\/\/www.laboratoriobarba.es\/?product=centrifuga-800d-de-20mlx-6-tubos","title":{"rendered":"Centr\u00edfuga 800D de 20mlx 6 tubos"},"content":{"rendered":"<p>La centr\u00edfuga 800D es una m\u00e1quina compacta de peso ligero y bajo ruido. Su capacidad es de 20mlx 6 tubos.<\/p>\n","protected":false},"excerpt":{"rendered":"<p>La centr\u00edfuga 800D es una m\u00e1quina compacta de peso ligero y bajo ruido. Su capacidad es de 20mlx 6 tubos.<\/p>\n","protected":false},"featured_media":4232,"comment_status":"open","ping_status":"closed","template":"","meta":{"_et_pb_use_builder":"","_et_pb_old_content":"","_et_gb_content_width":""},"product_brand":[],"product_cat":[58],"product_tag":[153],"class_list":{"0":"post-4230","1":"product","2":"type-product","3":"status-publish","4":"has-post-thumbnail","6":"product_cat-maquinaria-y-aparatos","7":"product_tag-centrifugadora","9":"first","10":"instock","11":"taxable","12":"shipping-taxable","13":"purchasable","14":"product-type-simple"},"_links":{"self":[{"href":"https:\/\/www.laboratoriobarba.es\/index.php?rest_route=\/wp\/v2\/product\/4230","targetHints":{"allow":["GET"]}}],"collection":[{"href":"https:\/\/www.laboratoriobarba.es\/index.php?rest_route=\/wp\/v2\/product"}],"about":[{"href":"https:\/\/www.laboratoriobarba.es\/index.php?rest_route=\/wp\/v2\/types\/product"}],"replies":[{"embeddable":true,"href":"https:\/\/www.laboratoriobarba.es\/index.php?rest_route=%2Fwp%2Fv2%2Fcomments&post=4230"}],"wp:featuredmedia":[{"embeddable":true,"href":"https:\/\/www.laboratoriobarba.es\/index.php?rest_route=\/wp\/v2\/media\/4232"}],"wp:attachment":[{"href":"https:\/\/www.laboratoriobarba.es\/index.php?rest_route=%2Fwp%2Fv2%2Fmedia&parent=4230"}],"wp:term":[{"taxonomy":"product_brand","embeddable":true,"href":"https:\/\/www.laboratoriobarba.es\/index.php?rest_route=%2Fwp%2Fv2%2Fproduct_brand&post=4230"},{"taxonomy":"product_cat","embeddable":true,"href":"https:\/\/www.laboratoriobarba.es\/index.php?rest_route=%2Fwp%2Fv2%2Fproduct_cat&post=4230"},{"taxonomy":"product_tag","embeddable":true,"href":"https:\/\/www.laboratoriobarba.es\/index.php?rest_route=%2Fwp%2Fv2%2Fproduct_tag&post=4230"}],"curies":[{"name":"wp","href":"https:\/\/api.w.org\/{rel}","templated":true}]}}