{"id":4256,"date":"2024-07-31T11:56:39","date_gmt":"2024-07-31T10:56:39","guid":{"rendered":"https:\/\/www.laboratoriobarba.es\/?post_type=product&#038;p=4256"},"modified":"2025-03-26T16:50:04","modified_gmt":"2025-03-26T15:50:04","slug":"analizador-de-bioquimica-automatico-bw30-de-baywellbio","status":"publish","type":"product","link":"https:\/\/www.laboratoriobarba.es\/?product=analizador-de-bioquimica-automatico-bw30-de-baywellbio","title":{"rendered":"Analizador de Bioqu\u00edmica Autom\u00e1tico BW30 de BAYWELLBIO"},"content":{"rendered":"<p>Analizador totalmente autom\u00e1tico dise\u00f1ado para realizar an\u00e1lisis cl\u00ednicos precisos y r\u00e1pidos. Este equipo es capaz de evaluar una amplia gama de indicadores bioqu\u00edmicos en m\u00faltiples muestras de animales como suero, plasma, orina y l\u00edquido cefalorraqu\u00eddeo.<\/p>\n<p>Se ofrecen precios especiales para clientes y opciones de precios por cesi\u00f3n del aparato.<\/p>\n","protected":false},"excerpt":{"rendered":"<p>Analizador totalmente autom\u00e1tico dise\u00f1ado para realizar an\u00e1lisis cl\u00ednicos precisos y r\u00e1pidos. Este equipo es capaz de evaluar una amplia gama de indicadores bioqu\u00edmicos en m\u00faltiples muestras de animales.<\/p>\n","protected":false},"featured_media":4257,"comment_status":"open","ping_status":"closed","template":"","meta":{"_et_pb_use_builder":"on","_et_pb_old_content":"Analizador totalmente autom\u00e1tico dise\u00f1ado para realizar an\u00e1lisis cl\u00ednicos precisos y r\u00e1pidos. Este equipo es capaz de evaluar una amplia gama de indicadores bioqu\u00edmicos en m\u00faltiples muestras de animales como suero, plasma, orina y l\u00edquido cefalorraqu\u00eddeo.<br><br>Se ofrecen precios especiales para clientes y opciones de precios por cesi\u00f3n del aparato.","_et_gb_content_width":""},"product_brand":[],"product_cat":[58],"product_tag":[],"class_list":{"0":"post-4256","1":"product","2":"type-product","3":"status-publish","4":"has-post-thumbnail","6":"product_cat-maquinaria-y-aparatos","8":"first","9":"instock","10":"taxable","11":"shipping-taxable","12":"purchasable","13":"product-type-simple"},"_links":{"self":[{"href":"https:\/\/www.laboratoriobarba.es\/index.php?rest_route=\/wp\/v2\/product\/4256","targetHints":{"allow":["GET"]}}],"collection":[{"href":"https:\/\/www.laboratoriobarba.es\/index.php?rest_route=\/wp\/v2\/product"}],"about":[{"href":"https:\/\/www.laboratoriobarba.es\/index.php?rest_route=\/wp\/v2\/types\/product"}],"replies":[{"embeddable":true,"href":"https:\/\/www.laboratoriobarba.es\/index.php?rest_route=%2Fwp%2Fv2%2Fcomments&post=4256"}],"wp:featuredmedia":[{"embeddable":true,"href":"https:\/\/www.laboratoriobarba.es\/index.php?rest_route=\/wp\/v2\/media\/4257"}],"wp:attachment":[{"href":"https:\/\/www.laboratoriobarba.es\/index.php?rest_route=%2Fwp%2Fv2%2Fmedia&parent=4256"}],"wp:term":[{"taxonomy":"product_brand","embeddable":true,"href":"https:\/\/www.laboratoriobarba.es\/index.php?rest_route=%2Fwp%2Fv2%2Fproduct_brand&post=4256"},{"taxonomy":"product_cat","embeddable":true,"href":"https:\/\/www.laboratoriobarba.es\/index.php?rest_route=%2Fwp%2Fv2%2Fproduct_cat&post=4256"},{"taxonomy":"product_tag","embeddable":true,"href":"https:\/\/www.laboratoriobarba.es\/index.php?rest_route=%2Fwp%2Fv2%2Fproduct_tag&post=4256"}],"curies":[{"name":"wp","href":"https:\/\/api.w.org\/{rel}","templated":true}]}}