{"id":6649,"date":"2024-10-17T13:54:55","date_gmt":"2024-10-17T12:54:55","guid":{"rendered":"https:\/\/www.laboratoriobarba.es\/?post_type=product&#038;p=6649"},"modified":"2025-03-26T16:42:17","modified_gmt":"2025-03-26T15:42:17","slug":"prueba","status":"publish","type":"product","link":"https:\/\/www.laboratoriobarba.es\/?product=prueba","title":{"rendered":"Centrifugadora LC-04B"},"content":{"rendered":"<p><strong>Model No.:<\/strong> LC-04A LC-04B \/ <strong>Classification:<\/strong> Laboratory Centrifuge<br \/><strong>Place Of Origin:<\/strong> China \/ <strong>Max RCF<\/strong>: 2325xg<br \/><strong>Product Name:<\/strong> Centrifuge \/ <strong>MAX RPM:<\/strong> 4000rpm<br \/><strong>Packing Way:<\/strong> carton\/wooden case \/ <strong>Certification:<\/strong> ce<br \/><strong>Weight:<\/strong> 9kg \/ <strong>Voltage:<\/strong> 110-220V 50-60Hz<br \/><strong>Rotor Capacity:<\/strong> 20ml x12\uff08Standards\uff09<\/p>\n<p>Zenith Lab (Jiangsu) Co , produce m\u00e1s de <strong>80 mil aparatos de laboratorio y cient\u00edficos<\/strong> cada a\u00f1o, el 80 por ciento de los cuales se env\u00edan en el extranjero.<\/p>\n<p>Produce varios tipos de centrifugadoras, incubadoras, hornos secos, agitadores, osciladores, ba\u00f1os de agua, ba\u00f1os de aceite, destiladores y esterilizadores, con todo tipo de aparatos auxiliares (vidrio de cuarzo). Los productos son populares tanto en el hogar como en el extranjero. <strong>Las centrifugadoras<\/strong>, son aparatos que por volumen de ventas y producci\u00f3n se encuentra entre los mejores en la industria. Tambi\u00e9n hemos establecido una relaci\u00f3n cooperativa con los fabricantes coreanos en las incubadoras productoras. mercados internacionales.<\/p>\n<p>Los productos se utilizan ampliamente en las \u00e1reas de <strong>tratamiento m\u00e9dico, educaci\u00f3n, investigaci\u00f3n cient\u00edfica, industria qu\u00edmica, maquinaria, recursos, protecci\u00f3n del medio ambiente<\/strong>, etc., y han ganado altos elogios de los clientes en el sudeste asi\u00e1tico, Oriente Medio, \u00c1frica, Europa y Am\u00e9rica .<\/p>\n","protected":false},"excerpt":{"rendered":"<p>Centrifugadora con capacidad de rotor de:  20ml x12. Fabricada por Zenith Lab, empresa china de que produce varios tipos de centrifugadoras, incubadoras, hornos secos, agitadores, osciladores, ba\u00f1os de agua, ba\u00f1os de aceite, destiladores y esterilizadores, con todo tipo de aparatos auxiliares (vidrio de cuarzo).<\/p>\n","protected":false},"featured_media":7000,"comment_status":"open","ping_status":"closed","template":"","meta":{"_et_pb_use_builder":"on","_et_pb_old_content":"<strong>Model No.:<\/strong> LC-04A LC-04B \/ <strong>Classification:<\/strong> Laboratory Centrifuge<br><strong>Place Of Origin:<\/strong> China \/ <strong>Max RCF<\/strong>: 2325xg<br><strong>Product Name:<\/strong> Centrifuge \/ <strong>MAX RPM:<\/strong> 4000rpm<br><strong>Packing Way:<\/strong> carton\/wooden case \/ <strong>Certification:<\/strong> ce<br><strong>Weight:<\/strong> 9kg \/ <strong>Voltage:<\/strong> 110-220V 50-60Hz<br><strong>Rotor Capacity:<\/strong> 20ml x12\uff08Standards\uff09<br><br>Zenith Lab (Jiangsu) Co , produce m\u00e1s de <strong>80 mil aparatos de laboratorio y cient\u00edficos<\/strong> cada a\u00f1o, el 80 por ciento de los cuales se env\u00edan en el extranjero.<br><br>Produce varios tipos de centrifugadoras, incubadoras, hornos secos, agitadores, osciladores, ba\u00f1os de agua, ba\u00f1os de aceite, destiladores y esterilizadores, con todo tipo de aparatos auxiliares (vidrio de cuarzo). Los productos son populares tanto en el hogar como en el extranjero. <strong>Las centrifugadoras<\/strong>, son aparatos que por volumen de ventas y producci\u00f3n se encuentra entre los mejores en la industria. Tambi\u00e9n hemos establecido una relaci\u00f3n cooperativa con los fabricantes coreanos en las incubadoras productoras. mercados internacionales.<br><br>Los productos se utilizan ampliamente en las \u00e1reas de <strong>tratamiento m\u00e9dico, educaci\u00f3n, investigaci\u00f3n cient\u00edfica, industria qu\u00edmica, maquinaria, recursos, protecci\u00f3n del medio ambiente<\/strong>, etc., y han ganado altos elogios de los clientes en el sudeste asi\u00e1tico, Oriente Medio, \u00c1frica, Europa y Am\u00e9rica .","_et_gb_content_width":""},"product_brand":[],"product_cat":[58],"product_tag":[153],"class_list":{"0":"post-6649","1":"product","2":"type-product","3":"status-publish","4":"has-post-thumbnail","6":"product_cat-maquinaria-y-aparatos","7":"product_tag-centrifugadora","9":"first","10":"instock","11":"taxable","12":"shipping-taxable","13":"purchasable","14":"product-type-simple"},"_links":{"self":[{"href":"https:\/\/www.laboratoriobarba.es\/index.php?rest_route=\/wp\/v2\/product\/6649","targetHints":{"allow":["GET"]}}],"collection":[{"href":"https:\/\/www.laboratoriobarba.es\/index.php?rest_route=\/wp\/v2\/product"}],"about":[{"href":"https:\/\/www.laboratoriobarba.es\/index.php?rest_route=\/wp\/v2\/types\/product"}],"replies":[{"embeddable":true,"href":"https:\/\/www.laboratoriobarba.es\/index.php?rest_route=%2Fwp%2Fv2%2Fcomments&post=6649"}],"wp:featuredmedia":[{"embeddable":true,"href":"https:\/\/www.laboratoriobarba.es\/index.php?rest_route=\/wp\/v2\/media\/7000"}],"wp:attachment":[{"href":"https:\/\/www.laboratoriobarba.es\/index.php?rest_route=%2Fwp%2Fv2%2Fmedia&parent=6649"}],"wp:term":[{"taxonomy":"product_brand","embeddable":true,"href":"https:\/\/www.laboratoriobarba.es\/index.php?rest_route=%2Fwp%2Fv2%2Fproduct_brand&post=6649"},{"taxonomy":"product_cat","embeddable":true,"href":"https:\/\/www.laboratoriobarba.es\/index.php?rest_route=%2Fwp%2Fv2%2Fproduct_cat&post=6649"},{"taxonomy":"product_tag","embeddable":true,"href":"https:\/\/www.laboratoriobarba.es\/index.php?rest_route=%2Fwp%2Fv2%2Fproduct_tag&post=6649"}],"curies":[{"name":"wp","href":"https:\/\/api.w.org\/{rel}","templated":true}]}}