{"id":7016,"date":"2024-10-22T13:32:45","date_gmt":"2024-10-22T12:32:45","guid":{"rendered":"https:\/\/www.laboratoriobarba.es\/?post_type=product&#038;p=7016"},"modified":"2025-03-26T16:49:21","modified_gmt":"2025-03-26T15:49:21","slug":"centrifugadora-lc-4k2","status":"publish","type":"product","link":"https:\/\/www.laboratoriobarba.es\/?product=centrifugadora-lc-4k2","title":{"rendered":"Centrifugadora LC-4K2"},"content":{"rendered":"<p><strong>M\u00e1x. Velocidad:<\/strong> 4000 rpm, velocidad ajustada por pasos.<br \/><strong>Capacidad:<\/strong> 20ml*6<br \/><strong>M\u00e1x. RCF:<\/strong> 1790xg<br \/><strong>Tiempo:<\/strong> 0~60min<br \/><strong>Fuente de alimentaci\u00f3n:<\/strong> CA 110\/220 V, 50\/60 Hz.<br \/><strong>Tama\u00f1o del embalaje:<\/strong> 280<em>280<\/em>290mm<br \/><strong>Peso bruto:<\/strong> 4 kg<\/p>\n<p>BIOBASE es una nueva empresa de alta tecnolog\u00eda cuyo negocio cubre productos biom\u00e9dicos, comercio electr\u00f3nico, fabricaci\u00f3n inteligente, equipos cient\u00edficos, instrumentos y reactivos de diagn\u00f3stico in vitro (IVD).<br \/>Proporcionamos soluciones integrales, que incluyen diagn\u00f3stico m\u00e9dico, protecci\u00f3n de bioseguridad, desinfecci\u00f3n y esterilizaci\u00f3n, sistemas de purificaci\u00f3n de agua, productos para el cuidado infantil, productos de cadena de fr\u00edo, proyectos de sala limpia, productos de belleza m\u00e9dica, etc.<\/p>\n","protected":false},"excerpt":{"rendered":"<p>Centrifugadora de altas prestaciones. Se puede utilizar para an\u00e1lisis cualitativos y en laboratorios de bioqu\u00edmica. BIOBASE es una nueva empresa de alta tecnolog\u00eda cuyo negocio cubre productos biom\u00e9dicos, comercio electr\u00f3nico, fabricaci\u00f3n inteligente, equipos cient\u00edficos, instrumentos y reactivos de diagn\u00f3stico in vitro (IVD).<\/p>\n","protected":false},"featured_media":7030,"comment_status":"open","ping_status":"closed","template":"","meta":{"_et_pb_use_builder":"","_et_pb_old_content":"","_et_gb_content_width":""},"product_brand":[],"product_cat":[58],"product_tag":[153],"class_list":{"0":"post-7016","1":"product","2":"type-product","3":"status-publish","4":"has-post-thumbnail","6":"product_cat-maquinaria-y-aparatos","7":"product_tag-centrifugadora","9":"first","10":"instock","11":"taxable","12":"shipping-taxable","13":"purchasable","14":"product-type-simple"},"_links":{"self":[{"href":"https:\/\/www.laboratoriobarba.es\/index.php?rest_route=\/wp\/v2\/product\/7016","targetHints":{"allow":["GET"]}}],"collection":[{"href":"https:\/\/www.laboratoriobarba.es\/index.php?rest_route=\/wp\/v2\/product"}],"about":[{"href":"https:\/\/www.laboratoriobarba.es\/index.php?rest_route=\/wp\/v2\/types\/product"}],"replies":[{"embeddable":true,"href":"https:\/\/www.laboratoriobarba.es\/index.php?rest_route=%2Fwp%2Fv2%2Fcomments&post=7016"}],"wp:featuredmedia":[{"embeddable":true,"href":"https:\/\/www.laboratoriobarba.es\/index.php?rest_route=\/wp\/v2\/media\/7030"}],"wp:attachment":[{"href":"https:\/\/www.laboratoriobarba.es\/index.php?rest_route=%2Fwp%2Fv2%2Fmedia&parent=7016"}],"wp:term":[{"taxonomy":"product_brand","embeddable":true,"href":"https:\/\/www.laboratoriobarba.es\/index.php?rest_route=%2Fwp%2Fv2%2Fproduct_brand&post=7016"},{"taxonomy":"product_cat","embeddable":true,"href":"https:\/\/www.laboratoriobarba.es\/index.php?rest_route=%2Fwp%2Fv2%2Fproduct_cat&post=7016"},{"taxonomy":"product_tag","embeddable":true,"href":"https:\/\/www.laboratoriobarba.es\/index.php?rest_route=%2Fwp%2Fv2%2Fproduct_tag&post=7016"}],"curies":[{"name":"wp","href":"https:\/\/api.w.org\/{rel}","templated":true}]}}