{"id":7288,"date":"2024-10-30T09:00:42","date_gmt":"2024-10-30T08:00:42","guid":{"rendered":"https:\/\/www.laboratoriobarba.es\/?post_type=product&#038;p=7288"},"modified":"2025-03-26T16:46:42","modified_gmt":"2025-03-26T15:46:42","slug":"test-rapido-de-2-o-5-unidades-fiv-abfelv","status":"publish","type":"product","link":"https:\/\/www.laboratoriobarba.es\/?product=test-rapido-de-2-o-5-unidades-fiv-abfelv","title":{"rendered":"Test r\u00e1pido de 2 o 5 unidades FIV Ab+FeLV"},"content":{"rendered":"<p><strong>PRINCIPIO DEL TEST<\/strong><\/p>\n<p>El dispositivo FeLV+FIV (test r\u00e1pido) es un inmunoensayo cromatogr\u00e1fico de flujo lateral. El dispositivo de prueba posee dos ventanas diferentes, cada una de las cuales contiene una zona invisible de test y de control. Cuando la muestra se aplica en el agujero de muestra el l\u00edquido fluye a trav\u00e9s de la almohadilla. Si existe suficiente cantidad de anticuerpo de FIV o ant\u00edgeno de FeLV, aparece una l\u00ednea en la zona T de la almohadilla. La l\u00ednea en la zona C siempre debe aparecer para que el test sea v\u00e1lido. Este dispositivo indica de forma precisa la presencia de ant\u00edgeno de FeLV o anticuerpos contra FIV.<\/p>\n<p><strong>CONTENIDO<\/strong><\/p>\n<p>Dispositivos individuales para el test.<br \/>Pipetas desechables para a\u00f1adir la muestra.<br \/>Tamp\u00f3n.<br \/>Prospecto.<\/p>\n<p><a href=\"https:\/\/www.laboratoriobarba.es\/wp-content\/uploads\/2024\/11\/Test_Rapido_FIV-AbFeLV.pdf\" target=\"_blank\" rel=\"noreferrer noopener\">Leer m\u00e1s<\/a><\/p>\n","protected":false},"excerpt":{"rendered":"<p>Este test r\u00e1pido est\u00e1 dise\u00f1ado para diagnosticar la presencia de ant\u00edgeno del virus de la leucemia felina (FeLV) y de anticuerpos contra el virus de la inmunodeficiencia felina en sangre, suero o plasma de gato.<br \/><strong>Tiempo para la ejecuci\u00f3n del test:\u00a0<\/strong>10 \u2013 15 minutos.<br \/><strong>Tipo de muestra requerido:\u00a0<\/strong>suero, plasma o sangre entera.<\/p>\n","protected":false},"featured_media":7295,"comment_status":"open","ping_status":"closed","template":"","meta":{"_et_pb_use_builder":"","_et_pb_old_content":"","_et_gb_content_width":""},"product_brand":[],"product_cat":[57],"product_tag":[154],"class_list":{"0":"post-7288","1":"product","2":"type-product","3":"status-publish","4":"has-post-thumbnail","6":"product_cat-test-rapidos","7":"product_tag-test-animales","9":"first","10":"instock","11":"taxable","12":"shipping-taxable","13":"purchasable","14":"product-type-variable","15":"has-default-attributes"},"_links":{"self":[{"href":"https:\/\/www.laboratoriobarba.es\/index.php?rest_route=\/wp\/v2\/product\/7288","targetHints":{"allow":["GET"]}}],"collection":[{"href":"https:\/\/www.laboratoriobarba.es\/index.php?rest_route=\/wp\/v2\/product"}],"about":[{"href":"https:\/\/www.laboratoriobarba.es\/index.php?rest_route=\/wp\/v2\/types\/product"}],"replies":[{"embeddable":true,"href":"https:\/\/www.laboratoriobarba.es\/index.php?rest_route=%2Fwp%2Fv2%2Fcomments&post=7288"}],"wp:featuredmedia":[{"embeddable":true,"href":"https:\/\/www.laboratoriobarba.es\/index.php?rest_route=\/wp\/v2\/media\/7295"}],"wp:attachment":[{"href":"https:\/\/www.laboratoriobarba.es\/index.php?rest_route=%2Fwp%2Fv2%2Fmedia&parent=7288"}],"wp:term":[{"taxonomy":"product_brand","embeddable":true,"href":"https:\/\/www.laboratoriobarba.es\/index.php?rest_route=%2Fwp%2Fv2%2Fproduct_brand&post=7288"},{"taxonomy":"product_cat","embeddable":true,"href":"https:\/\/www.laboratoriobarba.es\/index.php?rest_route=%2Fwp%2Fv2%2Fproduct_cat&post=7288"},{"taxonomy":"product_tag","embeddable":true,"href":"https:\/\/www.laboratoriobarba.es\/index.php?rest_route=%2Fwp%2Fv2%2Fproduct_tag&post=7288"}],"curies":[{"name":"wp","href":"https:\/\/api.w.org\/{rel}","templated":true}]}}