{"id":8549,"date":"2024-11-28T12:18:49","date_gmt":"2024-11-28T11:18:49","guid":{"rendered":"https:\/\/www.laboratoriobarba.es\/?post_type=product&#038;p=8549"},"modified":"2026-04-01T11:23:51","modified_gmt":"2026-04-01T10:23:51","slug":"panel-de-18-its","status":"publish","type":"product","link":"https:\/\/www.laboratoriobarba.es\/?product=panel-de-18-its","title":{"rendered":"Panel de 19 ITS"},"content":{"rendered":"<p>Este panel se puede realizar con total confidencialidad si as\u00ed lo desea,\u00a0envi\u00e1ndole a su casa el kit\u00a0para la toma de muestra por su parte en su domicilio.<br \/>Test realizado por\u00a0PCR ultrasensible\u00a0en nuestro laboratorio de M\u00f3stoles (Madrid).<br \/>Resultados en tres d\u00edas\u00a0desde la recepci\u00f3n de la muestra.<br \/>Incluye las siguientes pruebas: HIV-1, HIV 2, Hepatitis B, Hepatitis C, Herpes Simple tipo 1, Herpes Simple tipo 2, S\u00edfilis, Gonorrea, Trichomonas, Clamidia, Mycoplasma genitalum, Mycoplasma hominis, Ureaplasma urelyticum, Ureaplasma parvum, Gardnerella vaginalis, Streptococcus agalactiae, Haemophilus ducreyi, Candida,\u00a0Papilomavirus (con tipificaci\u00f3n de las cepas).<\/p>\n<p>&#8211; <a href=\"https:\/\/www.laboratoriobarba.es\/wp-content\/uploads\/2024\/11\/01.TASSO-VIDEO-ESP-CON-SUBTITULOS-ESP.mp4\" target=\"_blank\" rel=\"noreferrer noopener\">V\u00eddeo explicativ<\/a><a href=\"https:\/\/www.laboratoriobarba.es\/wp-content\/uploads\/2024\/11\/01.TASSO-VIDEO-ESP-CON-SUBTITULOS-ESP.mp4\">o<\/a><br \/>&#8211; <a href=\"https:\/\/www.laboratoriobarba.es\/wp-content\/uploads\/2024\/11\/Instrucciones_Tasso.pdf\" target=\"_blank\" rel=\"noreferrer noopener\">Pdf Instrucciones<\/a><br \/><a href=\"https:\/\/www.laboratoriobarba.es\/?page_id=8469\">&#8211; P\u00e1gina web<\/a><\/p>\n","protected":false},"excerpt":{"rendered":"<p>Test realizado por\u00a0<strong>PCR ultrasensible<\/strong>\u00a0en nuestro laboratorio de M\u00f3stoles (Madrid).<br \/>Recibir\u00e1 el kit para la toma de muestra por su parte en la direcci\u00f3n que nos indique en un plazo m\u00e1ximo de dos d\u00edas laborables.<br \/><strong>Resultados en tres d\u00edas<\/strong>\u00a0laborables desde la recepci\u00f3n de la muestra en el laboratorio.<\/p>\n","protected":false},"featured_media":8460,"comment_status":"open","ping_status":"closed","template":"","meta":{"_et_pb_use_builder":"","_et_pb_old_content":"","_et_gb_content_width":""},"product_brand":[],"product_cat":[57],"product_tag":[],"class_list":{"0":"post-8549","1":"product","2":"type-product","3":"status-publish","4":"has-post-thumbnail","6":"product_cat-test-rapidos","8":"first","9":"instock","10":"taxable","11":"shipping-taxable","12":"purchasable","13":"product-type-simple"},"_links":{"self":[{"href":"https:\/\/www.laboratoriobarba.es\/index.php?rest_route=\/wp\/v2\/product\/8549","targetHints":{"allow":["GET"]}}],"collection":[{"href":"https:\/\/www.laboratoriobarba.es\/index.php?rest_route=\/wp\/v2\/product"}],"about":[{"href":"https:\/\/www.laboratoriobarba.es\/index.php?rest_route=\/wp\/v2\/types\/product"}],"replies":[{"embeddable":true,"href":"https:\/\/www.laboratoriobarba.es\/index.php?rest_route=%2Fwp%2Fv2%2Fcomments&post=8549"}],"wp:featuredmedia":[{"embeddable":true,"href":"https:\/\/www.laboratoriobarba.es\/index.php?rest_route=\/wp\/v2\/media\/8460"}],"wp:attachment":[{"href":"https:\/\/www.laboratoriobarba.es\/index.php?rest_route=%2Fwp%2Fv2%2Fmedia&parent=8549"}],"wp:term":[{"taxonomy":"product_brand","embeddable":true,"href":"https:\/\/www.laboratoriobarba.es\/index.php?rest_route=%2Fwp%2Fv2%2Fproduct_brand&post=8549"},{"taxonomy":"product_cat","embeddable":true,"href":"https:\/\/www.laboratoriobarba.es\/index.php?rest_route=%2Fwp%2Fv2%2Fproduct_cat&post=8549"},{"taxonomy":"product_tag","embeddable":true,"href":"https:\/\/www.laboratoriobarba.es\/index.php?rest_route=%2Fwp%2Fv2%2Fproduct_tag&post=8549"}],"curies":[{"name":"wp","href":"https:\/\/api.w.org\/{rel}","templated":true}]}}